{"id":4431,"date":"2024-10-25T08:17:23","date_gmt":"2024-10-25T08:17:23","guid":{"rendered":"https:\/\/www.kizeo-forms.com\/de\/?page_id=4431"},"modified":"2025-07-01T11:58:37","modified_gmt":"2025-07-01T11:58:37","slug":"datenschutz","status":"publish","type":"page","link":"https:\/\/www.kizeo-forms.com\/de\/datenschutz\/","title":{"rendered":"Datenschutzrichtlinie"},"content":{"rendered":"  <link rel=\"preload\" fetchpriority=\"high\" as=\"image\" href=\"https:\/\/www.kizeo-forms.com\/app\/uploads\/sites\/14\/2024\/10\/erwaehnt-legal-1920x860-1.webp\" type=\"image\/webp\">\n<div class=\"banner-cms banner-image\">\n            <div class=\"image\">\n            <picture><img decoding=\"async\" data-no-lazy=\"1\" class=\"img\" src=\"https:\/\/www.kizeo-forms.com\/app\/uploads\/sites\/14\/2024\/10\/erwaehnt-legal-1920x860-1.webp\" alt=\"\"><\/picture>\n        <\/div>\n            <div class=\"wrapper\">\n        <div class=\"banner-image__content\">\n                            <h1 class=\"title-large text-anim\">\n                    <span class=\"text-anim__elem\">Datenschutzrichtlinie<\/span>\n                <\/h1>\n                                <\/div>\n    <\/div>\n<\/div>\n\n\n\n<div class=\"wrap-editor\">\n    <div class=\"wrapper\">\n                            <div class=\"editor\">\n                <div class=\"vc_row wpb_row vc_row-fluid \">\n<div class=\"wpb_column vc_column_container vc_col-sm-12\">\n<div class=\"vc_column-inner\">\n<div class=\"wpb_wrapper\">\n<div class=\"wpb_text_column wpb_content_element \">\n<div class=\"wpb_wrapper\">\n<p>Die vorliegende Datenschutzrichtlinie regelt die Bedingungen f\u00fcr die Erhebung und Verarbeitung personenbezogener Daten, die \u00fcber die Website des Unternehmens Kizeo erhoben werden, die unter der Adresse www.kizeoforms.com abrufbar ist. Alle auf dieser Website gesammelten personenbezogenen Daten stellen vertrauliche Daten dar, die nur gem\u00e4\u00df den nachstehend dargelegten Modalit\u00e4ten weitergegeben oder genutzt werden d\u00fcrfen.<\/p>\n<p>Wir empfehlen Ihnen, diese Richtlinie sorgf\u00e4ltig zu lesen. Bei unserer Verarbeitung halten wir die datenschutzrechtlichen Anforderungen unter den in der Allgemeinen Datenschutzverordnung (EU) 2016\/679 des Europ\u00e4ischen Parlaments festgelegten Bedingungen ein. Sie beschr\u00e4nken sich auf die Bearbeitung der Anfrage des Nutzers. Dies bedeutet unter anderem, dass :<\/p>\n<ul>\n<li>Wir geben klar an, zu welchen Zwecken wir personenbezogene Daten verarbeiten.<\/li>\n<li>Wir tun dies mithilfe dieser Datenschutzerkl\u00e4rung;<\/li>\n<li>Wir sind bestrebt, unsere Erhebung personenbezogener Daten auf diejenigen personenbezogenen Daten zu beschr\u00e4nken, die f\u00fcr legitime Zwecke erforderlich sind;<\/li>\n<li>Wir holen zun\u00e4chst Ihre ausdr\u00fcckliche Zustimmung zur Verarbeitung Ihrer personenbezogenen Daten in F\u00e4llen ein, in denen Ihre Zustimmung erforderlich ist;<\/li>\n<li>Wir ergreifen angemessene Sicherheitsma\u00dfnahmen, um Ihre personenbezogenen Daten zu sch\u00fctzen, und wir verlangen dies auch von den Parteien, die personenbezogene Daten f\u00fcr uns verarbeiten;<\/li>\n<li>Wir respektieren Ihr Recht, Ihre personenbezogenen Daten einzusehen, zu korrigieren oder zu l\u00f6schen, wenn Sie dies verlangen.<\/li>\n<\/ul>\n<p>Diese Website sch\u00fctzt pers\u00f6nliche Daten in \u00dcbereinstimmung mit der besagten Verordnung der CNIL. Wenn Sie Fragen haben oder genau wissen m\u00f6chten, welche Daten wir speichern, kontaktieren Sie uns bitte.<\/p>\n<\/div>\n<\/div>\n<div class=\"vc_empty_space\">\n<h2>1. Kontaktdaten<\/h2>\n<p><strong>Verantwortlich f\u00fcr die Verarbeitung der Daten<\/strong><br \/>\nDas Unternehmen Kizeo, SAS mit einem Kapital von 80.000 \u20ac, eingetragen im Handelsregister von Avignon unter der Nummer 537 845 836, ist verantwortlich f\u00fcr die Verarbeitung der auf der Website www.kizeo-forms.com erhobenen personenbezogenen Daten.<\/p>\n<p><strong>Sitz der Gesellschaft<\/strong><br \/>\nSAS Kizeo<br \/>\nHamadryade B\u00e2t 2, 2. Etage<br \/>\n55 All\u00e9e Camille Claudel<br \/>\nBP 61252<br \/>\n84911 Avignon Cedex 09<br \/>\nTelefon: 04 90 23 67 65<br \/>\nE-Mail: contact@kizeo.com<\/p>\n<p><strong>Beauftragter f\u00fcr den Datenschutz (DPO)<\/strong><br \/>\nWenn Sie Fragen zum Schutz Ihrer personenbezogenen Daten haben, k\u00f6nnen Sie sich unter folgender Adresse an unseren DPO wenden: dpo@kizeo.com.<\/p>\n<p>&nbsp;<\/p>\n<\/div>\n<div class=\"wpb_text_column wpb_content_element \">\n<div class=\"wpb_wrapper\">\n<h2>2. Zweck, Daten und Aufbewahrungsdauer<\/h2>\n<p>Wir k\u00f6nnen personenbezogene Daten aus einer Reihe von Gr\u00fcnden im Zusammenhang mit unseren Gesch\u00e4ftsaktivit\u00e4ten sammeln oder erhalten.<\/p>\n<p>Die erhobenen Daten sind ausschlie\u00dflich f\u00fcr Kizeo bestimmt. Sie werden im Rahmen der Gesch\u00e4ftsbeziehung und Ihrer Begleitung durch unsere Dienstleistungen verwendet.<\/p>\n<p>Zur Aus\u00fcbung Ihrer Rechte in Bezug auf Ihre Daten wenden Sie sich bitte an dpo@kizeo.com.<\/p>\n<p>&nbsp;<\/p>\n<p><strong>Arten von Zwecken :<\/strong><\/p>\n<p><strong>1.1 Kontakt &#8211; Per Telefon, Post, E-Mail und\/oder Webformulare<\/strong><\/p>\n<p>Zu diesem Zweck verwenden wir die folgenden Daten:<\/p>\n<ul>\n<li>Einen Vor- und Nachnamen<\/li>\n<li>Eine E-Mail-Adresse<\/li>\n<li>Eine Telefonnummer<\/li>\n<li>Geolokalisierungsdaten<\/li>\n<\/ul>\n<\/div>\n<div class=\"wpb_wrapper\">\n<p><strong>1.2 Registrierung eines Kontos<\/strong><\/p>\n<p>Zu diesem Zweck verwenden wir die folgenden Daten:<\/p>\n<ul>\n<li>Einen Vor- und Nachnamen<\/li>\n<li>Eine E-Mail-Adresse<\/li>\n<li>Eine Telefonnummer<\/li>\n<\/ul>\n<\/div>\n<div class=\"wpb_wrapper\">\n<p><strong>1.3 Um die von Ihnen erworbenen Dienstleistungen oder Produkte zu unterst\u00fctzen<\/strong><\/p>\n<p>Zu diesem Zweck verwenden wir die folgenden Daten:<\/p>\n<ul>\n<li>Einen Vor- und Nachnamen<\/li>\n<li>Eine E-Mail-Adresse<\/li>\n<li>Eine Telefonnummer<\/li>\n<\/ul>\n<\/div>\n<div class=\"wpb_wrapper\">\n<p><strong>1.4 Zusammenstellen und Analysieren von Statistiken zur Verbesserung der Website<\/strong><\/p>\n<p>Zu diesem Zweck verwenden wir die folgenden Daten:<\/p>\n<ul>\n<li>Informationen \u00fcber Internetaktivit\u00e4ten, einschlie\u00dflich, aber nicht beschr\u00e4nkt auf den Browserverlauf, den Suchverlauf und Informationen \u00fcber die Interaktion eines Verbrauchers mit einer Website, einer Anwendung oder einer Internetwerbung.<\/li>\n<li>Geolokalisierungsdaten<\/li>\n<\/ul>\n<\/div>\n<div class=\"wpb_wrapper\">\n<p><strong>1.5 Um personalisierte Produkte und Dienstleistungen anbieten zu k\u00f6nnen<\/strong><\/p>\n<p>Zu diesem Zweck verwenden wir die folgenden Daten:<\/p>\n<ul>\n<li>Einen Vor- und Nachnamen<\/li>\n<li>Eine E-Mail-Adresse<\/li>\n<li>Eine Telefonnummer<\/li>\n<li>Informationen \u00fcber Internetaktivit\u00e4ten, einschlie\u00dflich, aber nicht beschr\u00e4nkt auf den Browserverlauf, den Suchverlauf und Informationen \u00fcber die Interaktion eines Verbrauchers mit einer Website, einer Anwendung oder einer Internetwerbung.<\/li>\n<li>Geolokalisierungsdaten<\/li>\n<\/ul>\n<\/div>\n<div class=\"wpb_wrapper\">Die Aufbewahrung der Daten erfolgt in \u00dcbereinstimmung mit den geltenden europ\u00e4ischen Rechtsvorschriften.<\/div>\n<\/div>\n<div class=\"vc_empty_space\"><\/div>\n<div class=\"wpb_text_column wpb_content_element \">\n<h2 class=\"wpb_wrapper\">3. Cookie-Richtlinie<\/h2>\n<div class=\"wpb_wrapper\">\n<p>Unsere Website, https:\/\/www.kizeo-forms.com\/de\/ (im Folgenden: \u201edie Website\u201c), verwendet Cookies und andere verwandte Technologien (der Einfachheit halber werden alle diese Technologien als \u201eCookies\u201c bezeichnet), um :<\/p>\n<ul>\n<li>Ihre Navigation zu analysieren, um sie intuitiver und fl\u00fcssiger zu gestalten,<\/li>\n<li>die Inhalte auf unserer Website so anzupassen, dass sie m\u00f6glichst relevant sind und Ihren Erwartungen entsprechen.<\/li>\n<\/ul>\n<p>Cookies werden auch von Dritten platziert, die wir beauftragt haben. Im folgenden Dokument informieren wir Sie \u00fcber die Verwendung von Cookies auf unserer Website. Weitere Informationen finden Sie auf der Website der CNIL.<\/p>\n<p><strong>Was ist ein Cookie?<br \/>\n<\/strong>Ein Cookie ist eine kleine, einfache Datei, die mit den Seiten dieser Website gesendet und von Ihrem Browser auf der Festplatte Ihres Computers oder eines anderen Ger\u00e4ts gespeichert wird. Die darin gespeicherten Informationen k\u00f6nnen bei einem sp\u00e4teren Besuch an unsere Server oder die Server der betreffenden Dritten zur\u00fcckgesandt werden.<\/p>\n<p><strong>Was ist ein Skript?<br \/>\n<\/strong>Ein Skript ist ein St\u00fcck Code, das verwendet wird, damit unsere Website korrekt und interaktiv funktioniert. Dieser Code wird auf unserem Server oder auf Ihrem Ger\u00e4t ausgef\u00fchrt.<\/p>\n<p><strong>Was ist ein unsichtbarer Tag?<br \/>\n<\/strong>Ein unsichtbares Tag (oder Web-Beacon) ist ein kleines, unsichtbares St\u00fcck Text oder Bild auf einer Website, das dazu dient, den Datenverkehr auf einer Website zu verfolgen. Zu diesem Zweck werden verschiedene Daten \u00fcber Sie mithilfe von unsichtbaren Tags gespeichert.<\/p>\n<\/div>\n<\/div>\n<\/div>\n<\/div>\n<div class=\"vc_empty_space\"><\/div>\n<div class=\"vc_column-inner\">\n<div class=\"wpb_wrapper\">\n<div class=\"wpb_text_column wpb_content_element \">\n<div class=\"wpb_wrapper\">\n<h2>4. Cookies<\/h2>\n<p><strong>Technische oder funktionelle Cookies<\/strong><\/p>\n<p>Einige Cookies sorgen daf\u00fcr, dass bestimmte Teile der Website korrekt funktionieren und Ihre Pr\u00e4ferenzen als Nutzer ber\u00fccksichtigt werden. Durch das Setzen von funktionalen Cookies erleichtern wir Ihnen den Besuch unserer Website. So m\u00fcssen Sie beim Besuch unserer Website nicht mehrfach dieselben Informationen eingeben und z. B. bleiben die Gegenst\u00e4nde in Ihrem Warenkorb, bis Sie bezahlt haben. Wir k\u00f6nnen diese Cookies ohne Ihre Zustimmung setzen.<\/p>\n<p><strong>Statistische Cookies<\/strong><\/p>\n<p>Wir verwenden statistische Cookies, um die Nutzererfahrung auf unserer Website zu optimieren. Mit diesen statistischen Cookies erhalten wir Informationen \u00fcber die Nutzung unserer Website. Wir bitten Sie um Ihre Erlaubnis, statistische Cookies zu setzen.<\/p>\n<p><strong>Cookies f\u00fcr Marketing und Tracking<\/strong><\/p>\n<p>Marketing-\/Tracking-Cookies sind Cookies oder andere Formen der lokalen Speicherung, die verwendet werden, um Nutzerprofile zu erstellen, um Werbung anzuzeigen oder den Nutzer auf dieser Website oder auf mehreren Websites zu \u00e4hnlichen Marketingzwecken zu verfolgen.<\/p>\n<p>&nbsp;<\/p>\n<\/div>\n<\/div>\n<div class=\"wpb_text_column wpb_content_element \">\n<div class=\"wpb_wrapper\">\n<h2>5. Zustimmung<\/h2>\n<p>Wenn Sie unsere Website zum ersten Mal besuchen, zeigen wir Ihnen ein Popup-Fenster mit einer Erkl\u00e4rung zu Cookies. Sobald Sie auf \u201eEinstellungen speichern\u201c klicken, erlauben Sie uns, die von Ihnen im Popup-Fenster ausgew\u00e4hlten Kategorien von Cookies und Erweiterungen zu verwenden, wie in dieser Cookie-Richtlinie beschrieben. Sie k\u00f6nnen die Verwendung von Cookies \u00fcber Ihren Browser deaktivieren. Bitte beachten Sie jedoch, dass unsere Website dann m\u00f6glicherweise nicht mehr richtig funktioniert.<\/p>\n<p>&nbsp;<\/p>\n<p><strong>Verwalten Sie Ihre Einstellungen zur Zustimmung<\/strong><\/p>\n<ul>\n<li><strong>Der Newsletter<\/strong><\/li>\n<\/ul>\n<p><strong>Wie werden Ihre pers\u00f6nlichen Daten verwendet, wenn Sie sich f\u00fcr unseren Newsletter-Service anmelden?<\/strong><\/p>\n<p>Wenn Sie eines unserer Newsletter-Anmeldeformulare auf unserer Website www.kizeo-forms.com ausf\u00fcllen, geben Sie Ihre Zustimmung, um :<\/p>\n<ul>\n<li>unsere Newsletter an die angegebene E-Mail-Adresse zu erhalten, da diese f\u00fcr den Betrieb dieses Dienstes erforderlich ist,<\/li>\n<li>Kizeo zu erlauben, die gesammelten Daten (Name, Vorname) ausschlie\u00dflich zum Zweck der Personalisierung des Inhalts unserer Newsletter zu sammeln, zu speichern und zu verwenden.<\/li>\n<\/ul>\n<p>Die Teilnahme am Newsletter-Service ist freiwillig und h\u00e4ngt von der Zustimmung zu den beiden oben genannten Punkten ab.<\/p>\n<p>Kizeo verpflichtet sich, die mit diesem Anmeldeformular erhobenen Daten nicht weiterzugeben, zu verkaufen oder an Dritte abzutreten. Diese Daten werden so lange gespeichert, bis Sie sich von unserem Newsletter abmelden.<\/p>\n<ul>\n<li><strong>Wie kann man sich von unserem Newsletter abmelden?<\/strong><\/li>\n<\/ul>\n<p>Um sich von diesem Service abzumelden, klicken Sie einfach auf den Link \u201eAbmelden\u201c am Ende jedes Newsletters und best\u00e4tigen Sie Ihre Wahl auf der daraufhin angezeigten Seite.<\/p>\n<\/div>\n<\/div>\n<\/div>\n<\/div>\n<div class=\"vc_empty_space\"><\/div>\n<div class=\"vc_column-inner\">\n<div class=\"wpb_wrapper\">\n<div class=\"wpb_text_column wpb_content_element \">\n<div class=\"wpb_wrapper\">\n<h2>6. Aktivieren \/ Deaktivieren von Cookies<\/h2>\n<p>Sie k\u00f6nnen Ihren Internetbrowser verwenden, um Cookies automatisch oder manuell zu l\u00f6schen. Sie k\u00f6nnen auch festlegen, dass bestimmte Cookies nicht platziert werden d\u00fcrfen. Eine weitere M\u00f6glichkeit besteht darin, die Einstellungen Ihres Internetbrowsers so zu \u00e4ndern, dass Sie jedes Mal eine Nachricht erhalten, wenn ein Cookie gesetzt wird.<\/p>\n<p>Bitte beachten Sie, dass wir durch die Deaktivierung der Verwendung von Cookies in Ihrem Browser keine optimierte Nutzererfahrung garantieren k\u00f6nnen.<\/p>\n<p>Wenn Sie die Cookies in Ihrem Browser l\u00f6schen, werden sie nach Ihrer Zustimmung wieder gesetzt, wenn Sie unsere Webseiten erneut besuchen.<\/p>\n<\/div>\n<\/div>\n<div class=\"vc_empty_space\"><\/div>\n<div class=\"wpb_text_column wpb_content_element \">\n<div class=\"wpb_wrapper\">\n<h2>7. Praxis der Offenlegung<\/h2>\n<p>Wir legen personenbezogene Daten offen, wenn wir gesetzlich oder per Gerichtsbeschluss dazu verpflichtet sind, als Reaktion auf eine Strafverfolgungsbeh\u00f6rde, im Rahmen des nach anderen gesetzlichen Bestimmungen Zul\u00e4ssigen, zur Bereitstellung von Informationen oder f\u00fcr eine Untersuchung einer Angelegenheit im Zusammenhang mit der \u00f6ffentlichen Sicherheit.<\/p>\n<p>Wenn unsere Website oder unsere Organisation \u00fcbernommen, verkauft oder an einer Fusion oder \u00dcbernahme beteiligt wird, k\u00f6nnen Ihre Daten gegen\u00fcber unseren Beratern und jedem potenziellen K\u00e4ufer offengelegt werden und werden an die neuen Eigent\u00fcmer weitergeleitet.<\/p>\n<\/div>\n<\/div>\n<div class=\"vc_empty_space\"><\/div>\n<div class=\"wpb_text_column wpb_content_element \">\n<div class=\"wpb_wrapper\">\n<h2>8. Sicherheitscharta<\/h2>\n<p>Die Website www.kizeo-forms.com wird bei GCP gehostet.<\/p>\n<p>Wir verpflichten uns zur Sicherheit personenbezogener Daten. Wir ergreifen geeignete Sicherheitsma\u00dfnahmen, um den Missbrauch und den unbefugten Zugriff auf personenbezogene Daten einzuschr\u00e4nken. Dadurch wird sichergestellt, dass nur die erforderlichen Personen Zugriff auf Ihre Daten haben, dass der Zugriff auf die Daten gesch\u00fctzt ist und dass unsere Sicherheitsma\u00dfnahmen regelm\u00e4\u00dfig \u00fcberpr\u00fcft werden.<\/p>\n<p>Kunden des Kizeo Forms Service nutzen die Website www.kizeoforms.com, um Daten und Informationen zu hosten. Der Service ist \u00fcber eine Fernverbindung mithilfe eines selbst gew\u00e4hlten Benutzernamens, eines selbst gew\u00e4hlten Passworts und eines von Kizeo genehmigten Unternehmenscodes zug\u00e4nglich. Eine Eindeutigkeitspr\u00fcfung wird vom System durchgef\u00fchrt. Aus Sicherheits- und Vertraulichkeitsgr\u00fcnden erm\u00f6glicht nur die Kombination dieser drei Codes dem Kunden den Zugriff auf die Softwareanwendung.<\/p>\n<p>Unsere Kommunikationsprotokolle sind sicher, alle Kommunikationen erfolgen \u00fcber HTTPS (das kleine Vorh\u00e4ngeschloss), das Ihnen eine sichere Abfrage Ihrer Daten erm\u00f6glicht. Es erm\u00f6glicht Ihnen auch, Ihre Zahlungen per Kreditkarte auf sichere Weise durchzuf\u00fchren.<\/p>\n<p>Im Rahmen unseres BCP (Business Continuity Plan) werden die Daten an drei verschiedenen geografischen Standorten gehostet. Kizeo bietet somit im Bereich des Hostings eine zuverl\u00e4ssige technische Umgebung, eine hohe Verf\u00fcgbarkeit und eine optimale Sicherheit dank der Architektur der sicherheitszertifizierten Datenzentren sowie die Einhaltung der technologischen L\u00f6sungen. Unsere Server verf\u00fcgen \u00fcber eine redundante Architektur. So \u00fcbernimmt im Falle einer Fehlfunktion an einem Standort der andere sofort die Arbeit. Dar\u00fcber hinaus f\u00fchren wir zus\u00e4tzliche Datensicherungen durch.<\/p>\n<p>Die von uns verwendeten Sicherheitsma\u00dfnahmen bestehen aus :<\/p>\n<ul>\n<li>TLS 1.2 bei der \u00dcbertragung und AES-256 im Ruhezustand.<\/li>\n<li>Physische Sicherheitsma\u00dfnahmen f\u00fcr Systeme, die personenbezogene Daten enthalten.<\/li>\n<li>HTTP Strict Transport Security<\/li>\n<li>Content Security Policy<\/li>\n<\/ul>\n<\/div>\n<\/div>\n<div class=\"vc_empty_space\"><\/div>\n<div class=\"wpb_text_column wpb_content_element \">\n<div class=\"wpb_wrapper\">\n<h2>9. Webseiten von Drittanbietern<\/h2>\n<p>Diese Datenschutzerkl\u00e4rung gilt nicht f\u00fcr Websites von Drittparteien, die \u00fcber Links mit unserer Website verbunden sind. Wir k\u00f6nnen nicht garantieren, dass diese Drittparteien Ihre personenbezogenen Daten auf zuverl\u00e4ssige oder sichere Weise verwalten. Wir empfehlen Ihnen, die Datenschutzerkl\u00e4rungen dieser Websites zu lesen, bevor Sie sie nutzen.<\/p>\n<\/div>\n<\/div>\n<div class=\"vc_empty_space\"><\/div>\n<div class=\"wpb_text_column wpb_content_element \">\n<div class=\"wpb_wrapper\">\n<h2>10. Ihre Rechte in Bezug auf personenbezogene Daten<\/h2>\n<p>Sie haben die folgenden Rechte in Bezug auf Ihre personenbezogenen Daten:<\/p>\n<ul>\n<li>Sie haben das Recht zu erfahren, warum Ihre personenbezogenen Daten ben\u00f6tigt werden, was mit ihnen geschieht und wie lange sie aufbewahrt werden.<\/li>\n<li>Recht auf Zugang: Sie haben das Recht, auf die personenbezogenen Daten zuzugreifen, die wir gesammelt haben und die nicht archiviert oder gel\u00f6scht wurden.<\/li>\n<li>Recht auf Berichtigung: Sie haben jederzeit das Recht, Ihre personenbezogenen Daten zu erg\u00e4nzen, zu berichtigen, l\u00f6schen zu lassen oder zu sperren.<\/li>\n<li>Wenn Sie uns Ihre Einwilligung zur Verarbeitung Ihrer Daten gegeben haben, haben Sie das Recht, diese Einwilligung zu widerrufen und Ihre personenbezogenen Daten l\u00f6schen zu lassen.<\/li>\n<li>Recht auf \u00dcbertragung Ihrer Daten: Sie haben das Recht, alle Ihre personenbezogenen Daten von dem f\u00fcr die Verarbeitung Verantwortlichen anzufordern und sie als Ganzes an einen anderen f\u00fcr die Verarbeitung Verantwortlichen zu \u00fcbertragen.<\/li>\n<li>Recht auf Widerspruch: Sie k\u00f6nnen gegen die Verarbeitung Ihrer Daten Widerspruch einlegen. Wir werden dem nachkommen, es sei denn, es gibt bestimmte Gr\u00fcnde, die die Verarbeitung rechtfertigen.<\/li>\n<\/ul>\n<p>Wenn Sie Fragen haben, wissen m\u00f6chten, welche pers\u00f6nlichen Daten wir \u00fcber Sie haben, oder diese Rechte aus\u00fcben m\u00f6chten, wenden Sie sich bitte an uns. Achten Sie darauf, dass Sie immer klar angeben, wer Sie sind, damit wir sicher sein k\u00f6nnen, dass wir nicht die Daten der falschen Person \u00e4ndern oder l\u00f6schen.<\/p>\n<p>Bitte beachten Sie die Kontaktdaten am Ende dieser Datenschutzrichtlinie.<\/p>\n<p>Wenn Sie mit der Art und Weise, wie wir (eine Beschwerde \u00fcber) die Verarbeitung Ihrer personenbezogenen Daten behandeln, nicht zufrieden sind, w\u00fcrden wir gerne dar\u00fcber informiert werden, aber Sie haben auch das Recht, eine Beschwerde bei der Aufsichtsbeh\u00f6rde (der Datenschutzbeh\u00f6rde, z. B. dem EDSB) einzureichen.<\/p>\n<\/div>\n<\/div>\n<div class=\"vc_empty_space\"><\/div>\n<div class=\"wpb_text_column wpb_content_element \">\n<div class=\"wpb_wrapper\">\n<h2>11. \u00c4nderungen an dieser Datenschutzrichtlinie<\/h2>\n<p>Diese Datenschutzerkl\u00e4rung wurde am 04. April 2023 aktualisiert und gilt f\u00fcr B\u00fcrger und rechtm\u00e4\u00dfige Daueraufenthaltsberechtigte des Europ\u00e4ischen Wirtschaftsraums und der Schweiz.<\/p>\n<p>Wir behalten uns das Recht vor, diese Datenschutzerkl\u00e4rung zu \u00e4ndern. Es wird empfohlen, diese Datenschutzerkl\u00e4rung regelm\u00e4\u00dfig zu \u00fcberpr\u00fcfen, um sich \u00fcber etwaige \u00c4nderungen zu informieren. Dar\u00fcber hinaus werden wir Sie aktiv informieren, soweit dies m\u00f6glich ist.<\/p>\n<\/div>\n<\/div>\n<div class=\"vc_empty_space\"><\/div>\n<div class=\"wpb_text_column wpb_content_element \">\n<div class=\"wpb_wrapper\">\n<h2>12. Zustimmung zur Datenschutzrichtlinie<\/h2>\n<p>Diese Erkl\u00e4rung gilt als von jedem Internetnutzer, der die Website besucht, vorbehaltlos akzeptiert. Bitte z\u00f6gern Sie nicht, sich mit uns in Verbindung zu setzen, wenn Sie Fragen zu unserer Datenschutzerkl\u00e4rung haben.<\/p>\n<\/div>\n<\/div>\n<\/div>\n<\/div>\n<\/div>\n<\/div>\n            <\/div>\n            <\/div>\n<\/div>\n\n\n<p><\/p>\n","protected":false},"excerpt":{"rendered":"","protected":false},"author":5,"featured_media":0,"parent":0,"menu_order":0,"comment_status":"closed","ping_status":"closed","template":"","meta":{"_acf_changed":false,"content-type":"","footnotes":""},"class_list":["post-4431","page","type-page","status-publish","hentry"],"acf":[],"yoast_head":"<!-- This site is optimized with the Yoast SEO Premium plugin v24.9 (Yoast SEO v24.9) - https:\/\/yoast.com\/wordpress\/plugins\/seo\/ -->\n<title>Datenschutzrichtlinie - Kizeo Forms<\/title>\n<meta name=\"description\" content=\"Datenschutz \u2713 Software f\u00fcr Unternehmen \u2606 Seit 2011 \u2606 Kostenlose Demo \u27a8 Lernen Sie Kizeo Forms kennen!\" \/>\n<meta name=\"robots\" content=\"index, follow, max-snippet:-1, max-image-preview:large, max-video-preview:-1\" \/>\n<link rel=\"canonical\" href=\"https:\/\/www.kizeo-forms.com\/de\/datenschutz\/\" \/>\n<meta property=\"og:locale\" content=\"de_DE\" \/>\n<meta property=\"og:type\" content=\"article\" \/>\n<meta property=\"og:title\" content=\"Datenschutzrichtlinie\" \/>\n<meta property=\"og:description\" content=\"Datenschutz \u2713 Software f\u00fcr Unternehmen \u2606 Seit 2011 \u2606 Kostenlose Demo \u27a8 Lernen Sie Kizeo Forms kennen!\" \/>\n<meta property=\"og:url\" content=\"https:\/\/www.kizeo-forms.com\/de\/datenschutz\/\" \/>\n<meta property=\"og:site_name\" content=\"Site DE\" \/>\n<meta property=\"article:modified_time\" content=\"2025-07-01T11:58:37+00:00\" \/>\n<meta name=\"twitter:card\" content=\"summary_large_image\" \/>\n<script type=\"application\/ld+json\" class=\"yoast-schema-graph\">{\"@context\":\"https:\/\/schema.org\",\"@graph\":[{\"@type\":\"WebPage\",\"@id\":\"https:\/\/www.kizeo-forms.com\/de\/datenschutz\/\",\"url\":\"https:\/\/www.kizeo-forms.com\/de\/datenschutz\/\",\"name\":\"Datenschutzrichtlinie - Kizeo Forms\",\"isPartOf\":{\"@id\":\"https:\/\/www.kizeo-forms.com\/de\/#website\"},\"datePublished\":\"2024-10-25T08:17:23+00:00\",\"dateModified\":\"2025-07-01T11:58:37+00:00\",\"description\":\"Datenschutz \u2713 Software f\u00fcr Unternehmen \u2606 Seit 2011 \u2606 Kostenlose Demo \u27a8 Lernen Sie Kizeo Forms kennen!\",\"breadcrumb\":{\"@id\":\"https:\/\/www.kizeo-forms.com\/de\/datenschutz\/#breadcrumb\"},\"inLanguage\":\"de\",\"potentialAction\":[{\"@type\":\"ReadAction\",\"target\":[\"https:\/\/www.kizeo-forms.com\/de\/datenschutz\/\"]}]},{\"@type\":\"BreadcrumbList\",\"@id\":\"https:\/\/www.kizeo-forms.com\/de\/datenschutz\/#breadcrumb\",\"itemListElement\":[{\"@type\":\"ListItem\",\"position\":1,\"name\":\"Home\",\"item\":\"https:\/\/www.kizeo-forms.com\/de\/\"},{\"@type\":\"ListItem\",\"position\":2,\"name\":\"Datenschutzrichtlinie\"}]},{\"@type\":\"WebSite\",\"@id\":\"https:\/\/www.kizeo-forms.com\/de\/#website\",\"url\":\"https:\/\/www.kizeo-forms.com\/de\/\",\"name\":\"Site DE\",\"description\":\"Kizeo Forms digitalise vos interventions terrain et documents\",\"potentialAction\":[{\"@type\":\"SearchAction\",\"target\":{\"@type\":\"EntryPoint\",\"urlTemplate\":\"https:\/\/www.kizeo-forms.com\/de\/?s={search_term_string}\"},\"query-input\":{\"@type\":\"PropertyValueSpecification\",\"valueRequired\":true,\"valueName\":\"search_term_string\"}}],\"inLanguage\":\"de\"}]}<\/script>\n<!-- \/ Yoast SEO Premium plugin. -->","yoast_head_json":{"title":"Datenschutzrichtlinie - Kizeo Forms","description":"Datenschutz \u2713 Software f\u00fcr Unternehmen \u2606 Seit 2011 \u2606 Kostenlose Demo \u27a8 Lernen Sie Kizeo Forms kennen!","robots":{"index":"index","follow":"follow","max-snippet":"max-snippet:-1","max-image-preview":"max-image-preview:large","max-video-preview":"max-video-preview:-1"},"canonical":"https:\/\/www.kizeo-forms.com\/de\/datenschutz\/","og_locale":"de_DE","og_type":"article","og_title":"Datenschutzrichtlinie","og_description":"Datenschutz \u2713 Software f\u00fcr Unternehmen \u2606 Seit 2011 \u2606 Kostenlose Demo \u27a8 Lernen Sie Kizeo Forms kennen!","og_url":"https:\/\/www.kizeo-forms.com\/de\/datenschutz\/","og_site_name":"Site DE","article_modified_time":"2025-07-01T11:58:37+00:00","twitter_card":"summary_large_image","schema":{"@context":"https:\/\/schema.org","@graph":[{"@type":"WebPage","@id":"https:\/\/www.kizeo-forms.com\/de\/datenschutz\/","url":"https:\/\/www.kizeo-forms.com\/de\/datenschutz\/","name":"Datenschutzrichtlinie - Kizeo Forms","isPartOf":{"@id":"https:\/\/www.kizeo-forms.com\/de\/#website"},"datePublished":"2024-10-25T08:17:23+00:00","dateModified":"2025-07-01T11:58:37+00:00","description":"Datenschutz \u2713 Software f\u00fcr Unternehmen \u2606 Seit 2011 \u2606 Kostenlose Demo \u27a8 Lernen Sie Kizeo Forms kennen!","breadcrumb":{"@id":"https:\/\/www.kizeo-forms.com\/de\/datenschutz\/#breadcrumb"},"inLanguage":"de","potentialAction":[{"@type":"ReadAction","target":["https:\/\/www.kizeo-forms.com\/de\/datenschutz\/"]}]},{"@type":"BreadcrumbList","@id":"https:\/\/www.kizeo-forms.com\/de\/datenschutz\/#breadcrumb","itemListElement":[{"@type":"ListItem","position":1,"name":"Home","item":"https:\/\/www.kizeo-forms.com\/de\/"},{"@type":"ListItem","position":2,"name":"Datenschutzrichtlinie"}]},{"@type":"WebSite","@id":"https:\/\/www.kizeo-forms.com\/de\/#website","url":"https:\/\/www.kizeo-forms.com\/de\/","name":"Site DE","description":"Kizeo Forms digitalise vos interventions terrain et documents","potentialAction":[{"@type":"SearchAction","target":{"@type":"EntryPoint","urlTemplate":"https:\/\/www.kizeo-forms.com\/de\/?s={search_term_string}"},"query-input":{"@type":"PropertyValueSpecification","valueRequired":true,"valueName":"search_term_string"}}],"inLanguage":"de"}]}},"_links":{"self":[{"href":"https:\/\/www.kizeo-forms.com\/de\/wp-json\/wp\/v2\/pages\/4431","targetHints":{"allow":["GET"]}}],"collection":[{"href":"https:\/\/www.kizeo-forms.com\/de\/wp-json\/wp\/v2\/pages"}],"about":[{"href":"https:\/\/www.kizeo-forms.com\/de\/wp-json\/wp\/v2\/types\/page"}],"author":[{"embeddable":true,"href":"https:\/\/www.kizeo-forms.com\/de\/wp-json\/wp\/v2\/users\/5"}],"replies":[{"embeddable":true,"href":"https:\/\/www.kizeo-forms.com\/de\/wp-json\/wp\/v2\/comments?post=4431"}],"version-history":[{"count":9,"href":"https:\/\/www.kizeo-forms.com\/de\/wp-json\/wp\/v2\/pages\/4431\/revisions"}],"predecessor-version":[{"id":6102,"href":"https:\/\/www.kizeo-forms.com\/de\/wp-json\/wp\/v2\/pages\/4431\/revisions\/6102"}],"wp:attachment":[{"href":"https:\/\/www.kizeo-forms.com\/de\/wp-json\/wp\/v2\/media?parent=4431"}],"curies":[{"name":"wp","href":"https:\/\/api.w.org\/{rel}","templated":true}]}}