{"id":5370,"date":"2024-11-13T10:23:50","date_gmt":"2024-11-13T10:23:50","guid":{"rendered":"https:\/\/www.kizeo-forms.com\/de\/?page_id=5370"},"modified":"2025-09-25T15:49:57","modified_gmt":"2025-09-25T15:49:57","slug":"impressum","status":"publish","type":"page","link":"https:\/\/www.kizeo-forms.com\/de\/impressum\/","title":{"rendered":"Impressum"},"content":{"rendered":"  <link rel=\"preload\" fetchpriority=\"high\" as=\"image\" href=\"https:\/\/www.kizeo-forms.com\/app\/uploads\/sites\/14\/2024\/10\/erwaehnt-legal-1920x860-1.webp\" type=\"image\/webp\">\n<div class=\"banner-cms banner-image\">\n            <div class=\"image\">\n            <picture><img decoding=\"async\" data-no-lazy=\"1\" class=\"img\" src=\"https:\/\/www.kizeo-forms.com\/app\/uploads\/sites\/14\/2024\/10\/erwaehnt-legal-1920x860-1.webp\" alt=\"\"><\/picture>\n        <\/div>\n            <div class=\"wrapper\">\n        <div class=\"banner-image__content\">\n                            <h1 class=\"title-large text-anim\">\n                    <span class=\"text-anim__elem\">Impressum<\/span>\n                <\/h1>\n                                <\/div>\n    <\/div>\n<\/div>\n\n\n\n<div class=\"wrap-editor\">\n    <div class=\"wrapper\">\n                            <div class=\"editor\">\n                <p><strong>Herausgeber\u00a0<\/strong><br \/>\nDie Website www.kizeo-forms.com wird von der Firma Kizeo herausgegeben, einer vereinfachten Aktiengesellschaft (SAS) mit einem Kapital von 80 000 \u20ac, die im Handelsregister von Avignon unter der Nummer 537 845 836 eingetragen ist.<br \/>\nAPE-Code: 5829C<br \/>\nUmsatzsteuer-Identifikationsnummer: FR 41 537 845 836<\/p>\n<p><strong>Hauptsitz<\/strong><br \/>\nSAS Kizeo<br \/>\nHamadryade B\u00e2t 2, 2. Etage<br \/>\n55 All\u00e9e Camille Claudel<br \/>\nBP 61252<br \/>\n84911 Avignon Cedex 09<br \/>\nTelefon: 04 90 23 67 65<br \/>\nE-Mail: contact@kizeo.com<\/p>\n<p><strong>Vorsitzender<\/strong><br \/>\nPhilippe Gellet<\/p>\n<p><strong>Geistiges Eigentum<\/strong><br \/>\nDie Marken Kizeo und Kizeo Forms sind beim INPI eingetragene Marken. Jede Vervielf\u00e4ltigung, Darstellung, Nutzung oder \u00c4nderung, durch welches Verfahren auch immer, ohne die ausdr\u00fcckliche Genehmigung des Unternehmens Kizeo ist strengstens untersagt und stellt ein F\u00e4lschungsdelikt dar.<\/p>\n<p><strong>Unterkunft<\/strong><\/p>\n<div class=\"text-base my-auto mx-auto pb-10 [--thread-content-margin:--spacing(4)] thread-sm:[--thread-content-margin:--spacing(6)] thread-lg:[--thread-content-margin:--spacing(16)] px-(--thread-content-margin)\">\n<div class=\"[--thread-content-max-width:40rem] thread-lg:[--thread-content-max-width:48rem] mx-auto max-w-(--thread-content-max-width) flex-1 group\/turn-messages focus-visible:outline-hidden relative flex w-full min-w-0 flex-col agent-turn\">\n<div class=\"flex max-w-full flex-col grow\">\n<div class=\"min-h-8 text-message relative flex w-full flex-col items-end gap-2 text-start break-words whitespace-normal [.text-message+&amp;]:mt-5\" dir=\"auto\" data-message-author-role=\"assistant\" data-message-id=\"9fefdd64-f5a6-474d-9c8c-38c43ecb1fab\" data-message-model-slug=\"gpt-5\">\n<div class=\"flex w-full flex-col gap-1 empty:hidden first:pt-[3px]\">\n<div class=\"markdown prose dark:prose-invert w-full break-words dark markdown-new-styling\">\n<p data-start=\"0\" data-end=\"81\" data-is-last-node=\"\" data-is-only-node=\"\">Die Website ist auf der Google Cloud Platform (GCP) in der Region Paris gehostet.<\/p>\n<\/div>\n<\/div>\n<\/div>\n<\/div>\n<\/div>\n<\/div>\n<p><strong>Design und Entwicklung<\/strong><br \/>\nDie Entwicklung der Website wird von der Agentur Fidesio \u00fcbernommen.<\/p>\n            <\/div>\n            <\/div>\n<\/div>","protected":false},"excerpt":{"rendered":"","protected":false},"author":14,"featured_media":0,"parent":0,"menu_order":0,"comment_status":"closed","ping_status":"closed","template":"","meta":{"_acf_changed":false,"content-type":"","footnotes":""},"class_list":["post-5370","page","type-page","status-publish","hentry"],"acf":[],"yoast_head":"<!-- This site is optimized with the Yoast SEO Premium plugin v24.9 (Yoast SEO v24.9) - https:\/\/yoast.com\/wordpress\/plugins\/seo\/ -->\n<title>Impressum - rechtliche Hinweise<\/title>\n<meta name=\"description\" content=\"Impressum \u2713 Software f\u00fcr Unternehmen \u2606 Seit 2011 \u2606 Kostenlose Demo \u27a8 Lernen Sie Kizeo Forms kennen!\" \/>\n<meta name=\"robots\" content=\"index, follow, max-snippet:-1, max-image-preview:large, max-video-preview:-1\" \/>\n<link rel=\"canonical\" href=\"https:\/\/www.kizeo-forms.com\/de\/impressum\/\" \/>\n<meta property=\"og:locale\" content=\"de_DE\" \/>\n<meta property=\"og:type\" content=\"article\" \/>\n<meta property=\"og:title\" content=\"Impressum\" \/>\n<meta property=\"og:description\" content=\"Impressum \u2713 Software f\u00fcr Unternehmen \u2606 Seit 2011 \u2606 Kostenlose Demo \u27a8 Lernen Sie Kizeo Forms kennen!\" \/>\n<meta property=\"og:url\" content=\"https:\/\/www.kizeo-forms.com\/de\/impressum\/\" \/>\n<meta property=\"og:site_name\" content=\"Site DE\" \/>\n<meta property=\"article:modified_time\" content=\"2025-09-25T15:49:57+00:00\" \/>\n<meta name=\"twitter:card\" content=\"summary_large_image\" \/>\n<script type=\"application\/ld+json\" class=\"yoast-schema-graph\">{\"@context\":\"https:\/\/schema.org\",\"@graph\":[{\"@type\":\"WebPage\",\"@id\":\"https:\/\/www.kizeo-forms.com\/de\/impressum\/\",\"url\":\"https:\/\/www.kizeo-forms.com\/de\/impressum\/\",\"name\":\"Impressum - rechtliche Hinweise\",\"isPartOf\":{\"@id\":\"https:\/\/www.kizeo-forms.com\/de\/#website\"},\"datePublished\":\"2024-11-13T10:23:50+00:00\",\"dateModified\":\"2025-09-25T15:49:57+00:00\",\"description\":\"Impressum \u2713 Software f\u00fcr Unternehmen \u2606 Seit 2011 \u2606 Kostenlose Demo \u27a8 Lernen Sie Kizeo Forms kennen!\",\"breadcrumb\":{\"@id\":\"https:\/\/www.kizeo-forms.com\/de\/impressum\/#breadcrumb\"},\"inLanguage\":\"de\",\"potentialAction\":[{\"@type\":\"ReadAction\",\"target\":[\"https:\/\/www.kizeo-forms.com\/de\/impressum\/\"]}]},{\"@type\":\"BreadcrumbList\",\"@id\":\"https:\/\/www.kizeo-forms.com\/de\/impressum\/#breadcrumb\",\"itemListElement\":[{\"@type\":\"ListItem\",\"position\":1,\"name\":\"Home\",\"item\":\"https:\/\/www.kizeo-forms.com\/de\/\"},{\"@type\":\"ListItem\",\"position\":2,\"name\":\"Impressum\"}]},{\"@type\":\"WebSite\",\"@id\":\"https:\/\/www.kizeo-forms.com\/de\/#website\",\"url\":\"https:\/\/www.kizeo-forms.com\/de\/\",\"name\":\"Site DE\",\"description\":\"Kizeo Forms digitalise vos interventions terrain et documents\",\"potentialAction\":[{\"@type\":\"SearchAction\",\"target\":{\"@type\":\"EntryPoint\",\"urlTemplate\":\"https:\/\/www.kizeo-forms.com\/de\/?s={search_term_string}\"},\"query-input\":{\"@type\":\"PropertyValueSpecification\",\"valueRequired\":true,\"valueName\":\"search_term_string\"}}],\"inLanguage\":\"de\"}]}<\/script>\n<!-- \/ Yoast SEO Premium plugin. -->","yoast_head_json":{"title":"Impressum - rechtliche Hinweise","description":"Impressum \u2713 Software f\u00fcr Unternehmen \u2606 Seit 2011 \u2606 Kostenlose Demo \u27a8 Lernen Sie Kizeo Forms kennen!","robots":{"index":"index","follow":"follow","max-snippet":"max-snippet:-1","max-image-preview":"max-image-preview:large","max-video-preview":"max-video-preview:-1"},"canonical":"https:\/\/www.kizeo-forms.com\/de\/impressum\/","og_locale":"de_DE","og_type":"article","og_title":"Impressum","og_description":"Impressum \u2713 Software f\u00fcr Unternehmen \u2606 Seit 2011 \u2606 Kostenlose Demo \u27a8 Lernen Sie Kizeo Forms kennen!","og_url":"https:\/\/www.kizeo-forms.com\/de\/impressum\/","og_site_name":"Site DE","article_modified_time":"2025-09-25T15:49:57+00:00","twitter_card":"summary_large_image","schema":{"@context":"https:\/\/schema.org","@graph":[{"@type":"WebPage","@id":"https:\/\/www.kizeo-forms.com\/de\/impressum\/","url":"https:\/\/www.kizeo-forms.com\/de\/impressum\/","name":"Impressum - rechtliche Hinweise","isPartOf":{"@id":"https:\/\/www.kizeo-forms.com\/de\/#website"},"datePublished":"2024-11-13T10:23:50+00:00","dateModified":"2025-09-25T15:49:57+00:00","description":"Impressum \u2713 Software f\u00fcr Unternehmen \u2606 Seit 2011 \u2606 Kostenlose Demo \u27a8 Lernen Sie Kizeo Forms kennen!","breadcrumb":{"@id":"https:\/\/www.kizeo-forms.com\/de\/impressum\/#breadcrumb"},"inLanguage":"de","potentialAction":[{"@type":"ReadAction","target":["https:\/\/www.kizeo-forms.com\/de\/impressum\/"]}]},{"@type":"BreadcrumbList","@id":"https:\/\/www.kizeo-forms.com\/de\/impressum\/#breadcrumb","itemListElement":[{"@type":"ListItem","position":1,"name":"Home","item":"https:\/\/www.kizeo-forms.com\/de\/"},{"@type":"ListItem","position":2,"name":"Impressum"}]},{"@type":"WebSite","@id":"https:\/\/www.kizeo-forms.com\/de\/#website","url":"https:\/\/www.kizeo-forms.com\/de\/","name":"Site DE","description":"Kizeo Forms digitalise vos interventions terrain et documents","potentialAction":[{"@type":"SearchAction","target":{"@type":"EntryPoint","urlTemplate":"https:\/\/www.kizeo-forms.com\/de\/?s={search_term_string}"},"query-input":{"@type":"PropertyValueSpecification","valueRequired":true,"valueName":"search_term_string"}}],"inLanguage":"de"}]}},"_links":{"self":[{"href":"https:\/\/www.kizeo-forms.com\/de\/wp-json\/wp\/v2\/pages\/5370","targetHints":{"allow":["GET"]}}],"collection":[{"href":"https:\/\/www.kizeo-forms.com\/de\/wp-json\/wp\/v2\/pages"}],"about":[{"href":"https:\/\/www.kizeo-forms.com\/de\/wp-json\/wp\/v2\/types\/page"}],"author":[{"embeddable":true,"href":"https:\/\/www.kizeo-forms.com\/de\/wp-json\/wp\/v2\/users\/14"}],"replies":[{"embeddable":true,"href":"https:\/\/www.kizeo-forms.com\/de\/wp-json\/wp\/v2\/comments?post=5370"}],"version-history":[{"count":2,"href":"https:\/\/www.kizeo-forms.com\/de\/wp-json\/wp\/v2\/pages\/5370\/revisions"}],"predecessor-version":[{"id":6501,"href":"https:\/\/www.kizeo-forms.com\/de\/wp-json\/wp\/v2\/pages\/5370\/revisions\/6501"}],"wp:attachment":[{"href":"https:\/\/www.kizeo-forms.com\/de\/wp-json\/wp\/v2\/media?parent=5370"}],"curies":[{"name":"wp","href":"https:\/\/api.w.org\/{rel}","templated":true}]}}