{"id":2867,"date":"2024-04-24T03:02:50","date_gmt":"2024-04-24T03:02:50","guid":{"rendered":"https:\/\/www.kizeo-forms.com\/es\/contact\/"},"modified":"2025-05-26T08:17:14","modified_gmt":"2025-05-26T08:17:14","slug":"contacto","status":"publish","type":"page","link":"https:\/\/www.kizeo-forms.com\/es\/contacto\/","title":{"rendered":"Contacto Kizeo Forms"},"content":{"rendered":"<div class=\"banner-contact\">\n    <div class=\"wrapper\">\n        <div class=\"row\">\n            <div class=\"col-6\">\n                <div class=\"info\">\n                                            <h1 class=\"title-large text-anim\">\n                            <span class=\"text-anim__elem\">Contacta con<br>Kizeo Forms<\/span>\n                        <\/h1>\n                                                                <p class=\"title-small\">Nuestro equipo responder\u00e1 a tus dudas y comentarios <\/p>\n                                                                <div class=\"description editor\">\n                            <p><span style=\"font-weight: 400\">\u00bfQuieres conocer m\u00e1s sobre Kizeo Forms de la mano de un experto? Rellena el formulario de contacto.<\/span><\/p>\n<p><span style=\"font-weight: 400\">Si tienes alguna incidencia con la aplicaci\u00f3n, aseg\u00farate de actualizar a la versi\u00f3n m\u00e1s reciente antes de solicitar asistencia.<\/span><\/p>\n<p><span style=\"font-weight: 400\">Para cualquier duda sobre las funcionalidades, no dudes en consultar nuestros tutoriales y la secci\u00f3n de preguntas frecuentes.\u00a0<\/span><\/p>\n<p><span style=\"font-weight: 400\">Tambi\u00e9n puedes ponerte en contacto con nosotros por email escribiendo a <\/span><a href=\"mailto:contacto-iberia@kizeo.com\"><span style=\"font-weight: 400\">contacto-iberia@kizeo.com<\/span><\/a><span style=\"font-weight: 400\">.<\/span><\/p>\n                        <\/div>\n                                                        <\/div>\n                            <\/div>\n            <div class=\"col-6\">\n                <div class=\"wrap-form\">\n                                            <div class=\"list-tab\">\n                                                            <div class=\"tab active\">\n                                    <span class=\"icon icon-hand\"><\/span>\n                                    <p> Contacto comercial<\/p>\n                                <\/div>\n                                                                                        <div class=\"tab\">\n                                    <span class=\"icon icon-support\"><\/span>\n                                    <p> Soporte t\u00e9cnico<\/p>\n                                <\/div>\n                                                    <\/div>\n                                        <div class=\"list-form\">\n                        <script>\n                            \r\n  hbspt.forms.create({\r\n    portalId: \"9490190\",\r\n    formId: \"aecd7f47-6f85-4f8c-8d75-87c5ac2ecd32\"\r\n  });\r\n                        <\/script>\n                        <script>\n                              hbspt.forms.create({\r\n    region: \"na1\",\r\n    portalId: \"9490190\",\r\n    formId: \"42137e16-731f-42dd-a54a-4b34777aaff5\"\r\n  });\r\n                        <\/script>\n                    <\/div>\n                <\/div>\n            <\/div>\n        <\/div>\n        \n    <div class=\"notification\">\n\n        <p class=\"tag white\">\n            Informaci\u00f3n        <\/p>\n        <p class=\"description editor\"><p>\u00bfQuieres conocer Kizeo Forms de la mano de un experto? <a href=\"\/es\/demo\/\" target=\"_blank\" rel=\"noopener\">Agenda una v\u00eddeo llamada demo de 30 minutos<\/a><\/p>\n<p>&nbsp;<\/p>\n<\/p>\n        <span class=\"icon-close\"><\/span>\n    <\/div>\n\n\n    <\/div>\n<\/div>\n\n<div class=\"support\">\n    <div class=\"wrapper\">\n                <div class=\"support__list\">\n            <div class=\"swiper-wrapper\">\n                                            <div class=\"swiper-slide support__item big-card\">\n                                <div class=\"info\">\n                                    <p class=\"title-small\">Aprovecha la asistencia gratuita desde el d\u00eda 1<\/p>\n                                <\/div>\n                            <\/div>\n                                                    <div class=\"swiper-slide support__item gray\">\n                                                                                                    <div class=\"image\">\n                                        <picture><img decoding=\"async\" class=\"img\" src=\"https:\/\/www.kizeo-forms.com\/app\/uploads\/sites\/21\/2024\/04\/kizeo-support-1-435x280.jpg\" alt=\"\" \/>\n                                        <\/picture>\n                                    <\/div>\n                                                                <div class=\"info\">\n                                                                            <p class=\"title-small\">+34 934 28 85 09<\/p>\n                                                                                                            <div class=\"bottom\">\n                                        <div class=\"bottom__info\">\n                                                                                            <p class=\"title\">Cont\u00e1ctanos<\/p>\n                                                                                                                                <\/div>\n                                        <div class=\"icon\">\n                                            <picture><img decoding=\"async\" class=\"img\" src=\"https:\/\/www.kizeo-forms.com\/app\/themes\/kizeo\/assets\/\/images\/icons\/icon-message.svg\" alt=\"icon-message.svg\" \/><\/picture>\n                                        <\/div>\n                                    <\/div>\n                                <\/div>\n                            <\/div>\n                                                    <div class=\"swiper-slide support__item\">\n                                                                    <div class=\"image\">\n                                        <picture>\n                                            <img decoding=\"async\" class=\"img\" src=\"https:\/\/www.kizeo-forms.com\/app\/uploads\/sites\/21\/2024\/05\/kizeo-2-435x280.jpg\" alt=\"Nuestra oficina\" \/>\n                                        <\/picture>\n                                    <\/div>\n                                                                <div class=\"info\">\n                                                                            <p class=\"title-small\">Nuestra oficina<\/p>\n                                                                                                                <div class=\"description\">\n                                            Ronda de Sant Pere 52, 08010 Barcelona, Espa\u00f1a                                        <\/div>\n                                                                                                        <\/div>\n                            <\/div>\n                                            <div class=\"swiper-slide support__item\">\n                                                                    <div class=\"image\">\n                                        <picture>\n                                            <img decoding=\"async\" class=\"img\" src=\"https:\/\/www.kizeo-forms.com\/app\/uploads\/sites\/21\/2024\/05\/kizeo-3-435x280.jpg\" alt=\"Horario de atencin\" \/>\n                                        <\/picture>\n                                    <\/div>\n                                                                <div class=\"info\">\n                                                                            <p class=\"title-small\">Horario de atenci\u00f3n<\/p>\n                                                                                                                <div class=\"description\">\n                                            Lunes a viernes de 09:00 a 18:00 (CET)                                        <\/div>\n                                                                                                        <\/div>\n                            <\/div>\n                            <\/div>\n        <\/div>\n    <\/div>\n<\/div>","protected":false},"excerpt":{"rendered":"","protected":false},"author":1,"featured_media":0,"parent":0,"menu_order":0,"comment_status":"closed","ping_status":"closed","template":"","meta":{"_acf_changed":false,"content-type":"","footnotes":""},"class_list":["post-2867","page","type-page","status-publish","hentry"],"acf":[],"yoast_head":"<!-- This site is optimized with the Yoast SEO Premium plugin v24.9 (Yoast SEO v24.9) - https:\/\/yoast.com\/wordpress\/plugins\/seo\/ -->\n<title>Contacto Kizeo Forms - Site ES<\/title>\n<meta name=\"description\" content=\"Contacta con Kizeo Forms para obtener asistencia. Nuestros expertos est\u00e1n listos para ayudarte en la personalizaci\u00f3n de formularios y m\u00e1s\" \/>\n<meta name=\"robots\" content=\"index, follow, max-snippet:-1, max-image-preview:large, max-video-preview:-1\" \/>\n<link rel=\"canonical\" href=\"https:\/\/www.kizeo-forms.com\/es\/contacto\/\" \/>\n<meta property=\"og:locale\" content=\"es_ES\" \/>\n<meta property=\"og:type\" content=\"article\" \/>\n<meta property=\"og:title\" content=\"Contacto Kizeo Forms\" \/>\n<meta property=\"og:description\" content=\"Contacta con Kizeo Forms para obtener asistencia. Nuestros expertos est\u00e1n listos para ayudarte en la personalizaci\u00f3n de formularios y m\u00e1s\" \/>\n<meta property=\"og:url\" content=\"https:\/\/www.kizeo-forms.com\/es\/contacto\/\" \/>\n<meta property=\"og:site_name\" content=\"Site ES\" \/>\n<meta property=\"article:modified_time\" content=\"2025-05-26T08:17:14+00:00\" \/>\n<meta name=\"twitter:card\" content=\"summary_large_image\" \/>\n<script type=\"application\/ld+json\" class=\"yoast-schema-graph\">{\"@context\":\"https:\/\/schema.org\",\"@graph\":[{\"@type\":\"WebPage\",\"@id\":\"https:\/\/www.kizeo-forms.com\/es\/contacto\/\",\"url\":\"https:\/\/www.kizeo-forms.com\/es\/contacto\/\",\"name\":\"Contacto Kizeo Forms - Site ES\",\"isPartOf\":{\"@id\":\"https:\/\/www.kizeo-forms.com\/es\/#website\"},\"datePublished\":\"2024-04-24T03:02:50+00:00\",\"dateModified\":\"2025-05-26T08:17:14+00:00\",\"description\":\"Contacta con Kizeo Forms para obtener asistencia. Nuestros expertos est\u00e1n listos para ayudarte en la personalizaci\u00f3n de formularios y m\u00e1s\",\"breadcrumb\":{\"@id\":\"https:\/\/www.kizeo-forms.com\/es\/contacto\/#breadcrumb\"},\"inLanguage\":\"es\",\"potentialAction\":[{\"@type\":\"ReadAction\",\"target\":[\"https:\/\/www.kizeo-forms.com\/es\/contacto\/\"]}]},{\"@type\":\"BreadcrumbList\",\"@id\":\"https:\/\/www.kizeo-forms.com\/es\/contacto\/#breadcrumb\",\"itemListElement\":[{\"@type\":\"ListItem\",\"position\":1,\"name\":\"Home\",\"item\":\"https:\/\/www.kizeo-forms.com\/es\/\"},{\"@type\":\"ListItem\",\"position\":2,\"name\":\"Contacto Kizeo Forms\"}]},{\"@type\":\"WebSite\",\"@id\":\"https:\/\/www.kizeo-forms.com\/es\/#website\",\"url\":\"https:\/\/www.kizeo-forms.com\/es\/\",\"name\":\"Site ES\",\"description\":\"Kizeo Forms recoge datos en terreno para agilizar tus operaciones\",\"potentialAction\":[{\"@type\":\"SearchAction\",\"target\":{\"@type\":\"EntryPoint\",\"urlTemplate\":\"https:\/\/www.kizeo-forms.com\/es\/?s={search_term_string}\"},\"query-input\":{\"@type\":\"PropertyValueSpecification\",\"valueRequired\":true,\"valueName\":\"search_term_string\"}}],\"inLanguage\":\"es\"}]}<\/script>\n<!-- \/ Yoast SEO Premium plugin. -->","yoast_head_json":{"title":"Contacto Kizeo Forms - Site ES","description":"Contacta con Kizeo Forms para obtener asistencia. Nuestros expertos est\u00e1n listos para ayudarte en la personalizaci\u00f3n de formularios y m\u00e1s","robots":{"index":"index","follow":"follow","max-snippet":"max-snippet:-1","max-image-preview":"max-image-preview:large","max-video-preview":"max-video-preview:-1"},"canonical":"https:\/\/www.kizeo-forms.com\/es\/contacto\/","og_locale":"es_ES","og_type":"article","og_title":"Contacto Kizeo Forms","og_description":"Contacta con Kizeo Forms para obtener asistencia. Nuestros expertos est\u00e1n listos para ayudarte en la personalizaci\u00f3n de formularios y m\u00e1s","og_url":"https:\/\/www.kizeo-forms.com\/es\/contacto\/","og_site_name":"Site ES","article_modified_time":"2025-05-26T08:17:14+00:00","twitter_card":"summary_large_image","schema":{"@context":"https:\/\/schema.org","@graph":[{"@type":"WebPage","@id":"https:\/\/www.kizeo-forms.com\/es\/contacto\/","url":"https:\/\/www.kizeo-forms.com\/es\/contacto\/","name":"Contacto Kizeo Forms - Site ES","isPartOf":{"@id":"https:\/\/www.kizeo-forms.com\/es\/#website"},"datePublished":"2024-04-24T03:02:50+00:00","dateModified":"2025-05-26T08:17:14+00:00","description":"Contacta con Kizeo Forms para obtener asistencia. Nuestros expertos est\u00e1n listos para ayudarte en la personalizaci\u00f3n de formularios y m\u00e1s","breadcrumb":{"@id":"https:\/\/www.kizeo-forms.com\/es\/contacto\/#breadcrumb"},"inLanguage":"es","potentialAction":[{"@type":"ReadAction","target":["https:\/\/www.kizeo-forms.com\/es\/contacto\/"]}]},{"@type":"BreadcrumbList","@id":"https:\/\/www.kizeo-forms.com\/es\/contacto\/#breadcrumb","itemListElement":[{"@type":"ListItem","position":1,"name":"Home","item":"https:\/\/www.kizeo-forms.com\/es\/"},{"@type":"ListItem","position":2,"name":"Contacto Kizeo Forms"}]},{"@type":"WebSite","@id":"https:\/\/www.kizeo-forms.com\/es\/#website","url":"https:\/\/www.kizeo-forms.com\/es\/","name":"Site ES","description":"Kizeo Forms recoge datos en terreno para agilizar tus operaciones","potentialAction":[{"@type":"SearchAction","target":{"@type":"EntryPoint","urlTemplate":"https:\/\/www.kizeo-forms.com\/es\/?s={search_term_string}"},"query-input":{"@type":"PropertyValueSpecification","valueRequired":true,"valueName":"search_term_string"}}],"inLanguage":"es"}]}},"_links":{"self":[{"href":"https:\/\/www.kizeo-forms.com\/es\/wp-json\/wp\/v2\/pages\/2867","targetHints":{"allow":["GET"]}}],"collection":[{"href":"https:\/\/www.kizeo-forms.com\/es\/wp-json\/wp\/v2\/pages"}],"about":[{"href":"https:\/\/www.kizeo-forms.com\/es\/wp-json\/wp\/v2\/types\/page"}],"author":[{"embeddable":true,"href":"https:\/\/www.kizeo-forms.com\/es\/wp-json\/wp\/v2\/users\/1"}],"replies":[{"embeddable":true,"href":"https:\/\/www.kizeo-forms.com\/es\/wp-json\/wp\/v2\/comments?post=2867"}],"version-history":[{"count":34,"href":"https:\/\/www.kizeo-forms.com\/es\/wp-json\/wp\/v2\/pages\/2867\/revisions"}],"predecessor-version":[{"id":8739,"href":"https:\/\/www.kizeo-forms.com\/es\/wp-json\/wp\/v2\/pages\/2867\/revisions\/8739"}],"wp:attachment":[{"href":"https:\/\/www.kizeo-forms.com\/es\/wp-json\/wp\/v2\/media?parent=2867"}],"curies":[{"name":"wp","href":"https:\/\/api.w.org\/{rel}","templated":true}]}}