{"id":2868,"date":"2024-04-22T11:28:36","date_gmt":"2024-04-22T11:28:36","guid":{"rendered":"https:\/\/www.kizeo-forms.com\/es\/tarifs\/"},"modified":"2025-12-31T08:37:12","modified_gmt":"2025-12-31T08:37:12","slug":"precios","status":"publish","type":"page","link":"https:\/\/www.kizeo-forms.com\/es\/precios\/","title":{"rendered":"Precios Kizeo Forms"},"content":{"rendered":"  <link rel=\"preload\" fetchpriority=\"high\" as=\"image\" href=\"https:\/\/www.kizeo-forms.com\/app\/uploads\/sites\/21\/2025\/12\/mockup-precios-kizeo-forms.svg\" type=\"image\/webp\">\n<div class=\"banner-detail\">\n    <div class=\"wrapper\">\n        <div class=\"banner-detail__content\">\n            <div class=\"info\">\n                                    <h1 class=\"text-anim title-large\">\n                        <span class=\"text-anim__elem\">Precios sencillos. Resultados potentes<\/span>\n                    <\/h1>\n                                                    <div class=\"description editor\">\n                        <p>Para equipos peque\u00f1os y las grandes empresas. <strong data-start=\"131\" data-end=\"160\">Kizeo Forms crece contigo<\/strong>. Elige un plan, digitaliza tus flujos de trabajo y obt\u00e9n resultados r\u00e1pidamente.<br data-start=\"241\" data-end=\"244\" \/>Asequible, intuitivo y dise\u00f1ado para el uso real. <strong data-start=\"294\" data-end=\"369\" data-is-last-node=\"\">Tu camino hacia la captura y conexi\u00f3n de datos ccomienza aqu\u00ed.<\/strong><\/p>\n                    <\/div>\n                \n                <div class=\"image mb\">\n                                            <picture>\n                            <img decoding=\"async\" data-no-lazy=\"1\" class=\"img\" src=\"https:\/\/www.kizeo-forms.com\/app\/uploads\/sites\/21\/2025\/12\/mockup-precios-kizeo-forms.svg\" alt=\"Precios sencillos Resultados potentes\">\n                        <\/picture>\n                    \n                                                        <\/div>\n\n                            <\/div>\n\n            <div class=\"image des\">\n                                    <picture>\n                        <img decoding=\"async\" data-no-lazy=\"1\" class=\"img\" src=\"https:\/\/www.kizeo-forms.com\/app\/uploads\/sites\/21\/2025\/12\/mockup-precios-kizeo-forms.svg\" alt=\"Precios sencillos Resultados potentes\">\n                    <\/picture>\n                \n                                            <\/div>\n\n        <\/div>\n    <\/div>\n<\/div>\n\n\n\n\n\n<div class=\"plan\">\n    <div class=\"wrapper\">\n        <div class=\"plan__top\">\n                            <div class=\"small-label\">Refuerza tu operaci\u00f3n con Kizeo Forms<\/div>\n                                        <h2 class=\"title-medium\">Precios sencillos. Resultados potentes.<\/h2>\n                                        <div class=\"sub-title\"><p>Nuestros <strong data-start=\"73\" data-end=\"84\">precios<\/strong> est\u00e1n dise\u00f1ados para <strong data-start=\"106\" data-end=\"126\">maximizar tu ROI<\/strong> ofreci\u00e9ndote las <strong data-start=\"144\" data-end=\"157\">funcionalidades<\/strong> que necesitas para r<strong>ecoger datos en terreno<\/strong>, <strong data-start=\"177\" data-end=\"199\">automatizar tareas<\/strong>, <strong data-start=\"201\" data-end=\"226\">estandarizar procesos<\/strong> y <strong data-start=\"229\" data-end=\"248\">reducir errores<\/strong>.<\/p>\n<\/div>\n                    <\/div>\n        <div class=\"plan__tabs\">\n            <ul>\n                                        <li class=\"is-active month\">Anual <span> -33% <\/span><\/li>\n                                        <li class=\"year\">Mensual<\/li>\n                            <\/ul>\n        <\/div>\n        <div class=\"plan__list\">\n                                <div class=\"plan__item \">\n                                                                            <div class=\"title\">SMART<\/div>\n                                                <div class=\"wrap-price\">\n                                                            <div class=\"price month\">15\u20ac <\/div>\n                                                                                        <div class=\"price year\">25\u20ac <\/div>\n                                                                                        <p class=\"text-small\">\/mes\/usuario<\/p>\n                                                    <\/div>\n                                                    <div class=\"description\"><p>La estrategia <strong data-start=\"102\" data-end=\"111\">ideal<\/strong> para comenzar tu <strong data-start=\"129\" data-end=\"147\">digitalizaci\u00f3n<\/strong>.<\/p>\n<\/div>\n                                                                            <div class=\"wrap-btn\">\n                                <a class=\"btn btn--dark\" target=\"\" href=\"https:\/\/www.kizeo-forms.com\/es\/prueba-gratis\/\">\n                                    <span>Prueba gratis<\/span>\n                                <\/a>\n                            <\/div>\n                                                                            <div class=\"content\">\n                                <ul>\n<li data-start=\"145\" data-end=\"177\">Formularios personalizados<\/li>\n<li data-start=\"145\" data-end=\"177\">Formularios generados por IA<\/li>\n<li data-start=\"145\" data-end=\"177\">Formularios y datos ilimitados<\/li>\n<li data-start=\"145\" data-end=\"177\">Informes y correos personalizados<\/li>\n<li data-start=\"145\" data-end=\"177\">Registro offline<\/li>\n<li data-start=\"145\" data-end=\"177\">Automatizaciones est\u00e1ndar<\/li>\n<li data-start=\"145\" data-end=\"177\">Integraciones y API<\/li>\n<li data-start=\"145\" data-end=\"177\">Aplicaci\u00f3n multiling\u00fce<\/li>\n<li data-start=\"145\" data-end=\"177\">Asistencia al cliente<\/li>\n<li data-start=\"145\" data-end=\"177\">Datos alojados en Europa<\/li>\n<\/ul>\n                            <\/div>\n                                            <\/div>\n                                <div class=\"plan__item choose\">\n                                                    <p class=\"tag\">M\u00e1s popular<\/p>\n                                                                            <div class=\"title\">BUSINESS<\/div>\n                                                <div class=\"wrap-price\">\n                                                            <div class=\"price month\">25\u20ac <\/div>\n                                                                                        <div class=\"price year\">37\u20ac <\/div>\n                                                                                        <p class=\"text-small\">\/mes\/usuario<\/p>\n                                                    <\/div>\n                                                    <div class=\"description\"><p>Para una <strong data-start=\"92\" data-end=\"112\">gesti\u00f3n avanzada<\/strong>, potenciada por la <strong data-start=\"132\" data-end=\"138\">IA<\/strong>.<\/p>\n<\/div>\n                                                                            <div class=\"wrap-btn\">\n                                <a class=\"btn btn--dark\" target=\"\" href=\"https:\/\/www.kizeo-forms.com\/es\/prueba-gratis\/\">\n                                    <span>Prueba gratis<\/span>\n                                <\/a>\n                            <\/div>\n                                                                            <div class=\"content\">\n                                <p data-start=\"83\" data-end=\"133\">Todas las funciones del plan <strong data-start=\"112\" data-end=\"121\">Smart<\/strong>, adem\u00e1s de:<\/p>\n<ul>\n<li data-start=\"137\" data-end=\"185\">Integraci\u00f3n <strong data-start=\"149\" data-end=\"159\">nativa<\/strong> con m\u00e1s de <strong data-start=\"171\" data-end=\"183\">200 aplicaciones<\/strong><\/li>\n<li data-start=\"137\" data-end=\"185\">Dictado con <strong data-start=\"207\" data-end=\"213\">IA<\/strong><\/li>\n<li data-start=\"137\" data-end=\"185\">An\u00e1lisis de foto con <strong data-start=\"239\" data-end=\"245\">IA<\/strong><\/li>\n<li data-start=\"137\" data-end=\"185\"><strong data-start=\"250\" data-end=\"272\">Informes avanzados<\/strong><\/li>\n<li data-start=\"137\" data-end=\"185\">Asistente <strong data-start=\"290\" data-end=\"296\">IA\u00a0<\/strong><\/li>\n<li data-start=\"137\" data-end=\"185\">Conectores <strong data-start=\"345\" data-end=\"351\" data-is-last-node=\"\">BI<\/strong><\/li>\n<\/ul>\n                            <\/div>\n                                            <\/div>\n                    <\/div>\n    <\/div>\n<\/div>\n\n\n<div class=\"box-dark\">\n    <div class=\"wrapper\">\n        <div class=\"box-dark__content\">\n                            <div class=\"title-small\">\n                    <span class=\"icon-book\">\n                    <\/span>\n                    Kizeo Forms: un paquete completo con total libertad.<br data-start=\"143\" data-end=\"146\" \/>Explora nuestra amplia gama de funciones intuitivas y personalizables, dise\u00f1adas para ofrecerte una libertad total y una experiencia excepcional de usuario.\n                <\/div>\n                        <div class=\"wrap-btn\">\n                            <\/div>\n        <\/div>\n    <\/div>\n<\/div>\n\n<div class=\"faq\">\n    <div class=\"wrapper\">\n                    <h2 class=\"title-medium\">Preguntas frecuentes<\/h2>\n                <div class=\"faq__list\">\n                                    <div class=\"faq__item\">\n                            <p class=\"title-small\">\u00bfCu\u00e1nto dura la prueba gratuita? <span class=\"icon-plus\"><\/span><\/p>\n                            <div class=\"info\">\n                                <div class=\"description editor\">\n                                    <p data-start=\"108\" data-end=\"212\"><strong data-start=\"83\" data-end=\"95\">15 d\u00edas.<\/strong> Obtienes acceso completo a <strong data-start=\"123\" data-end=\"146\" data-is-only-node=\"\">todas las funcionalidades<\/strong>, sin l\u00edmites.<\/p>\n                                <\/div>\n                            <\/div>\n                        <\/div>\n                                    <div class=\"faq__item\">\n                            <p class=\"title-small\">\u00bfNecesito una tarjeta de cr\u00e9dito para empezar? <span class=\"icon-plus\"><\/span><\/p>\n                            <div class=\"info\">\n                                <div class=\"description editor\">\n                                    <p data-start=\"214\" data-end=\"329\"><strong data-start=\"83\" data-end=\"90\">No.<\/strong> Puedes probar <strong data-start=\"105\" data-end=\"128\" data-is-only-node=\"\">todas las funciones<\/strong> sin tarjeta de cr\u00e9dito ni compromiso.<\/p>\n                                <\/div>\n                            <\/div>\n                        <\/div>\n                                    <div class=\"faq__item\">\n                            <p class=\"title-small\">\u00bfQu\u00e9 sucede despu\u00e9s de que termine la prueba? <span class=\"icon-plus\"><\/span><\/p>\n                            <div class=\"info\">\n                                <div class=\"description editor\">\n                                    <p>Tu cuenta queda <strong data-start=\"99\" data-end=\"110\">pausada<\/strong>. Puedes elegir adquirir un plan (<strong data-start=\"135\" data-end=\"144\">Smart<\/strong> o <strong data-start=\"147\" data-end=\"159\">Business<\/strong>) para continuar.<\/p>\n                                <\/div>\n                            <\/div>\n                        <\/div>\n                                    <div class=\"faq__item\">\n                            <p class=\"title-small\">\u00bfQu\u00e9 opciones de facturaci\u00f3n est\u00e1n disponibles? <span class=\"icon-plus\"><\/span><\/p>\n                            <div class=\"info\">\n                                <div class=\"description editor\">\n                                    <p>Tanto el plan <strong data-start=\"100\" data-end=\"109\">Smart<\/strong> como el <strong data-start=\"115\" data-end=\"127\">Business<\/strong> puede facturarse de forma mensual o anual.<\/p>\n                                <\/div>\n                            <\/div>\n                        <\/div>\n                                    <div class=\"faq__item\">\n                            <p class=\"title-small\">\u00bfQu\u00e9 m\u00e9todos de pago puede usar? <span class=\"icon-plus\"><\/span><\/p>\n                            <div class=\"info\">\n                                <div class=\"description editor\">\n                                    <p data-start=\"83\" data-end=\"126\">Hay varios <strong data-start=\"94\" data-end=\"113\">m\u00e9todos de pago<\/strong> disponibles:<\/p>\n<ul data-start=\"128\" data-end=\"314\" data-is-last-node=\"\" data-is-only-node=\"\">\n<li data-start=\"128\" data-end=\"217\">\n<p data-start=\"130\" data-end=\"217\"><strong data-start=\"130\" data-end=\"165\">Transferencia bancaria<\/strong>: las licencias se activan al <strong data-start=\"195\" data-end=\"214\">recibir el pago<\/strong>.<\/p>\n<\/li>\n<li data-start=\"218\" data-end=\"314\" data-is-last-node=\"\">\n<p data-start=\"220\" data-end=\"314\" data-is-last-node=\"\"><strong data-start=\"220\" data-end=\"251\">Tarjeta de cr\u00e9dito \/ PayPal<\/strong>: las licencias se activan <strong data-start=\"278\" data-end=\"296\">inmediatamente<\/strong> despu\u00e9s del pago.<\/p>\n<\/li>\n<\/ul>\n                                <\/div>\n                            <\/div>\n                        <\/div>\n                                    <div class=\"faq__item\">\n                            <p class=\"title-small\">\u00bfPuedo cambiar de plan m\u00e1s adelante? <span class=\"icon-plus\"><\/span><\/p>\n                            <div class=\"info\">\n                                <div class=\"description editor\">\n                                    <p><strong data-start=\"83\" data-end=\"90\">S\u00ed<\/strong>, puedes <strong data-start=\"98\" data-end=\"127\" data-is-only-node=\"\">pasar de Smart a Business<\/strong> en cualquier momento.<br data-start=\"149\" data-end=\"152\" \/>Ten en cuenta que <strong data-start=\"170\" data-end=\"192\">todos los usuarios<\/strong> de una cuenta deben estar en el <strong data-start=\"225\" data-end=\"239\">mismo plan<\/strong> \u2014 no es posible mezclar usuarios Smart y Business.<\/p>\n                                <\/div>\n                            <\/div>\n                        <\/div>\n                                    <div class=\"faq__item\">\n                            <p class=\"title-small\">\u00bfMis datos est\u00e1n seguros? <span class=\"icon-plus\"><\/span><\/p>\n                            <div class=\"info\">\n                                <div class=\"description editor\">\n                                    <p><strong data-start=\"83\" data-end=\"90\">S\u00ed<\/strong>, todos los <strong data-start=\"101\" data-end=\"110\" data-is-only-node=\"\">datos<\/strong> est\u00e1n cifrados, almacenados en <strong data-start=\"142\" data-end=\"152\">Europa<\/strong> y cumplen plenamente con el <strong data-start=\"181\" data-end=\"189\">RGPD<\/strong>.<\/p>\n                                <\/div>\n                            <\/div>\n                        <\/div>\n                                    <div class=\"faq__item\">\n                            <p class=\"title-small\">\u00bfPuedo a\u00f1adir miembros del equipo durante la prueba? <span class=\"icon-plus\"><\/span><\/p>\n                            <div class=\"info\">\n                                <div class=\"description editor\">\n                                    <p><strong data-start=\"83\" data-end=\"89\">S\u00ed<\/strong> \u2014 puedes a\u00f1adir hasta <strong data-start=\"112\" data-end=\"127\" data-is-only-node=\"\">10 usuarios<\/strong> durante la prueba gratuita y colaborar igual que en la versi\u00f3n de pago.<br data-start=\"199\" data-end=\"202\" \/>Explora nuestra amplia gama de funcionalidades <strong data-start=\"243\" data-end=\"257\">intuitivas<\/strong> y <strong data-start=\"260\" data-end=\"279\">personalizables<\/strong>, dise\u00f1adas para ofrecerte una <strong data-start=\"310\" data-end=\"328\">libertad total<\/strong> y una buena experiencia de usuario.<\/p>\n                                <\/div>\n                            <\/div>\n                        <\/div>\n                                    <div class=\"faq__item\">\n                            <p class=\"title-small\">\u00bfHay soporte durante la prueba? <span class=\"icon-plus\"><\/span><\/p>\n                            <div class=\"info\">\n                                <div class=\"description editor\">\n                                    <p><strong data-start=\"83\" data-end=\"90\">S\u00ed, <\/strong>nuestro equipo <strong data-start=\"106\" data-end=\"121\" data-is-only-node=\"\">multiling\u00fce<\/strong> est\u00e1 disponible por <strong data-start=\"142\" data-end=\"164\">correo electr\u00f3nico<\/strong> o por <strong data-start=\"171\" data-end=\"183\">tel\u00e9fono<\/strong>.<br data-start=\"184\" data-end=\"187\" \/>Tambi\u00e9n contamos con <strong>formaciones grabadas<\/strong> y un <strong>Centro de Ayuda<\/strong> con los tutoriales necesarios para empezar.<\/p>\n                                <\/div>\n                            <\/div>\n                        <\/div>\n                    <\/div>\n                    <div class=\"wrap-btn\">\n                <a href=\"#\" class=\"btn btn-text btn--arrow show_more_questions\" data-plus=\" Mostrar m\u00e1s preguntas\" data-minus=\" Mostrar menos preguntas\"><span>Mostrar m\u00e1s preguntas<\/span><\/a>\n            <\/div>\n            <\/div>\n<\/div>\n\n\n<div class=\"box-blue\">\n    <div class=\"wrapper\">\n        <div class=\"box-blue__content\">\n                            <h2 class=\"title-medium\"><strong data-start=\"134\" data-end=\"148\" data-is-last-node=\"\">Nuestro equipo a tu disposici\u00f3n<\/strong>\n<\/h2>\n                        <div class=\"info\">\n                                    <div class=\"title-small editor\"><p>Nuestro equipo de Soporte y Servicio al Cliente est\u00e1 disponible de lunes a viernes de 09:00 a 18:00 (CET) para asistirte en lo que necesites. Aprovecha nuestro acompa\u00f1amiento para responder a todas tus preguntas sobre Kizeo Forms<\/p>\n<\/div>\n                \n                                    <a href=\"https:\/\/www.kizeo-forms.com\/es\/contacto\/\" target=\"\" class=\"btn btn-text btn-icon btn--green\"><span>Cont\u00e1ctanos <\/span> <span class=\"icon-right\"><\/span><\/a>\n                            <\/div>\n        <\/div>\n    <\/div>\n<\/div>\n\n<div class=\"editor-image \">\n    <div class=\"wrapper\">\n        <div class=\"row editor-image__content\">\n                                <\/div>\n    <\/div>\n<\/div>","protected":false},"excerpt":{"rendered":"","protected":false},"author":1,"featured_media":0,"parent":0,"menu_order":0,"comment_status":"closed","ping_status":"closed","template":"","meta":{"_acf_changed":false,"content-type":"","footnotes":""},"class_list":["post-2868","page","type-page","status-publish","hentry"],"acf":[],"yoast_head":"<!-- This site is optimized with the Yoast SEO Premium plugin v24.9 (Yoast SEO v24.9) - https:\/\/yoast.com\/wordpress\/plugins\/seo\/ -->\n<title>Kizeo Forms Precios - Conoce los planes y precios por usuario<\/title>\n<meta name=\"description\" content=\"Kizeo Forms ofrece 2 planes que se adaptan a las necesidades de sus usuarios. Haz una prueba gratis para descubrir todas las caracter\u00edsticas.\" \/>\n<meta name=\"robots\" content=\"index, follow, max-snippet:-1, max-image-preview:large, max-video-preview:-1\" \/>\n<link rel=\"canonical\" href=\"https:\/\/www.kizeo-forms.com\/es\/precios\/\" \/>\n<meta property=\"og:locale\" content=\"es_ES\" \/>\n<meta property=\"og:type\" content=\"article\" \/>\n<meta property=\"og:title\" content=\"Precios Kizeo Forms\" \/>\n<meta property=\"og:description\" content=\"Kizeo Forms ofrece 2 planes que se adaptan a las necesidades de sus usuarios. Haz una prueba gratis para descubrir todas las caracter\u00edsticas.\" \/>\n<meta property=\"og:url\" content=\"https:\/\/www.kizeo-forms.com\/es\/precios\/\" \/>\n<meta property=\"og:site_name\" content=\"Site ES\" \/>\n<meta property=\"article:modified_time\" content=\"2025-12-31T08:37:12+00:00\" \/>\n<meta name=\"twitter:card\" content=\"summary_large_image\" \/>\n<script type=\"application\/ld+json\" class=\"yoast-schema-graph\">{\"@context\":\"https:\/\/schema.org\",\"@graph\":[{\"@type\":\"WebPage\",\"@id\":\"https:\/\/www.kizeo-forms.com\/es\/precios\/\",\"url\":\"https:\/\/www.kizeo-forms.com\/es\/precios\/\",\"name\":\"Kizeo Forms Precios - Conoce los planes y precios por usuario\",\"isPartOf\":{\"@id\":\"https:\/\/www.kizeo-forms.com\/es\/#website\"},\"datePublished\":\"2024-04-22T11:28:36+00:00\",\"dateModified\":\"2025-12-31T08:37:12+00:00\",\"description\":\"Kizeo Forms ofrece 2 planes que se adaptan a las necesidades de sus usuarios. Haz una prueba gratis para descubrir todas las caracter\u00edsticas.\",\"breadcrumb\":{\"@id\":\"https:\/\/www.kizeo-forms.com\/es\/precios\/#breadcrumb\"},\"inLanguage\":\"es\",\"potentialAction\":[{\"@type\":\"ReadAction\",\"target\":[\"https:\/\/www.kizeo-forms.com\/es\/precios\/\"]}]},{\"@type\":\"BreadcrumbList\",\"@id\":\"https:\/\/www.kizeo-forms.com\/es\/precios\/#breadcrumb\",\"itemListElement\":[{\"@type\":\"ListItem\",\"position\":1,\"name\":\"Home\",\"item\":\"https:\/\/www.kizeo-forms.com\/es\/\"},{\"@type\":\"ListItem\",\"position\":2,\"name\":\"Precios Kizeo Forms\"}]},{\"@type\":\"WebSite\",\"@id\":\"https:\/\/www.kizeo-forms.com\/es\/#website\",\"url\":\"https:\/\/www.kizeo-forms.com\/es\/\",\"name\":\"Site ES\",\"description\":\"Kizeo Forms recoge datos en terreno para agilizar tus operaciones\",\"potentialAction\":[{\"@type\":\"SearchAction\",\"target\":{\"@type\":\"EntryPoint\",\"urlTemplate\":\"https:\/\/www.kizeo-forms.com\/es\/?s={search_term_string}\"},\"query-input\":{\"@type\":\"PropertyValueSpecification\",\"valueRequired\":true,\"valueName\":\"search_term_string\"}}],\"inLanguage\":\"es\"}]}<\/script>\n<!-- \/ Yoast SEO Premium plugin. -->","yoast_head_json":{"title":"Kizeo Forms Precios - Conoce los planes y precios por usuario","description":"Kizeo Forms ofrece 2 planes que se adaptan a las necesidades de sus usuarios. Haz una prueba gratis para descubrir todas las caracter\u00edsticas.","robots":{"index":"index","follow":"follow","max-snippet":"max-snippet:-1","max-image-preview":"max-image-preview:large","max-video-preview":"max-video-preview:-1"},"canonical":"https:\/\/www.kizeo-forms.com\/es\/precios\/","og_locale":"es_ES","og_type":"article","og_title":"Precios Kizeo Forms","og_description":"Kizeo Forms ofrece 2 planes que se adaptan a las necesidades de sus usuarios. Haz una prueba gratis para descubrir todas las caracter\u00edsticas.","og_url":"https:\/\/www.kizeo-forms.com\/es\/precios\/","og_site_name":"Site ES","article_modified_time":"2025-12-31T08:37:12+00:00","twitter_card":"summary_large_image","schema":{"@context":"https:\/\/schema.org","@graph":[{"@type":"WebPage","@id":"https:\/\/www.kizeo-forms.com\/es\/precios\/","url":"https:\/\/www.kizeo-forms.com\/es\/precios\/","name":"Kizeo Forms Precios - Conoce los planes y precios por usuario","isPartOf":{"@id":"https:\/\/www.kizeo-forms.com\/es\/#website"},"datePublished":"2024-04-22T11:28:36+00:00","dateModified":"2025-12-31T08:37:12+00:00","description":"Kizeo Forms ofrece 2 planes que se adaptan a las necesidades de sus usuarios. Haz una prueba gratis para descubrir todas las caracter\u00edsticas.","breadcrumb":{"@id":"https:\/\/www.kizeo-forms.com\/es\/precios\/#breadcrumb"},"inLanguage":"es","potentialAction":[{"@type":"ReadAction","target":["https:\/\/www.kizeo-forms.com\/es\/precios\/"]}]},{"@type":"BreadcrumbList","@id":"https:\/\/www.kizeo-forms.com\/es\/precios\/#breadcrumb","itemListElement":[{"@type":"ListItem","position":1,"name":"Home","item":"https:\/\/www.kizeo-forms.com\/es\/"},{"@type":"ListItem","position":2,"name":"Precios Kizeo Forms"}]},{"@type":"WebSite","@id":"https:\/\/www.kizeo-forms.com\/es\/#website","url":"https:\/\/www.kizeo-forms.com\/es\/","name":"Site ES","description":"Kizeo Forms recoge datos en terreno para agilizar tus operaciones","potentialAction":[{"@type":"SearchAction","target":{"@type":"EntryPoint","urlTemplate":"https:\/\/www.kizeo-forms.com\/es\/?s={search_term_string}"},"query-input":{"@type":"PropertyValueSpecification","valueRequired":true,"valueName":"search_term_string"}}],"inLanguage":"es"}]}},"_links":{"self":[{"href":"https:\/\/www.kizeo-forms.com\/es\/wp-json\/wp\/v2\/pages\/2868","targetHints":{"allow":["GET"]}}],"collection":[{"href":"https:\/\/www.kizeo-forms.com\/es\/wp-json\/wp\/v2\/pages"}],"about":[{"href":"https:\/\/www.kizeo-forms.com\/es\/wp-json\/wp\/v2\/types\/page"}],"author":[{"embeddable":true,"href":"https:\/\/www.kizeo-forms.com\/es\/wp-json\/wp\/v2\/users\/1"}],"replies":[{"embeddable":true,"href":"https:\/\/www.kizeo-forms.com\/es\/wp-json\/wp\/v2\/comments?post=2868"}],"version-history":[{"count":28,"href":"https:\/\/www.kizeo-forms.com\/es\/wp-json\/wp\/v2\/pages\/2868\/revisions"}],"predecessor-version":[{"id":9456,"href":"https:\/\/www.kizeo-forms.com\/es\/wp-json\/wp\/v2\/pages\/2868\/revisions\/9456"}],"wp:attachment":[{"href":"https:\/\/www.kizeo-forms.com\/es\/wp-json\/wp\/v2\/media?parent=2868"}],"curies":[{"name":"wp","href":"https:\/\/api.w.org\/{rel}","templated":true}]}}