{"id":4144,"date":"2024-09-30T10:25:13","date_gmt":"2024-09-30T10:25:13","guid":{"rendered":"https:\/\/www.kizeo-forms.com\/es\/?page_id=4144"},"modified":"2025-11-18T16:48:47","modified_gmt":"2025-11-18T16:48:47","slug":"demo","status":"publish","type":"page","link":"https:\/\/www.kizeo-forms.com\/es\/demo\/","title":{"rendered":"Solicita demo"},"content":{"rendered":"<div class=\"banner-contact\n    has-iframe\n  \">\n    <div class=\"wrapper\">\n        <div class=\"row\">\n            <div class=\"col-6\">\n                <div class=\"info\">\n                                            <h1 class=\"title-large text-anim\">\n                            <span class=\"text-anim__elem\">Solicita una demo<\/span>\n                        <\/h1>\n                                                                <p class=\"title-small\">Conoce Kizeo Forms de la mano de un experto<br>en una v\u00eddeo llamada de 30 minutos <\/p>\n                                                                <div class=\"description editor\">\n                            <p>Agenda una reuni\u00f3n gratuita y sin compromiso con nuestros expertos para comprender c\u00f3mo Kizeo Forms contribuye a eliminar el papel y automatizar varios procesos de tu empresa.<\/p>\n<p>Con una demo personalizada, descubre Kizeo Forms y comprueba si somos una buena opci\u00f3n para tu actividad.<\/p>\n                        <\/div>\n                                    <\/div>\n                \n            <\/div>\n            <div class=\"col-6\">\n                <div class=\"wrap-form\">\n                    <div class=\"list-form\">\n                        <!-- Start of Meetings Embed Script -->\r\n    <div class=\"meetings-iframe-container\" data-src=\"https:\/\/meetings.hubspot.com\/moreno2\/descubre-kizeo-forms?embed=true\"><\/div>\r\n<script type=\"text\/javascript\" src=\"https:\/\/static.hsappstatic.net\/MeetingsEmbed\/ex\/MeetingsEmbedCode.js\"><\/script>\r\n  <!-- End of Meetings Embed Script -->\r\n\r\n                    <\/div>\n                <\/div>\n            <\/div>\n        <\/div>\n        \n    <\/div>\n<\/div>\n\n\n<hr class=\"wp-block-separator has-text-color has-white-color has-alpha-channel-opacity has-white-background-color has-background\"\/>\n\n\n\n<div class=\"banner-big\">\n    <div class=\"wrapper\">\n        <div class=\"banner-big__content\">\n            <div class=\"info\">\n                                <h2 class=\"title-large\">\n                    \u00a1Prueba Kizeo Forms, <strong>gratis!<\/strong>                    <small>\n                        15 d\u00edas \u2002| \u2002Sin datos bancarios\u2002| \u2002Con soporte incluido                    <\/small>\n                <\/h2>\n                            <\/div>\n                            <a href=\"\/es\/prueba-gratis\/\" target=\"_blank\" class=\"btn btn-text btn-icon btn--green\">\n                    <span> Prueba gratis<\/span> <span class=\"icon-right\"><\/span>\n                <\/a>\n                        <div class=\"image\">\n                <picture><img decoding=\"async\" class=\"img\" src=\"https:\/\/www.kizeo-forms.com\/app\/themes\/kizeo\/assets\/\/images\/banner-big.png\" alt=\"banner-big.png\"><\/picture>\n            <\/div>\n        <\/div>\n    <\/div>\n<\/div>","protected":false},"excerpt":{"rendered":"","protected":false},"author":8,"featured_media":0,"parent":0,"menu_order":0,"comment_status":"closed","ping_status":"closed","template":"pages\/essai-gratuit.php","meta":{"_acf_changed":false,"content-type":"","footnotes":""},"class_list":["post-4144","page","type-page","status-publish","hentry"],"acf":[],"yoast_head":"<!-- This site is optimized with the Yoast SEO Premium plugin v24.9 (Yoast SEO v24.9) - https:\/\/yoast.com\/wordpress\/plugins\/seo\/ -->\n<title>Agenda una reuni\u00f3n demo con un experto Kizeo Forms<\/title>\n<meta name=\"description\" content=\"Comienza a usar formularios digitales en tu d\u00eda a d\u00eda. Reserva una reuni\u00f3n con nuestros expertos y descubre todo el potencial de Kizeo Forms\" \/>\n<meta name=\"robots\" content=\"index, follow, max-snippet:-1, max-image-preview:large, max-video-preview:-1\" \/>\n<link rel=\"canonical\" href=\"https:\/\/www.kizeo-forms.com\/es\/demo\/\" \/>\n<meta property=\"og:locale\" content=\"es_ES\" \/>\n<meta property=\"og:type\" content=\"article\" \/>\n<meta property=\"og:title\" content=\"Solicita demo\" \/>\n<meta property=\"og:description\" content=\"Comienza a usar formularios digitales en tu d\u00eda a d\u00eda. Reserva una reuni\u00f3n con nuestros expertos y descubre todo el potencial de Kizeo Forms\" \/>\n<meta property=\"og:url\" content=\"https:\/\/www.kizeo-forms.com\/es\/demo\/\" \/>\n<meta property=\"og:site_name\" content=\"Site ES\" \/>\n<meta property=\"article:modified_time\" content=\"2025-11-18T16:48:47+00:00\" \/>\n<meta name=\"twitter:card\" content=\"summary_large_image\" \/>\n<script type=\"application\/ld+json\" class=\"yoast-schema-graph\">{\"@context\":\"https:\/\/schema.org\",\"@graph\":[{\"@type\":\"WebPage\",\"@id\":\"https:\/\/www.kizeo-forms.com\/es\/demo\/\",\"url\":\"https:\/\/www.kizeo-forms.com\/es\/demo\/\",\"name\":\"Agenda una reuni\u00f3n demo con un experto Kizeo Forms\",\"isPartOf\":{\"@id\":\"https:\/\/www.kizeo-forms.com\/es\/#website\"},\"datePublished\":\"2024-09-30T10:25:13+00:00\",\"dateModified\":\"2025-11-18T16:48:47+00:00\",\"description\":\"Comienza a usar formularios digitales en tu d\u00eda a d\u00eda. Reserva una reuni\u00f3n con nuestros expertos y descubre todo el potencial de Kizeo Forms\",\"breadcrumb\":{\"@id\":\"https:\/\/www.kizeo-forms.com\/es\/demo\/#breadcrumb\"},\"inLanguage\":\"es\",\"potentialAction\":[{\"@type\":\"ReadAction\",\"target\":[\"https:\/\/www.kizeo-forms.com\/es\/demo\/\"]}]},{\"@type\":\"BreadcrumbList\",\"@id\":\"https:\/\/www.kizeo-forms.com\/es\/demo\/#breadcrumb\",\"itemListElement\":[{\"@type\":\"ListItem\",\"position\":1,\"name\":\"Home\",\"item\":\"https:\/\/www.kizeo-forms.com\/es\/\"},{\"@type\":\"ListItem\",\"position\":2,\"name\":\"Solicita demo\"}]},{\"@type\":\"WebSite\",\"@id\":\"https:\/\/www.kizeo-forms.com\/es\/#website\",\"url\":\"https:\/\/www.kizeo-forms.com\/es\/\",\"name\":\"Site ES\",\"description\":\"Kizeo Forms recoge datos en terreno para agilizar tus operaciones\",\"potentialAction\":[{\"@type\":\"SearchAction\",\"target\":{\"@type\":\"EntryPoint\",\"urlTemplate\":\"https:\/\/www.kizeo-forms.com\/es\/?s={search_term_string}\"},\"query-input\":{\"@type\":\"PropertyValueSpecification\",\"valueRequired\":true,\"valueName\":\"search_term_string\"}}],\"inLanguage\":\"es\"}]}<\/script>\n<!-- \/ Yoast SEO Premium plugin. -->","yoast_head_json":{"title":"Agenda una reuni\u00f3n demo con un experto Kizeo Forms","description":"Comienza a usar formularios digitales en tu d\u00eda a d\u00eda. Reserva una reuni\u00f3n con nuestros expertos y descubre todo el potencial de Kizeo Forms","robots":{"index":"index","follow":"follow","max-snippet":"max-snippet:-1","max-image-preview":"max-image-preview:large","max-video-preview":"max-video-preview:-1"},"canonical":"https:\/\/www.kizeo-forms.com\/es\/demo\/","og_locale":"es_ES","og_type":"article","og_title":"Solicita demo","og_description":"Comienza a usar formularios digitales en tu d\u00eda a d\u00eda. Reserva una reuni\u00f3n con nuestros expertos y descubre todo el potencial de Kizeo Forms","og_url":"https:\/\/www.kizeo-forms.com\/es\/demo\/","og_site_name":"Site ES","article_modified_time":"2025-11-18T16:48:47+00:00","twitter_card":"summary_large_image","schema":{"@context":"https:\/\/schema.org","@graph":[{"@type":"WebPage","@id":"https:\/\/www.kizeo-forms.com\/es\/demo\/","url":"https:\/\/www.kizeo-forms.com\/es\/demo\/","name":"Agenda una reuni\u00f3n demo con un experto Kizeo Forms","isPartOf":{"@id":"https:\/\/www.kizeo-forms.com\/es\/#website"},"datePublished":"2024-09-30T10:25:13+00:00","dateModified":"2025-11-18T16:48:47+00:00","description":"Comienza a usar formularios digitales en tu d\u00eda a d\u00eda. Reserva una reuni\u00f3n con nuestros expertos y descubre todo el potencial de Kizeo Forms","breadcrumb":{"@id":"https:\/\/www.kizeo-forms.com\/es\/demo\/#breadcrumb"},"inLanguage":"es","potentialAction":[{"@type":"ReadAction","target":["https:\/\/www.kizeo-forms.com\/es\/demo\/"]}]},{"@type":"BreadcrumbList","@id":"https:\/\/www.kizeo-forms.com\/es\/demo\/#breadcrumb","itemListElement":[{"@type":"ListItem","position":1,"name":"Home","item":"https:\/\/www.kizeo-forms.com\/es\/"},{"@type":"ListItem","position":2,"name":"Solicita demo"}]},{"@type":"WebSite","@id":"https:\/\/www.kizeo-forms.com\/es\/#website","url":"https:\/\/www.kizeo-forms.com\/es\/","name":"Site ES","description":"Kizeo Forms recoge datos en terreno para agilizar tus operaciones","potentialAction":[{"@type":"SearchAction","target":{"@type":"EntryPoint","urlTemplate":"https:\/\/www.kizeo-forms.com\/es\/?s={search_term_string}"},"query-input":{"@type":"PropertyValueSpecification","valueRequired":true,"valueName":"search_term_string"}}],"inLanguage":"es"}]}},"_links":{"self":[{"href":"https:\/\/www.kizeo-forms.com\/es\/wp-json\/wp\/v2\/pages\/4144","targetHints":{"allow":["GET"]}}],"collection":[{"href":"https:\/\/www.kizeo-forms.com\/es\/wp-json\/wp\/v2\/pages"}],"about":[{"href":"https:\/\/www.kizeo-forms.com\/es\/wp-json\/wp\/v2\/types\/page"}],"author":[{"embeddable":true,"href":"https:\/\/www.kizeo-forms.com\/es\/wp-json\/wp\/v2\/users\/8"}],"replies":[{"embeddable":true,"href":"https:\/\/www.kizeo-forms.com\/es\/wp-json\/wp\/v2\/comments?post=4144"}],"version-history":[{"count":47,"href":"https:\/\/www.kizeo-forms.com\/es\/wp-json\/wp\/v2\/pages\/4144\/revisions"}],"predecessor-version":[{"id":8828,"href":"https:\/\/www.kizeo-forms.com\/es\/wp-json\/wp\/v2\/pages\/4144\/revisions\/8828"}],"wp:attachment":[{"href":"https:\/\/www.kizeo-forms.com\/es\/wp-json\/wp\/v2\/media?parent=4144"}],"curies":[{"name":"wp","href":"https:\/\/api.w.org\/{rel}","templated":true}]}}