{"id":5583,"date":"2024-11-07T12:27:25","date_gmt":"2024-11-07T12:27:25","guid":{"rendered":"https:\/\/www.kizeo-forms.com\/es\/?page_id=5583"},"modified":"2025-09-25T15:48:53","modified_gmt":"2025-09-25T15:48:53","slug":"mentions-legales","status":"publish","type":"page","link":"https:\/\/www.kizeo-forms.com\/es\/mentions-legales\/","title":{"rendered":"Menciones legal"},"content":{"rendered":"  <link rel=\"preload\" fetchpriority=\"high\" as=\"image\" href=\"https:\/\/www.kizeo-forms.com\/app\/uploads\/sites\/21\/2022\/08\/que-es-kizeo-forms-1200x860.jpg\" type=\"image\/webp\">\n<div class=\"banner-cms banner-image\">\n            <div class=\"image\">\n            <picture><img decoding=\"async\" data-no-lazy=\"1\" class=\"img\" src=\"https:\/\/www.kizeo-forms.com\/app\/uploads\/sites\/21\/2022\/08\/que-es-kizeo-forms-1200x860.jpg\" alt=\"foto mujer escribe en ordenador\"><\/picture>\n        <\/div>\n            <div class=\"wrapper\">\n        <div class=\"banner-image__content\">\n                            <h1 class=\"title-large text-anim\">\n                    <span class=\"text-anim__elem\">Menciones legales<\/span>\n                <\/h1>\n                                <\/div>\n    <\/div>\n<\/div>\n\n\n\n<div class=\"wrap-editor\">\n    <div class=\"wrapper\">\n                            <div class=\"editor\">\n                <p><strong>Editor de la web<\/strong><br \/>\nLa p\u00e1gina web <a href=\"http:\/\/www.kizeo-forms.com\">www.kizeo-forms.com<\/a> es editada por Kizeo, sociedad por acciones simplificada (SAS) con un capital de 80.000 euros, inscrita en el Registro Mercantil de Avi\u00f1\u00f3n con el n\u00famero 537 845 836.<br \/>\nC\u00f3digo APE: 5829C<br \/>\nN\u00famero de IVA intracomunitario: FR 41 537 845 836<\/p>\n<p>Domicilio social<br \/>\nSAS Kizeo<br \/>\nHamadryade B\u00e2t 2, 2\u00aa planta<br \/>\n55 All\u00e9e Camille Claudel<br \/>\nBP 61252<br \/>\n84911 Avi\u00f1\u00f3n Cedex 09<br \/>\nTel\u00e9fono: 04 90 23 67 65<br \/>\nCorreo electr\u00f3nico: contact@kizeo.com<\/p>\n<p><strong>Presidente<\/strong><br \/>\nPhilippe Gellet<\/p>\n<p><strong>Derechos de propiedad intelectual<\/strong><br \/>\nLas marcas Kizeo y Kizeo Forms est\u00e1n registradas en el INPI. Cualquier reproducci\u00f3n, representaci\u00f3n, utilizaci\u00f3n o modificaci\u00f3n, por cualquier medio, sin la autorizaci\u00f3n expresa de Kizeo est\u00e1 estrictamente prohibida y constituye una infracci\u00f3n de los derechos de propiedad intelectual.<\/p>\n<p><strong>Alojamiento<\/strong><br \/>\nEl sitio web est\u00e1 alojado en <strong data-start=\"29\" data-end=\"74\">Google Cloud Platform (GCP), regi\u00f3n Par\u00eds<\/strong>.<\/p>\n<p><strong>Dise\u00f1o y desarrollo<\/strong><br \/>\nEl sitio ha sido desarrollado por la agencia <a href=\"https:\/\/www.fidesio.com\/\" target=\"_blank\" rel=\"noopener\">Fidesio<\/a>.<\/p>\n            <\/div>\n            <\/div>\n<\/div>","protected":false},"excerpt":{"rendered":"","protected":false},"author":5,"featured_media":0,"parent":0,"menu_order":0,"comment_status":"closed","ping_status":"closed","template":"","meta":{"_acf_changed":false,"content-type":"","footnotes":""},"class_list":["post-5583","page","type-page","status-publish","hentry"],"acf":[],"yoast_head":"<!-- This site is optimized with the Yoast SEO Premium plugin v24.9 (Yoast SEO v24.9) - https:\/\/yoast.com\/wordpress\/plugins\/seo\/ -->\n<title>Menciones legal<\/title>\n<meta name=\"description\" content=\"Conoce nuestras menciones legales de Kizeo Forms. Direcci\u00f3n y datos de contacto\" \/>\n<meta name=\"robots\" content=\"index, follow, max-snippet:-1, max-image-preview:large, max-video-preview:-1\" \/>\n<link rel=\"canonical\" href=\"https:\/\/www.kizeo-forms.com\/es\/mentions-legales\/\" \/>\n<meta property=\"og:locale\" content=\"es_ES\" \/>\n<meta property=\"og:type\" content=\"article\" \/>\n<meta property=\"og:title\" content=\"Menciones legal\" \/>\n<meta property=\"og:description\" content=\"Conoce nuestras menciones legales de Kizeo Forms. Direcci\u00f3n y datos de contacto\" \/>\n<meta property=\"og:url\" content=\"https:\/\/www.kizeo-forms.com\/es\/mentions-legales\/\" \/>\n<meta property=\"og:site_name\" content=\"Site ES\" \/>\n<meta property=\"article:modified_time\" content=\"2025-09-25T15:48:53+00:00\" \/>\n<meta name=\"twitter:card\" content=\"summary_large_image\" \/>\n<script type=\"application\/ld+json\" class=\"yoast-schema-graph\">{\"@context\":\"https:\/\/schema.org\",\"@graph\":[{\"@type\":\"WebPage\",\"@id\":\"https:\/\/www.kizeo-forms.com\/es\/mentions-legales\/\",\"url\":\"https:\/\/www.kizeo-forms.com\/es\/mentions-legales\/\",\"name\":\"Menciones legal\",\"isPartOf\":{\"@id\":\"https:\/\/www.kizeo-forms.com\/es\/#website\"},\"datePublished\":\"2024-11-07T12:27:25+00:00\",\"dateModified\":\"2025-09-25T15:48:53+00:00\",\"description\":\"Conoce nuestras menciones legales de Kizeo Forms. Direcci\u00f3n y datos de contacto\",\"breadcrumb\":{\"@id\":\"https:\/\/www.kizeo-forms.com\/es\/mentions-legales\/#breadcrumb\"},\"inLanguage\":\"es\",\"potentialAction\":[{\"@type\":\"ReadAction\",\"target\":[\"https:\/\/www.kizeo-forms.com\/es\/mentions-legales\/\"]}]},{\"@type\":\"BreadcrumbList\",\"@id\":\"https:\/\/www.kizeo-forms.com\/es\/mentions-legales\/#breadcrumb\",\"itemListElement\":[{\"@type\":\"ListItem\",\"position\":1,\"name\":\"Home\",\"item\":\"https:\/\/www.kizeo-forms.com\/es\/\"},{\"@type\":\"ListItem\",\"position\":2,\"name\":\"Menciones legal\"}]},{\"@type\":\"WebSite\",\"@id\":\"https:\/\/www.kizeo-forms.com\/es\/#website\",\"url\":\"https:\/\/www.kizeo-forms.com\/es\/\",\"name\":\"Site ES\",\"description\":\"Kizeo Forms recoge datos en terreno para agilizar tus operaciones\",\"potentialAction\":[{\"@type\":\"SearchAction\",\"target\":{\"@type\":\"EntryPoint\",\"urlTemplate\":\"https:\/\/www.kizeo-forms.com\/es\/?s={search_term_string}\"},\"query-input\":{\"@type\":\"PropertyValueSpecification\",\"valueRequired\":true,\"valueName\":\"search_term_string\"}}],\"inLanguage\":\"es\"}]}<\/script>\n<!-- \/ Yoast SEO Premium plugin. -->","yoast_head_json":{"title":"Menciones legal","description":"Conoce nuestras menciones legales de Kizeo Forms. Direcci\u00f3n y datos de contacto","robots":{"index":"index","follow":"follow","max-snippet":"max-snippet:-1","max-image-preview":"max-image-preview:large","max-video-preview":"max-video-preview:-1"},"canonical":"https:\/\/www.kizeo-forms.com\/es\/mentions-legales\/","og_locale":"es_ES","og_type":"article","og_title":"Menciones legal","og_description":"Conoce nuestras menciones legales de Kizeo Forms. Direcci\u00f3n y datos de contacto","og_url":"https:\/\/www.kizeo-forms.com\/es\/mentions-legales\/","og_site_name":"Site ES","article_modified_time":"2025-09-25T15:48:53+00:00","twitter_card":"summary_large_image","schema":{"@context":"https:\/\/schema.org","@graph":[{"@type":"WebPage","@id":"https:\/\/www.kizeo-forms.com\/es\/mentions-legales\/","url":"https:\/\/www.kizeo-forms.com\/es\/mentions-legales\/","name":"Menciones legal","isPartOf":{"@id":"https:\/\/www.kizeo-forms.com\/es\/#website"},"datePublished":"2024-11-07T12:27:25+00:00","dateModified":"2025-09-25T15:48:53+00:00","description":"Conoce nuestras menciones legales de Kizeo Forms. Direcci\u00f3n y datos de contacto","breadcrumb":{"@id":"https:\/\/www.kizeo-forms.com\/es\/mentions-legales\/#breadcrumb"},"inLanguage":"es","potentialAction":[{"@type":"ReadAction","target":["https:\/\/www.kizeo-forms.com\/es\/mentions-legales\/"]}]},{"@type":"BreadcrumbList","@id":"https:\/\/www.kizeo-forms.com\/es\/mentions-legales\/#breadcrumb","itemListElement":[{"@type":"ListItem","position":1,"name":"Home","item":"https:\/\/www.kizeo-forms.com\/es\/"},{"@type":"ListItem","position":2,"name":"Menciones legal"}]},{"@type":"WebSite","@id":"https:\/\/www.kizeo-forms.com\/es\/#website","url":"https:\/\/www.kizeo-forms.com\/es\/","name":"Site ES","description":"Kizeo Forms recoge datos en terreno para agilizar tus operaciones","potentialAction":[{"@type":"SearchAction","target":{"@type":"EntryPoint","urlTemplate":"https:\/\/www.kizeo-forms.com\/es\/?s={search_term_string}"},"query-input":{"@type":"PropertyValueSpecification","valueRequired":true,"valueName":"search_term_string"}}],"inLanguage":"es"}]}},"_links":{"self":[{"href":"https:\/\/www.kizeo-forms.com\/es\/wp-json\/wp\/v2\/pages\/5583","targetHints":{"allow":["GET"]}}],"collection":[{"href":"https:\/\/www.kizeo-forms.com\/es\/wp-json\/wp\/v2\/pages"}],"about":[{"href":"https:\/\/www.kizeo-forms.com\/es\/wp-json\/wp\/v2\/types\/page"}],"author":[{"embeddable":true,"href":"https:\/\/www.kizeo-forms.com\/es\/wp-json\/wp\/v2\/users\/5"}],"replies":[{"embeddable":true,"href":"https:\/\/www.kizeo-forms.com\/es\/wp-json\/wp\/v2\/comments?post=5583"}],"version-history":[{"count":4,"href":"https:\/\/www.kizeo-forms.com\/es\/wp-json\/wp\/v2\/pages\/5583\/revisions"}],"predecessor-version":[{"id":8790,"href":"https:\/\/www.kizeo-forms.com\/es\/wp-json\/wp\/v2\/pages\/5583\/revisions\/8790"}],"wp:attachment":[{"href":"https:\/\/www.kizeo-forms.com\/es\/wp-json\/wp\/v2\/media?parent=5583"}],"curies":[{"name":"wp","href":"https:\/\/api.w.org\/{rel}","templated":true}]}}