{"id":11022,"date":"2024-11-21T16:13:10","date_gmt":"2024-11-21T16:13:10","guid":{"rendered":"https:\/\/www.kizeo-forms.com\/fr\/?page_id=11022"},"modified":"2026-01-07T19:02:43","modified_gmt":"2026-01-07T17:02:43","slug":"rendez-vous","status":"publish","type":"page","link":"https:\/\/www.kizeo-forms.com\/fr\/rendez-vous\/","title":{"rendered":"D\u00e9mo"},"content":{"rendered":"<div class=\"banner-contact\n    has-iframe\n  \">\n    <div class=\"wrapper\">\n        <div class=\"row\">\n            <div class=\"col-6\">\n                <div class=\"info\">\n                                            <h1 class=\"title-large text-anim\">\n                            <span class=\"text-anim__elem\">Planifier un appel de d\u00e9couverte<\/span>\n                        <\/h1>\n                                                                <p class=\"title-small\">15 minutes pour \u00e9valuer votre projet <\/p>\n                                                                <div class=\"description editor\">\n                            <div class=\"p-rich_text_section\">\n<p>Choisissez le cr\u00e9neau qui vous convient et laissez-nous vous rappeler pour \u00e9changer sur vos besoins. Nos experts sont l\u00e0 pour vous guider et vous apporter une premi\u00e8re vision claire de ce que Kizeo Forms peut faire pour vous.<\/p>\n[\u26a0\ufe0f Si vous \u00eates d\u00e9j\u00e0 client, merci de contacter votre charg\u00e9 de compte ou nous adresser votre demande par mail \u00e0 <strong>contact@kizeo.com<\/strong>]\n<\/div>\n                        <\/div>\n                                    <\/div>\n                 \n                    <div class=\"review\">\n                       <!-- TrustBox widget - Micro Star -->\n                <div class=\"trustpilot-widget\" data-locale=\"fr-FR\" data-template-id=\"5419b732fbfb950b10de65e5\" data-businessunit-id=\"595b8ebb0000ff0005a5f12c\" data-style-height=\"24px\" data-style-width=\"100%\" data-theme=\"dark\">\n                    <a href=\"https:\/\/fr.trustpilot.com\/review\/kizeo-forms.com\" target=\"_blank\" rel=\"noopener\">Trustpilot<\/a>\n                <\/div>\n                <!-- End TrustBox widget -->\n                    <\/div>\n                \n            <\/div>\n            <div class=\"col-6\">\n                <div class=\"wrap-form\">\n                    <div class=\"list-form\">\n                        <!-- Start of Meetings Embed Script -->\r\n    <div class=\"meetings-iframe-container\" data-src=\"https:\/\/meetings.hubspot.com\/kizeoforms\/votre-projet?embed=true\"><\/div>\r\n    <script type=\"text\/javascript\" src=\"https:\/\/static.hsappstatic.net\/MeetingsEmbed\/ex\/MeetingsEmbedCode.js\"><\/script>\r\n  <!-- End of Meetings Embed Script -->                    <\/div>\n                <\/div>\n            <\/div>\n        <\/div>\n        \n    <\/div>\n<\/div>","protected":false},"excerpt":{"rendered":"","protected":false},"author":10,"featured_media":0,"parent":0,"menu_order":0,"comment_status":"closed","ping_status":"closed","template":"pages\/essai-gratuit.php","meta":{"_acf_changed":false,"content-type":"","footnotes":""},"class_list":["post-11022","page","type-page","status-publish","hentry"],"acf":[],"yoast_head":"<!-- This site is optimized with the Yoast SEO Premium plugin v24.9 (Yoast SEO v24.9) - https:\/\/yoast.com\/wordpress\/plugins\/seo\/ -->\n<title>Appel d\u00e9couverte gratuit | Kizeo Forms<\/title>\n<meta name=\"description\" content=\"R\u00e9servez un appel de 15 minutes avec nos experts Kizeo Forms. D\u00e9couvrez comment optimiser vos processus. Rapide, simple et efficace !\" \/>\n<meta name=\"robots\" content=\"index, follow, max-snippet:-1, max-image-preview:large, max-video-preview:-1\" \/>\n<link rel=\"canonical\" href=\"https:\/\/www.kizeo-forms.com\/fr\/rendez-vous\/\" \/>\n<meta property=\"og:locale\" content=\"fr_FR\" \/>\n<meta property=\"og:type\" content=\"article\" \/>\n<meta property=\"og:title\" content=\"D\u00e9mo\" \/>\n<meta property=\"og:description\" content=\"R\u00e9servez un appel de 15 minutes avec nos experts Kizeo Forms. D\u00e9couvrez comment optimiser vos processus. Rapide, simple et efficace !\" \/>\n<meta property=\"og:url\" content=\"https:\/\/www.kizeo-forms.com\/fr\/rendez-vous\/\" \/>\n<meta property=\"og:site_name\" content=\"Kizeo Forms FR\" \/>\n<meta property=\"article:modified_time\" content=\"2026-01-07T17:02:43+00:00\" \/>\n<meta name=\"twitter:card\" content=\"summary_large_image\" \/>\n<script type=\"application\/ld+json\" class=\"yoast-schema-graph\">{\"@context\":\"https:\/\/schema.org\",\"@graph\":[{\"@type\":\"WebPage\",\"@id\":\"https:\/\/www.kizeo-forms.com\/fr\/rendez-vous\/\",\"url\":\"https:\/\/www.kizeo-forms.com\/fr\/rendez-vous\/\",\"name\":\"Appel d\u00e9couverte gratuit | Kizeo Forms\",\"isPartOf\":{\"@id\":\"https:\/\/www.kizeo-forms.com\/fr\/#website\"},\"datePublished\":\"2024-11-21T16:13:10+00:00\",\"dateModified\":\"2026-01-07T17:02:43+00:00\",\"description\":\"R\u00e9servez un appel de 15 minutes avec nos experts Kizeo Forms. D\u00e9couvrez comment optimiser vos processus. Rapide, simple et efficace !\",\"breadcrumb\":{\"@id\":\"https:\/\/www.kizeo-forms.com\/fr\/rendez-vous\/#breadcrumb\"},\"inLanguage\":\"fr-FR\",\"potentialAction\":[{\"@type\":\"ReadAction\",\"target\":[\"https:\/\/www.kizeo-forms.com\/fr\/rendez-vous\/\"]}]},{\"@type\":\"BreadcrumbList\",\"@id\":\"https:\/\/www.kizeo-forms.com\/fr\/rendez-vous\/#breadcrumb\",\"itemListElement\":[{\"@type\":\"ListItem\",\"position\":1,\"name\":\"Home\",\"item\":\"https:\/\/www.kizeo-forms.com\/fr\/\"},{\"@type\":\"ListItem\",\"position\":2,\"name\":\"D\u00e9mo\"}]},{\"@type\":\"WebSite\",\"@id\":\"https:\/\/www.kizeo-forms.com\/fr\/#website\",\"url\":\"https:\/\/www.kizeo-forms.com\/fr\/\",\"name\":\"Kizeo Forms\",\"description\":\"Kizeo Forms digitalise vos interventions terrain et documents\",\"publisher\":{\"@id\":\"https:\/\/www.kizeo-forms.com\/fr\/#organization\"},\"potentialAction\":[{\"@type\":\"SearchAction\",\"target\":{\"@type\":\"EntryPoint\",\"urlTemplate\":\"https:\/\/www.kizeo-forms.com\/fr\/?s={search_term_string}\"},\"query-input\":{\"@type\":\"PropertyValueSpecification\",\"valueRequired\":true,\"valueName\":\"search_term_string\"}}],\"inLanguage\":\"fr-FR\"},{\"@type\":\"Organization\",\"@id\":\"https:\/\/www.kizeo-forms.com\/fr\/#organization\",\"name\":\"Kizeo Forms\",\"url\":\"https:\/\/www.kizeo-forms.com\/fr\/\",\"logo\":{\"@type\":\"ImageObject\",\"inLanguage\":\"fr-FR\",\"@id\":\"https:\/\/www.kizeo-forms.com\/fr\/#\/schema\/logo\/image\/\",\"url\":\"https:\/\/www.kizeo-forms.com\/app\/uploads\/sites\/19\/2024\/05\/kizeo-logo.svg\",\"contentUrl\":\"https:\/\/www.kizeo-forms.com\/app\/uploads\/sites\/19\/2024\/05\/kizeo-logo.svg\",\"width\":1,\"height\":1,\"caption\":\"Kizeo Forms\"},\"image\":{\"@id\":\"https:\/\/www.kizeo-forms.com\/fr\/#\/schema\/logo\/image\/\"}}]}<\/script>\n<!-- \/ Yoast SEO Premium plugin. -->","yoast_head_json":{"title":"Appel d\u00e9couverte gratuit | Kizeo Forms","description":"R\u00e9servez un appel de 15 minutes avec nos experts Kizeo Forms. D\u00e9couvrez comment optimiser vos processus. Rapide, simple et efficace !","robots":{"index":"index","follow":"follow","max-snippet":"max-snippet:-1","max-image-preview":"max-image-preview:large","max-video-preview":"max-video-preview:-1"},"canonical":"https:\/\/www.kizeo-forms.com\/fr\/rendez-vous\/","og_locale":"fr_FR","og_type":"article","og_title":"D\u00e9mo","og_description":"R\u00e9servez un appel de 15 minutes avec nos experts Kizeo Forms. D\u00e9couvrez comment optimiser vos processus. Rapide, simple et efficace !","og_url":"https:\/\/www.kizeo-forms.com\/fr\/rendez-vous\/","og_site_name":"Kizeo Forms FR","article_modified_time":"2026-01-07T17:02:43+00:00","twitter_card":"summary_large_image","schema":{"@context":"https:\/\/schema.org","@graph":[{"@type":"WebPage","@id":"https:\/\/www.kizeo-forms.com\/fr\/rendez-vous\/","url":"https:\/\/www.kizeo-forms.com\/fr\/rendez-vous\/","name":"Appel d\u00e9couverte gratuit | Kizeo Forms","isPartOf":{"@id":"https:\/\/www.kizeo-forms.com\/fr\/#website"},"datePublished":"2024-11-21T16:13:10+00:00","dateModified":"2026-01-07T17:02:43+00:00","description":"R\u00e9servez un appel de 15 minutes avec nos experts Kizeo Forms. D\u00e9couvrez comment optimiser vos processus. Rapide, simple et efficace !","breadcrumb":{"@id":"https:\/\/www.kizeo-forms.com\/fr\/rendez-vous\/#breadcrumb"},"inLanguage":"fr-FR","potentialAction":[{"@type":"ReadAction","target":["https:\/\/www.kizeo-forms.com\/fr\/rendez-vous\/"]}]},{"@type":"BreadcrumbList","@id":"https:\/\/www.kizeo-forms.com\/fr\/rendez-vous\/#breadcrumb","itemListElement":[{"@type":"ListItem","position":1,"name":"Home","item":"https:\/\/www.kizeo-forms.com\/fr\/"},{"@type":"ListItem","position":2,"name":"D\u00e9mo"}]},{"@type":"WebSite","@id":"https:\/\/www.kizeo-forms.com\/fr\/#website","url":"https:\/\/www.kizeo-forms.com\/fr\/","name":"Kizeo Forms","description":"Kizeo Forms digitalise vos interventions terrain et documents","publisher":{"@id":"https:\/\/www.kizeo-forms.com\/fr\/#organization"},"potentialAction":[{"@type":"SearchAction","target":{"@type":"EntryPoint","urlTemplate":"https:\/\/www.kizeo-forms.com\/fr\/?s={search_term_string}"},"query-input":{"@type":"PropertyValueSpecification","valueRequired":true,"valueName":"search_term_string"}}],"inLanguage":"fr-FR"},{"@type":"Organization","@id":"https:\/\/www.kizeo-forms.com\/fr\/#organization","name":"Kizeo Forms","url":"https:\/\/www.kizeo-forms.com\/fr\/","logo":{"@type":"ImageObject","inLanguage":"fr-FR","@id":"https:\/\/www.kizeo-forms.com\/fr\/#\/schema\/logo\/image\/","url":"https:\/\/www.kizeo-forms.com\/app\/uploads\/sites\/19\/2024\/05\/kizeo-logo.svg","contentUrl":"https:\/\/www.kizeo-forms.com\/app\/uploads\/sites\/19\/2024\/05\/kizeo-logo.svg","width":1,"height":1,"caption":"Kizeo Forms"},"image":{"@id":"https:\/\/www.kizeo-forms.com\/fr\/#\/schema\/logo\/image\/"}}]}},"_links":{"self":[{"href":"https:\/\/www.kizeo-forms.com\/fr\/wp-json\/wp\/v2\/pages\/11022","targetHints":{"allow":["GET"]}}],"collection":[{"href":"https:\/\/www.kizeo-forms.com\/fr\/wp-json\/wp\/v2\/pages"}],"about":[{"href":"https:\/\/www.kizeo-forms.com\/fr\/wp-json\/wp\/v2\/types\/page"}],"author":[{"embeddable":true,"href":"https:\/\/www.kizeo-forms.com\/fr\/wp-json\/wp\/v2\/users\/10"}],"replies":[{"embeddable":true,"href":"https:\/\/www.kizeo-forms.com\/fr\/wp-json\/wp\/v2\/comments?post=11022"}],"version-history":[{"count":104,"href":"https:\/\/www.kizeo-forms.com\/fr\/wp-json\/wp\/v2\/pages\/11022\/revisions"}],"predecessor-version":[{"id":20484,"href":"https:\/\/www.kizeo-forms.com\/fr\/wp-json\/wp\/v2\/pages\/11022\/revisions\/20484"}],"wp:attachment":[{"href":"https:\/\/www.kizeo-forms.com\/fr\/wp-json\/wp\/v2\/media?parent=11022"}],"curies":[{"name":"wp","href":"https:\/\/api.w.org\/{rel}","templated":true}]}}