{"id":20627,"date":"2026-03-31T16:10:42","date_gmt":"2026-03-31T14:10:42","guid":{"rendered":"https:\/\/www.kizeo-forms.com\/fr\/?page_id=20627"},"modified":"2026-05-12T11:36:29","modified_gmt":"2026-05-12T09:36:29","slug":"alternatives-kizeo-forms","status":"publish","type":"page","link":"https:\/\/www.kizeo-forms.com\/fr\/alternatives-kizeo-forms\/","title":{"rendered":"Alternatives \u00e0 Kizeo Forms"},"content":{"rendered":"  <link rel=\"preload\" fetchpriority=\"high\" as=\"image\" href=\"https:\/\/www.kizeo-forms.com\/app\/uploads\/sites\/19\/2026\/03\/fond-page-articles-comparatif-1920x860.jpg\" type=\"image\/webp\">\n<div class=\"banner-cms banner-image\">\n            <div class=\"image\">\n            <picture><img decoding=\"async\" data-no-lazy=\"1\" class=\"img\" src=\"https:\/\/www.kizeo-forms.com\/app\/uploads\/sites\/19\/2026\/03\/fond-page-articles-comparatif-1920x860.jpg\" alt=\"\"><\/picture>\n        <\/div>\n            <div class=\"wrapper\">\n        <div class=\"banner-image__content\">\n                            <h1 class=\"title-large text-anim\">\n                    <span class=\"text-anim__elem\">Alternatives \u00e0 Kizeo Forms : comparaison des solutions terrain (2026)<\/span>\n                <\/h1>\n                                <\/div>\n    <\/div>\n<\/div>\n\n\n\n<div class=\"wrap-editor\">\n    <div class=\"wrapper\">\n                            <div class=\"editor\">\n                <p>Vous cherchez une alternative \u00e0 Kizeo Forms ou souhaitez comparer les principales solutions de gestion terrain ?<\/p>\n<p>Nous avons analys\u00e9 et compar\u00e9 les outils du march\u00e9 pour vous aider \u00e0 faire le bon choix selon vos besoins : digitalisation des processus, gestion des interventions, automatisation ou exploitation des donn\u00e9es terrain.<\/p>\n<p>Retrouvez ci-dessous nos comparatifs d\u00e9taill\u00e9s entre Kizeo Forms et ses principaux concurrents, ainsi que des comparaisons entre solutions du march\u00e9.<\/p>\n<h2>Comparatifs avec Kizeo Forms<\/h2>\n<p>Comparez directement Kizeo Forms avec les solutions les plus utilis\u00e9es sur le march\u00e9<\/p>\n<ul>\n<li><a href=\"https:\/\/www.kizeo-forms.com\/fr\/alternatives-kizeo-forms\/kizeo-forms-vs-causeway-ermeo\/\"><strong>Kizeo Forms vs Causeway Ermeo<\/strong><\/a><\/li>\n<li><a href=\"https:\/\/www.kizeo-forms.com\/fr\/alternatives-kizeo-forms\/kizeo-forms-vs-praxedo\/\"><strong>Kizeo Forms vs Praxedo<\/strong><\/a><\/li>\n<li><strong><a href=\"https:\/\/www.kizeo-forms.com\/fr\/alternatives-kizeo-forms\/kizeo-forms-vs-kraaft-solution-terrain\/\">Kizeo Forms vs Kraaft<\/a><\/strong><\/li>\n<li><a href=\"https:\/\/www.kizeo-forms.com\/fr\/alternatives-kizeo-forms\/kizeo-forms-vs-alobees\/\"><strong>Kizeo Forms vs Alobees<\/strong><\/a><\/li>\n<li><strong><a href=\"https:\/\/www.kizeo-forms.com\/fr\/alternatives-kizeo-forms\/kizeo-forms-vs-organilog\/\">Kizeo Forns vs Organilog<\/a><\/strong><\/li>\n<li><strong><a href=\"https:\/\/www.kizeo-forms.com\/fr\/alternatives-kizeo-forms\/kizeo-forms-vs-google-forms\/\">Kizeo Forms vs Google Forms<\/a><\/strong><\/li>\n<li><a href=\"https:\/\/www.kizeo-forms.com\/fr\/alternatives-kizeo-forms\/kizeo-forms-vs-ia\/\"><strong>Kizeo Forms vs IA g\u00e9n\u00e9ratives<\/strong><\/a><\/li>\n<\/ul>\n            <\/div>\n            <\/div>\n<\/div>\n\n\n<h2 class=\"wp-block-heading has-text-align-center title-video-homepage\" id=\"h-vous-gerez-des-operations-terrain-des-interventions\">Vous g\u00e9rez des op\u00e9rations terrain, des interventions ?<\/h2>\n\n\n\n<p class=\"has-text-align-center\"><br>Alors choisir la bonne solution peut vous faire gagner un temps pr\u00e9cieux et fiabiliser toutes vos donn\u00e9es.<br><strong>D\u00e9couvrez en 60 secondes comment digitaliser simplement vos processus terrain avec Kizeo Forms.<\/strong><\/p>\n\n\n<div class=\"wrap-editor\">\n    <div class=\"wrapper\">\n                            <div class=\"editor\">\n                <p><iframe loading=\"lazy\" style=\"border-radius: 15px; box-shadow: 0 30px 80px rgba(0,0,0,0.25); border: none;\" src=\"https:\/\/www.youtube.com\/embed\/7NIi9-uoawc?autoplay=1&amp;mute=1&amp;controls=1&amp;modestbranding=1&amp;rel=0\" width=\"800\" height=\"450\" allowfullscreen=\"allowfullscreen\"><br \/>\n<\/iframe><\/p>\n            <\/div>\n            <\/div>\n<\/div>\n\n    <div class=\"cta-custom\">\n        <div class=\"wrapper\" style=\"text-align: center;\">\n            <a href=\"https:\/\/www.kizeo-forms.com\/fr\/produit\/\" target=\"\" class=\"btn btn-text btn-icon btn--green\">\n                <span>En savoir plus<\/span>\n                <span class=\"icon-right\"><\/span>\n            <\/a>\n        <\/div>\n    <\/div>\n\n\n\n<div class=\"wp-block-anchor-block-standard\" id=\"essai-gratuit\" data-anchor-padding=\"\" style=\"--data-anchor-padding: 0px\"><\/div>\n\n\n\n<div class=\"contact\">\n    <div class=\"wrapper\">\n        <div class=\"contact__content\">\n            <div class=\"image\">\n                <picture><img decoding=\"async\" class=\"img\" src=\"https:\/\/www.kizeo-forms.com\/app\/themes\/kizeo\/assets\/images\/contact-2.jpg\" alt=\"contact\" \/><\/picture>\n            <\/div>\n            <h2 class=\"title-large\">Testez ! C&rsquo;est gratuit 15 jours ! <small> Sans engagement, ni carte bancaire.<\/small><\/h2>\n            <script>\r\n\r\n  hbspt.forms.create({\r\n    portalId: \"9490190\",\r\n    formId: \"47d0f79e-42b8-46e1-9a56-2db5795a0a7b\",\r\n    region: \"na1\"\r\n  });\r\n<\/script>\n        <\/div>\n    <\/div>\n<\/div>","protected":false},"excerpt":{"rendered":"<p>Vous g\u00e9rez des op\u00e9rations terrain, des interventions ? Alors choisir la bonne solution peut vous faire gagner un temps pr\u00e9cieux et fiabiliser toutes vos donn\u00e9es.D\u00e9couvrez en 60 secondes comment digitaliser simplement vos processus terrain avec Kizeo Forms.<\/p>\n","protected":false},"author":19,"featured_media":0,"parent":0,"menu_order":0,"comment_status":"closed","ping_status":"closed","template":"","meta":{"_acf_changed":false,"content-type":"","footnotes":""},"class_list":["post-20627","page","type-page","status-publish","hentry"],"acf":[],"yoast_head":"<!-- This site is optimized with the Yoast SEO Premium plugin v24.9 (Yoast SEO v24.9) - https:\/\/yoast.com\/wordpress\/plugins\/seo\/ -->\n<title>Alternatives \u00e0 Kizeo Forms : comparatif des logiciels terrain (2026)<\/title>\n<meta name=\"description\" content=\"Vous cherchez une alternative \u00e0 Kizeo Forms ? Comparez les meilleures solutions terrain : fonctionnalit\u00e9s, IA, prix et cas d\u2019usage.\" \/>\n<meta name=\"robots\" content=\"index, follow, max-snippet:-1, max-image-preview:large, max-video-preview:-1\" \/>\n<link rel=\"canonical\" href=\"https:\/\/www.kizeo-forms.com\/fr\/alternatives-kizeo-forms\/\" \/>\n<meta property=\"og:locale\" content=\"fr_FR\" \/>\n<meta property=\"og:type\" content=\"article\" \/>\n<meta property=\"og:title\" content=\"Alternatives \u00e0 Kizeo Forms\" \/>\n<meta property=\"og:description\" content=\"Vous cherchez une alternative \u00e0 Kizeo Forms ? Comparez les meilleures solutions terrain : fonctionnalit\u00e9s, IA, prix et cas d\u2019usage.\" \/>\n<meta property=\"og:url\" content=\"https:\/\/www.kizeo-forms.com\/fr\/alternatives-kizeo-forms\/\" \/>\n<meta property=\"og:site_name\" content=\"Kizeo Forms FR\" \/>\n<meta property=\"article:modified_time\" content=\"2026-05-12T09:36:29+00:00\" \/>\n<meta name=\"twitter:card\" content=\"summary_large_image\" \/>\n<meta name=\"twitter:label1\" content=\"Dur\u00e9e de lecture estim\u00e9e\" \/>\n\t<meta name=\"twitter:data1\" content=\"1 minute\" \/>\n<script type=\"application\/ld+json\" class=\"yoast-schema-graph\">{\"@context\":\"https:\/\/schema.org\",\"@graph\":[{\"@type\":\"WebPage\",\"@id\":\"https:\/\/www.kizeo-forms.com\/fr\/alternatives-kizeo-forms\/\",\"url\":\"https:\/\/www.kizeo-forms.com\/fr\/alternatives-kizeo-forms\/\",\"name\":\"Alternatives \u00e0 Kizeo Forms : comparatif des logiciels terrain (2026)\",\"isPartOf\":{\"@id\":\"https:\/\/www.kizeo-forms.com\/fr\/#website\"},\"datePublished\":\"2026-03-31T14:10:42+00:00\",\"dateModified\":\"2026-05-12T09:36:29+00:00\",\"description\":\"Vous cherchez une alternative \u00e0 Kizeo Forms ? Comparez les meilleures solutions terrain : fonctionnalit\u00e9s, IA, prix et cas d\u2019usage.\",\"breadcrumb\":{\"@id\":\"https:\/\/www.kizeo-forms.com\/fr\/alternatives-kizeo-forms\/#breadcrumb\"},\"inLanguage\":\"fr-FR\",\"potentialAction\":[{\"@type\":\"ReadAction\",\"target\":[\"https:\/\/www.kizeo-forms.com\/fr\/alternatives-kizeo-forms\/\"]}]},{\"@type\":\"BreadcrumbList\",\"@id\":\"https:\/\/www.kizeo-forms.com\/fr\/alternatives-kizeo-forms\/#breadcrumb\",\"itemListElement\":[{\"@type\":\"ListItem\",\"position\":1,\"name\":\"Home\",\"item\":\"https:\/\/www.kizeo-forms.com\/fr\/\"},{\"@type\":\"ListItem\",\"position\":2,\"name\":\"Alternatives \u00e0 Kizeo Forms\"}]},{\"@type\":\"WebSite\",\"@id\":\"https:\/\/www.kizeo-forms.com\/fr\/#website\",\"url\":\"https:\/\/www.kizeo-forms.com\/fr\/\",\"name\":\"Kizeo Forms\",\"description\":\"Kizeo Forms digitalise vos interventions terrain et documents\",\"publisher\":{\"@id\":\"https:\/\/www.kizeo-forms.com\/fr\/#organization\"},\"potentialAction\":[{\"@type\":\"SearchAction\",\"target\":{\"@type\":\"EntryPoint\",\"urlTemplate\":\"https:\/\/www.kizeo-forms.com\/fr\/?s={search_term_string}\"},\"query-input\":{\"@type\":\"PropertyValueSpecification\",\"valueRequired\":true,\"valueName\":\"search_term_string\"}}],\"inLanguage\":\"fr-FR\"},{\"@type\":\"Organization\",\"@id\":\"https:\/\/www.kizeo-forms.com\/fr\/#organization\",\"name\":\"Kizeo Forms\",\"url\":\"https:\/\/www.kizeo-forms.com\/fr\/\",\"logo\":{\"@type\":\"ImageObject\",\"inLanguage\":\"fr-FR\",\"@id\":\"https:\/\/www.kizeo-forms.com\/fr\/#\/schema\/logo\/image\/\",\"url\":\"https:\/\/www.kizeo-forms.com\/app\/uploads\/sites\/19\/2024\/05\/kizeo-logo.svg\",\"contentUrl\":\"https:\/\/www.kizeo-forms.com\/app\/uploads\/sites\/19\/2024\/05\/kizeo-logo.svg\",\"width\":1,\"height\":1,\"caption\":\"Kizeo Forms\"},\"image\":{\"@id\":\"https:\/\/www.kizeo-forms.com\/fr\/#\/schema\/logo\/image\/\"}}]}<\/script>\n<!-- \/ Yoast SEO Premium plugin. -->","yoast_head_json":{"title":"Alternatives \u00e0 Kizeo Forms : comparatif des logiciels terrain (2026)","description":"Vous cherchez une alternative \u00e0 Kizeo Forms ? Comparez les meilleures solutions terrain : fonctionnalit\u00e9s, IA, prix et cas d\u2019usage.","robots":{"index":"index","follow":"follow","max-snippet":"max-snippet:-1","max-image-preview":"max-image-preview:large","max-video-preview":"max-video-preview:-1"},"canonical":"https:\/\/www.kizeo-forms.com\/fr\/alternatives-kizeo-forms\/","og_locale":"fr_FR","og_type":"article","og_title":"Alternatives \u00e0 Kizeo Forms","og_description":"Vous cherchez une alternative \u00e0 Kizeo Forms ? Comparez les meilleures solutions terrain : fonctionnalit\u00e9s, IA, prix et cas d\u2019usage.","og_url":"https:\/\/www.kizeo-forms.com\/fr\/alternatives-kizeo-forms\/","og_site_name":"Kizeo Forms FR","article_modified_time":"2026-05-12T09:36:29+00:00","twitter_card":"summary_large_image","twitter_misc":{"Dur\u00e9e de lecture estim\u00e9e":"1 minute"},"schema":{"@context":"https:\/\/schema.org","@graph":[{"@type":"WebPage","@id":"https:\/\/www.kizeo-forms.com\/fr\/alternatives-kizeo-forms\/","url":"https:\/\/www.kizeo-forms.com\/fr\/alternatives-kizeo-forms\/","name":"Alternatives \u00e0 Kizeo Forms : comparatif des logiciels terrain (2026)","isPartOf":{"@id":"https:\/\/www.kizeo-forms.com\/fr\/#website"},"datePublished":"2026-03-31T14:10:42+00:00","dateModified":"2026-05-12T09:36:29+00:00","description":"Vous cherchez une alternative \u00e0 Kizeo Forms ? Comparez les meilleures solutions terrain : fonctionnalit\u00e9s, IA, prix et cas d\u2019usage.","breadcrumb":{"@id":"https:\/\/www.kizeo-forms.com\/fr\/alternatives-kizeo-forms\/#breadcrumb"},"inLanguage":"fr-FR","potentialAction":[{"@type":"ReadAction","target":["https:\/\/www.kizeo-forms.com\/fr\/alternatives-kizeo-forms\/"]}]},{"@type":"BreadcrumbList","@id":"https:\/\/www.kizeo-forms.com\/fr\/alternatives-kizeo-forms\/#breadcrumb","itemListElement":[{"@type":"ListItem","position":1,"name":"Home","item":"https:\/\/www.kizeo-forms.com\/fr\/"},{"@type":"ListItem","position":2,"name":"Alternatives \u00e0 Kizeo Forms"}]},{"@type":"WebSite","@id":"https:\/\/www.kizeo-forms.com\/fr\/#website","url":"https:\/\/www.kizeo-forms.com\/fr\/","name":"Kizeo Forms","description":"Kizeo Forms digitalise vos interventions terrain et documents","publisher":{"@id":"https:\/\/www.kizeo-forms.com\/fr\/#organization"},"potentialAction":[{"@type":"SearchAction","target":{"@type":"EntryPoint","urlTemplate":"https:\/\/www.kizeo-forms.com\/fr\/?s={search_term_string}"},"query-input":{"@type":"PropertyValueSpecification","valueRequired":true,"valueName":"search_term_string"}}],"inLanguage":"fr-FR"},{"@type":"Organization","@id":"https:\/\/www.kizeo-forms.com\/fr\/#organization","name":"Kizeo Forms","url":"https:\/\/www.kizeo-forms.com\/fr\/","logo":{"@type":"ImageObject","inLanguage":"fr-FR","@id":"https:\/\/www.kizeo-forms.com\/fr\/#\/schema\/logo\/image\/","url":"https:\/\/www.kizeo-forms.com\/app\/uploads\/sites\/19\/2024\/05\/kizeo-logo.svg","contentUrl":"https:\/\/www.kizeo-forms.com\/app\/uploads\/sites\/19\/2024\/05\/kizeo-logo.svg","width":1,"height":1,"caption":"Kizeo Forms"},"image":{"@id":"https:\/\/www.kizeo-forms.com\/fr\/#\/schema\/logo\/image\/"}}]}},"_links":{"self":[{"href":"https:\/\/www.kizeo-forms.com\/fr\/wp-json\/wp\/v2\/pages\/20627","targetHints":{"allow":["GET"]}}],"collection":[{"href":"https:\/\/www.kizeo-forms.com\/fr\/wp-json\/wp\/v2\/pages"}],"about":[{"href":"https:\/\/www.kizeo-forms.com\/fr\/wp-json\/wp\/v2\/types\/page"}],"author":[{"embeddable":true,"href":"https:\/\/www.kizeo-forms.com\/fr\/wp-json\/wp\/v2\/users\/19"}],"replies":[{"embeddable":true,"href":"https:\/\/www.kizeo-forms.com\/fr\/wp-json\/wp\/v2\/comments?post=20627"}],"version-history":[{"count":21,"href":"https:\/\/www.kizeo-forms.com\/fr\/wp-json\/wp\/v2\/pages\/20627\/revisions"}],"predecessor-version":[{"id":21329,"href":"https:\/\/www.kizeo-forms.com\/fr\/wp-json\/wp\/v2\/pages\/20627\/revisions\/21329"}],"wp:attachment":[{"href":"https:\/\/www.kizeo-forms.com\/fr\/wp-json\/wp\/v2\/media?parent=20627"}],"curies":[{"name":"wp","href":"https:\/\/api.w.org\/{rel}","templated":true}]}}