{"id":7829,"date":"2024-10-22T12:45:10","date_gmt":"2024-10-22T12:45:10","guid":{"rendered":"https:\/\/www.kizeo-forms.com\/fr\/?page_id=7829"},"modified":"2025-09-25T17:44:31","modified_gmt":"2025-09-25T15:44:31","slug":"mentions-legales","status":"publish","type":"page","link":"https:\/\/www.kizeo-forms.com\/fr\/mentions-legales\/","title":{"rendered":"Mentions L\u00e9gales"},"content":{"rendered":"  <link rel=\"preload\" fetchpriority=\"high\" as=\"image\" href=\"https:\/\/www.kizeo-forms.com\/app\/uploads\/sites\/19\/2024\/10\/Mentions-Legales-1920x860.webp\" type=\"image\/webp\">\n<div class=\"banner-cms banner-image\">\n            <div class=\"image\">\n            <picture><img decoding=\"async\" data-no-lazy=\"1\" class=\"img\" src=\"https:\/\/www.kizeo-forms.com\/app\/uploads\/sites\/19\/2024\/10\/Mentions-Legales-1920x860.webp\" alt=\"\"><\/picture>\n        <\/div>\n            <div class=\"wrapper\">\n        <div class=\"banner-image__content\">\n                            <h1 class=\"title-large text-anim\">\n                    <span class=\"text-anim__elem\">Mentions L\u00e9gales<\/span>\n                <\/h1>\n                                <\/div>\n    <\/div>\n<\/div>\n\n\n\n<div class=\"wrap-editor\">\n    <div class=\"wrapper\">\n                            <div class=\"editor\">\n                <p><strong>\u00c9diteur du site<\/strong><br \/>\nLe site <a href=\"https:\/\/www.kizeo-forms.com\" target=\"_new\" rel=\"noopener\">www.kizeo-forms.com<\/a> est \u00e9dit\u00e9 par la soci\u00e9t\u00e9 Kizeo, soci\u00e9t\u00e9 par actions simplifi\u00e9e (SAS) au capital de 80 000 \u20ac, immatricul\u00e9e au RCS d&rsquo;Avignon sous le num\u00e9ro 537 845 836.<br \/>\nCode APE : 5829C<br \/>\nNum\u00e9ro de TVA intracommunautaire : FR 41 537 845 836<\/p>\n<p><strong>Si\u00e8ge social<\/strong><br \/>\nSAS Kizeo<br \/>\nHamadryade B\u00e2t 2, 2\u00e8me \u00e9tage<br \/>\n55 All\u00e9e Camille Claudel<br \/>\nBP 61252<br \/>\n84911 Avignon Cedex 09<br \/>\nT\u00e9l\u00e9phone : 04 90 23 67 65<br \/>\nEmail : <a rel=\"noopener\">contact@kizeo.com<\/a><\/p>\n<p><strong>Pr\u00e9sident<\/strong><br \/>\nPhilippe Gellet<\/p>\n<p><strong>Propri\u00e9t\u00e9 intellectuelle<\/strong><br \/>\nLes marques Kizeo et Kizeo Forms sont des marques d\u00e9pos\u00e9es \u00e0 l\u2019INPI. Toute reproduction, repr\u00e9sentation, utilisation ou modification, par quelque proc\u00e9d\u00e9 que ce soit, sans l&rsquo;autorisation expresse de la soci\u00e9t\u00e9 Kizeo est strictement interdite et constitue un d\u00e9lit de contrefa\u00e7on.<\/p>\n<p><strong>H\u00e9bergement<\/strong><br \/>\nLe site est h\u00e9berg\u00e9 par : GCP (Paris).<\/p>\n<p><strong>Conception et d\u00e9veloppement<\/strong><br \/>\nLe d\u00e9veloppement du site est assur\u00e9 par l\u2019agence <a href=\"https:\/\/www.fidesio.com\/\">Fidesio<\/a>.<\/p>\n<p><strong>Gestion des donn\u00e9es personnelles<\/strong><br \/>\nConditions d&rsquo;exercice de droits dans la <a href=\"https:\/\/www.kizeo-forms.com\/fr\/politique-confidentialite\/\">politique de confidentialit\u00e9<\/a>.<\/p>\n            <\/div>\n            <\/div>\n<\/div>","protected":false},"excerpt":{"rendered":"","protected":false},"author":10,"featured_media":0,"parent":0,"menu_order":0,"comment_status":"closed","ping_status":"closed","template":"","meta":{"_acf_changed":false,"content-type":"","footnotes":""},"class_list":["post-7829","page","type-page","status-publish","hentry"],"acf":[],"yoast_head":"<!-- This site is optimized with the Yoast SEO Premium plugin v24.9 (Yoast SEO v24.9) - https:\/\/yoast.com\/wordpress\/plugins\/seo\/ -->\n<title>Mentions L\u00e9gales | Kizeo Forms<\/title>\n<meta name=\"description\" content=\"Consultez les mentions l\u00e9gales du site Kizeo Forms. Ce site respecte les obligations l\u00e9gales.\" \/>\n<meta name=\"robots\" content=\"index, follow, max-snippet:-1, max-image-preview:large, max-video-preview:-1\" \/>\n<link rel=\"canonical\" href=\"https:\/\/www.kizeo-forms.com\/fr\/mentions-legales\/\" \/>\n<meta property=\"og:locale\" content=\"fr_FR\" \/>\n<meta property=\"og:type\" content=\"article\" \/>\n<meta property=\"og:title\" content=\"Mentions L\u00e9gales\" \/>\n<meta property=\"og:description\" content=\"Consultez les mentions l\u00e9gales du site Kizeo Forms. Ce site respecte les obligations l\u00e9gales.\" \/>\n<meta property=\"og:url\" content=\"https:\/\/www.kizeo-forms.com\/fr\/mentions-legales\/\" \/>\n<meta property=\"og:site_name\" content=\"Kizeo Forms FR\" \/>\n<meta property=\"article:modified_time\" content=\"2025-09-25T15:44:31+00:00\" \/>\n<meta name=\"twitter:card\" content=\"summary_large_image\" \/>\n<script type=\"application\/ld+json\" class=\"yoast-schema-graph\">{\"@context\":\"https:\/\/schema.org\",\"@graph\":[{\"@type\":\"WebPage\",\"@id\":\"https:\/\/www.kizeo-forms.com\/fr\/mentions-legales\/\",\"url\":\"https:\/\/www.kizeo-forms.com\/fr\/mentions-legales\/\",\"name\":\"Mentions L\u00e9gales | Kizeo Forms\",\"isPartOf\":{\"@id\":\"https:\/\/www.kizeo-forms.com\/fr\/#website\"},\"datePublished\":\"2024-10-22T12:45:10+00:00\",\"dateModified\":\"2025-09-25T15:44:31+00:00\",\"description\":\"Consultez les mentions l\u00e9gales du site Kizeo Forms. Ce site respecte les obligations l\u00e9gales.\",\"breadcrumb\":{\"@id\":\"https:\/\/www.kizeo-forms.com\/fr\/mentions-legales\/#breadcrumb\"},\"inLanguage\":\"fr-FR\",\"potentialAction\":[{\"@type\":\"ReadAction\",\"target\":[\"https:\/\/www.kizeo-forms.com\/fr\/mentions-legales\/\"]}]},{\"@type\":\"BreadcrumbList\",\"@id\":\"https:\/\/www.kizeo-forms.com\/fr\/mentions-legales\/#breadcrumb\",\"itemListElement\":[{\"@type\":\"ListItem\",\"position\":1,\"name\":\"Home\",\"item\":\"https:\/\/www.kizeo-forms.com\/fr\/\"},{\"@type\":\"ListItem\",\"position\":2,\"name\":\"Mentions L\u00e9gales\"}]},{\"@type\":\"WebSite\",\"@id\":\"https:\/\/www.kizeo-forms.com\/fr\/#website\",\"url\":\"https:\/\/www.kizeo-forms.com\/fr\/\",\"name\":\"Kizeo Forms\",\"description\":\"Kizeo Forms digitalise vos interventions terrain et documents\",\"publisher\":{\"@id\":\"https:\/\/www.kizeo-forms.com\/fr\/#organization\"},\"potentialAction\":[{\"@type\":\"SearchAction\",\"target\":{\"@type\":\"EntryPoint\",\"urlTemplate\":\"https:\/\/www.kizeo-forms.com\/fr\/?s={search_term_string}\"},\"query-input\":{\"@type\":\"PropertyValueSpecification\",\"valueRequired\":true,\"valueName\":\"search_term_string\"}}],\"inLanguage\":\"fr-FR\"},{\"@type\":\"Organization\",\"@id\":\"https:\/\/www.kizeo-forms.com\/fr\/#organization\",\"name\":\"Kizeo Forms\",\"url\":\"https:\/\/www.kizeo-forms.com\/fr\/\",\"logo\":{\"@type\":\"ImageObject\",\"inLanguage\":\"fr-FR\",\"@id\":\"https:\/\/www.kizeo-forms.com\/fr\/#\/schema\/logo\/image\/\",\"url\":\"https:\/\/www.kizeo-forms.com\/app\/uploads\/sites\/19\/2024\/05\/kizeo-logo.svg\",\"contentUrl\":\"https:\/\/www.kizeo-forms.com\/app\/uploads\/sites\/19\/2024\/05\/kizeo-logo.svg\",\"width\":1,\"height\":1,\"caption\":\"Kizeo Forms\"},\"image\":{\"@id\":\"https:\/\/www.kizeo-forms.com\/fr\/#\/schema\/logo\/image\/\"}}]}<\/script>\n<!-- \/ Yoast SEO Premium plugin. -->","yoast_head_json":{"title":"Mentions L\u00e9gales | Kizeo Forms","description":"Consultez les mentions l\u00e9gales du site Kizeo Forms. Ce site respecte les obligations l\u00e9gales.","robots":{"index":"index","follow":"follow","max-snippet":"max-snippet:-1","max-image-preview":"max-image-preview:large","max-video-preview":"max-video-preview:-1"},"canonical":"https:\/\/www.kizeo-forms.com\/fr\/mentions-legales\/","og_locale":"fr_FR","og_type":"article","og_title":"Mentions L\u00e9gales","og_description":"Consultez les mentions l\u00e9gales du site Kizeo Forms. Ce site respecte les obligations l\u00e9gales.","og_url":"https:\/\/www.kizeo-forms.com\/fr\/mentions-legales\/","og_site_name":"Kizeo Forms FR","article_modified_time":"2025-09-25T15:44:31+00:00","twitter_card":"summary_large_image","schema":{"@context":"https:\/\/schema.org","@graph":[{"@type":"WebPage","@id":"https:\/\/www.kizeo-forms.com\/fr\/mentions-legales\/","url":"https:\/\/www.kizeo-forms.com\/fr\/mentions-legales\/","name":"Mentions L\u00e9gales | Kizeo Forms","isPartOf":{"@id":"https:\/\/www.kizeo-forms.com\/fr\/#website"},"datePublished":"2024-10-22T12:45:10+00:00","dateModified":"2025-09-25T15:44:31+00:00","description":"Consultez les mentions l\u00e9gales du site Kizeo Forms. Ce site respecte les obligations l\u00e9gales.","breadcrumb":{"@id":"https:\/\/www.kizeo-forms.com\/fr\/mentions-legales\/#breadcrumb"},"inLanguage":"fr-FR","potentialAction":[{"@type":"ReadAction","target":["https:\/\/www.kizeo-forms.com\/fr\/mentions-legales\/"]}]},{"@type":"BreadcrumbList","@id":"https:\/\/www.kizeo-forms.com\/fr\/mentions-legales\/#breadcrumb","itemListElement":[{"@type":"ListItem","position":1,"name":"Home","item":"https:\/\/www.kizeo-forms.com\/fr\/"},{"@type":"ListItem","position":2,"name":"Mentions L\u00e9gales"}]},{"@type":"WebSite","@id":"https:\/\/www.kizeo-forms.com\/fr\/#website","url":"https:\/\/www.kizeo-forms.com\/fr\/","name":"Kizeo Forms","description":"Kizeo Forms digitalise vos interventions terrain et documents","publisher":{"@id":"https:\/\/www.kizeo-forms.com\/fr\/#organization"},"potentialAction":[{"@type":"SearchAction","target":{"@type":"EntryPoint","urlTemplate":"https:\/\/www.kizeo-forms.com\/fr\/?s={search_term_string}"},"query-input":{"@type":"PropertyValueSpecification","valueRequired":true,"valueName":"search_term_string"}}],"inLanguage":"fr-FR"},{"@type":"Organization","@id":"https:\/\/www.kizeo-forms.com\/fr\/#organization","name":"Kizeo Forms","url":"https:\/\/www.kizeo-forms.com\/fr\/","logo":{"@type":"ImageObject","inLanguage":"fr-FR","@id":"https:\/\/www.kizeo-forms.com\/fr\/#\/schema\/logo\/image\/","url":"https:\/\/www.kizeo-forms.com\/app\/uploads\/sites\/19\/2024\/05\/kizeo-logo.svg","contentUrl":"https:\/\/www.kizeo-forms.com\/app\/uploads\/sites\/19\/2024\/05\/kizeo-logo.svg","width":1,"height":1,"caption":"Kizeo Forms"},"image":{"@id":"https:\/\/www.kizeo-forms.com\/fr\/#\/schema\/logo\/image\/"}}]}},"_links":{"self":[{"href":"https:\/\/www.kizeo-forms.com\/fr\/wp-json\/wp\/v2\/pages\/7829","targetHints":{"allow":["GET"]}}],"collection":[{"href":"https:\/\/www.kizeo-forms.com\/fr\/wp-json\/wp\/v2\/pages"}],"about":[{"href":"https:\/\/www.kizeo-forms.com\/fr\/wp-json\/wp\/v2\/types\/page"}],"author":[{"embeddable":true,"href":"https:\/\/www.kizeo-forms.com\/fr\/wp-json\/wp\/v2\/users\/10"}],"replies":[{"embeddable":true,"href":"https:\/\/www.kizeo-forms.com\/fr\/wp-json\/wp\/v2\/comments?post=7829"}],"version-history":[{"count":10,"href":"https:\/\/www.kizeo-forms.com\/fr\/wp-json\/wp\/v2\/pages\/7829\/revisions"}],"predecessor-version":[{"id":16550,"href":"https:\/\/www.kizeo-forms.com\/fr\/wp-json\/wp\/v2\/pages\/7829\/revisions\/16550"}],"wp:attachment":[{"href":"https:\/\/www.kizeo-forms.com\/fr\/wp-json\/wp\/v2\/media?parent=7829"}],"curies":[{"name":"wp","href":"https:\/\/api.w.org\/{rel}","templated":true}]}}