{"id":811,"date":"2024-04-24T03:02:50","date_gmt":"2024-04-24T03:02:50","guid":{"rendered":"https:\/\/www.kizeo-forms.com\/fr\/?page_id=811"},"modified":"2026-01-22T17:45:57","modified_gmt":"2026-01-22T15:45:57","slug":"contact","status":"publish","type":"page","link":"https:\/\/www.kizeo-forms.com\/fr\/contact\/","title":{"rendered":"Contact"},"content":{"rendered":"<div class=\"banner-contact\">\n    <div class=\"wrapper\">\n        <div class=\"row\">\n            <div class=\"col-6\">\n                <div class=\"info\">\n                                            <h1 class=\"title-large text-anim\">\n                            <span class=\"text-anim__elem\">Une question, un besoin, un projet ?<\/span>\n                        <\/h1>\n                                                                                    <div class=\"description editor\">\n                            <p>Nos \u00e9quipes sont \u00e0 votre \u00e9coute pour vous accompagner, que ce soit pour une demande commerciale ou une assistance technique.<\/p>\n<p>Remplissez simplement le formulaire : nous vous contacterons dans les plus brefs d\u00e9lais.<\/p>\n<p>Vous pouvez \u00e9galement consulter au pr\u00e9alable nos ressources comme notre <a href=\"\/fr\/faq\">FAQ <\/a>ou notre <a href=\"https:\/\/support.kizeo.com\/fr\/\">Centre d&rsquo;Aide<\/a>.<\/p>\n                        <\/div>\n                                                        <\/div>\n                            <\/div>\n            <div class=\"col-6\">\n                <div class=\"wrap-form\">\n                                            <div class=\"list-tab\">\n                                                            <div class=\"tab active\">\n                                    <span class=\"icon icon-hand\"><\/span>\n                                    <p> Service commercial<\/p>\n                                <\/div>\n                                                                                        <div class=\"tab\">\n                                    <span class=\"icon icon-support\"><\/span>\n                                    <p> Service support<\/p>\n                                <\/div>\n                                                    <\/div>\n                                        <div class=\"list-form\">\n                        <script>\n                            hbspt.forms.create({\r\n    portalId: \"9490190\",\r\n    formId: \"cd9726f0-37f3-4e2b-8715-40d54d39988a\"\r\n  });                        <\/script>\n                        <script>\n                            hbspt.forms.create({\r\n portalId: \"9490190\",\r\n formId: \"9f1d905b-d100-4df0-b213-e0070e5076ee\"\r\n  });                        <\/script>\n                    <\/div>\n                <\/div>\n            <\/div>\n        <\/div>\n        \n    <\/div>\n<\/div>\n\n<div class=\"support\">\n    <div class=\"wrapper\">\n                    <div class=\"support__top\">\n                <div class=\"row\">\n                    <div class=\"col-4\">\n                        <p class=\"tag\"> Support<\/p>\n                    <\/div>\n                                            <div class=\"col-8\">\n                            <h2 class=\"title-medium\">\n                                Votre transformation digitale pas \u00e0 pas                            <\/h2>\n                        <\/div>\n                                    <\/div>\n            <\/div>\n                <div class=\"support__list\">\n            <div class=\"swiper-wrapper\">\n                                            <div class=\"swiper-slide support__item big-card\">\n                                <div class=\"info\">\n                                    <p class=\"title-small\">\r\nDes experts \u00e0 votre \u00e9coute pour vous aider \u00e0 transformer vos processus d&rsquo;entreprise.\r\n<\/p>\n                                <\/div>\n                            <\/div>\n                                                    <div class=\"swiper-slide support__item\">\n                                                                    <div class=\"image\">\n                                        <picture>\n                                            <img decoding=\"async\" class=\"img\" src=\"https:\/\/www.kizeo-forms.com\/app\/uploads\/sites\/19\/2024\/11\/Siege-Social-Kizeo-1-435x280.webp\" alt=\"Sige Social\" \/>\n                                        <\/picture>\n                                    <\/div>\n                                                                <div class=\"info\">\n                                                                            <p class=\"title-small\">Si\u00e8ge Social<\/p>\n                                                                                                                <div class=\"description\">\n                                            Hamadryade B\u00e2t 2, 2\u00e8me \u00e9tage 55 all\u00e9e Camille Claudel  BP 61252 &#8211; 84911 Avignon                                        <\/div>\n                                                                                                        <\/div>\n                            <\/div>\n                                            <div class=\"swiper-slide support__item\">\n                                                                    <div class=\"image\">\n                                        <picture>\n                                            <img decoding=\"async\" class=\"img\" src=\"https:\/\/www.kizeo-forms.com\/app\/uploads\/sites\/19\/2024\/10\/Kizeo-Service-Clients-1-435x280.webp\" alt=\"Horaires\" \/>\n                                        <\/picture>\n                                    <\/div>\n                                                                <div class=\"info\">\n                                                                            <p class=\"title-small\">Horaires<\/p>\n                                                                                                                <div class=\"description\">\n                                            du lundi au vendredi de 08h30 \u00e0 18h00                                        <\/div>\n                                                                                                        <\/div>\n                            <\/div>\n                                            <div class=\"swiper-slide support__item\">\n                                                                    <div class=\"image\">\n                                        <picture>\n                                            <img decoding=\"async\" class=\"img\" src=\"https:\/\/www.kizeo-forms.com\/app\/uploads\/sites\/19\/2024\/10\/Kizeo-Langues-435x280.webp\" alt=\"Multilangues\" \/>\n                                        <\/picture>\n                                    <\/div>\n                                                                <div class=\"info\">\n                                                                            <p class=\"title-small\">Multilangues<\/p>\n                                                                                                                <div class=\"description\">\n                                            Nos \u00e9quipes vous r\u00e9pondent en  fran\u00e7ais, anglais, espagnol et allemand.                                        <\/div>\n                                                                                                        <\/div>\n                            <\/div>\n                            <\/div>\n        <\/div>\n    <\/div>\n<\/div>","protected":false},"excerpt":{"rendered":"","protected":false},"author":1,"featured_media":0,"parent":0,"menu_order":0,"comment_status":"closed","ping_status":"closed","template":"","meta":{"_acf_changed":false,"content-type":"","footnotes":""},"class_list":["post-811","page","type-page","status-publish","hentry"],"acf":[],"yoast_head":"<!-- This site is optimized with the Yoast SEO Premium plugin v24.9 (Yoast SEO v24.9) - https:\/\/yoast.com\/wordpress\/plugins\/seo\/ -->\n<title>Contact &amp; Assistance | Service Clients Kizeo Forms<\/title>\n<meta name=\"description\" content=\"Notre \u00e9quipe, bas\u00e9e \u00e0 Avignon en France est disponible du lundi au vendredi de 8h30 \u00e0 18h00. Reconnu pour la qualit\u00e9 de son Service Clients !\" \/>\n<meta name=\"robots\" content=\"index, follow, max-snippet:-1, max-image-preview:large, max-video-preview:-1\" \/>\n<link rel=\"canonical\" href=\"https:\/\/www.kizeo-forms.com\/fr\/contact\/\" \/>\n<meta property=\"og:locale\" content=\"fr_FR\" \/>\n<meta property=\"og:type\" content=\"article\" \/>\n<meta property=\"og:title\" content=\"Contact\" \/>\n<meta property=\"og:description\" content=\"Notre \u00e9quipe, bas\u00e9e \u00e0 Avignon en France est disponible du lundi au vendredi de 8h30 \u00e0 18h00. Reconnu pour la qualit\u00e9 de son Service Clients !\" \/>\n<meta property=\"og:url\" content=\"https:\/\/www.kizeo-forms.com\/fr\/contact\/\" \/>\n<meta property=\"og:site_name\" content=\"Kizeo Forms FR\" \/>\n<meta property=\"article:modified_time\" content=\"2026-01-22T15:45:57+00:00\" \/>\n<meta name=\"twitter:card\" content=\"summary_large_image\" \/>\n<script type=\"application\/ld+json\" class=\"yoast-schema-graph\">{\"@context\":\"https:\/\/schema.org\",\"@graph\":[{\"@type\":\"WebPage\",\"@id\":\"https:\/\/www.kizeo-forms.com\/fr\/contact\/\",\"url\":\"https:\/\/www.kizeo-forms.com\/fr\/contact\/\",\"name\":\"Contact & Assistance | Service Clients Kizeo Forms\",\"isPartOf\":{\"@id\":\"https:\/\/www.kizeo-forms.com\/fr\/#website\"},\"datePublished\":\"2024-04-24T03:02:50+00:00\",\"dateModified\":\"2026-01-22T15:45:57+00:00\",\"description\":\"Notre \u00e9quipe, bas\u00e9e \u00e0 Avignon en France est disponible du lundi au vendredi de 8h30 \u00e0 18h00. Reconnu pour la qualit\u00e9 de son Service Clients !\",\"breadcrumb\":{\"@id\":\"https:\/\/www.kizeo-forms.com\/fr\/contact\/#breadcrumb\"},\"inLanguage\":\"fr-FR\",\"potentialAction\":[{\"@type\":\"ReadAction\",\"target\":[\"https:\/\/www.kizeo-forms.com\/fr\/contact\/\"]}]},{\"@type\":\"BreadcrumbList\",\"@id\":\"https:\/\/www.kizeo-forms.com\/fr\/contact\/#breadcrumb\",\"itemListElement\":[{\"@type\":\"ListItem\",\"position\":1,\"name\":\"Home\",\"item\":\"https:\/\/www.kizeo-forms.com\/fr\/\"},{\"@type\":\"ListItem\",\"position\":2,\"name\":\"Contact\"}]},{\"@type\":\"WebSite\",\"@id\":\"https:\/\/www.kizeo-forms.com\/fr\/#website\",\"url\":\"https:\/\/www.kizeo-forms.com\/fr\/\",\"name\":\"Kizeo Forms\",\"description\":\"Kizeo Forms digitalise vos interventions terrain et documents\",\"publisher\":{\"@id\":\"https:\/\/www.kizeo-forms.com\/fr\/#organization\"},\"potentialAction\":[{\"@type\":\"SearchAction\",\"target\":{\"@type\":\"EntryPoint\",\"urlTemplate\":\"https:\/\/www.kizeo-forms.com\/fr\/?s={search_term_string}\"},\"query-input\":{\"@type\":\"PropertyValueSpecification\",\"valueRequired\":true,\"valueName\":\"search_term_string\"}}],\"inLanguage\":\"fr-FR\"},{\"@type\":\"Organization\",\"@id\":\"https:\/\/www.kizeo-forms.com\/fr\/#organization\",\"name\":\"Kizeo Forms\",\"url\":\"https:\/\/www.kizeo-forms.com\/fr\/\",\"logo\":{\"@type\":\"ImageObject\",\"inLanguage\":\"fr-FR\",\"@id\":\"https:\/\/www.kizeo-forms.com\/fr\/#\/schema\/logo\/image\/\",\"url\":\"https:\/\/www.kizeo-forms.com\/app\/uploads\/sites\/19\/2024\/05\/kizeo-logo.svg\",\"contentUrl\":\"https:\/\/www.kizeo-forms.com\/app\/uploads\/sites\/19\/2024\/05\/kizeo-logo.svg\",\"width\":1,\"height\":1,\"caption\":\"Kizeo Forms\"},\"image\":{\"@id\":\"https:\/\/www.kizeo-forms.com\/fr\/#\/schema\/logo\/image\/\"}}]}<\/script>\n<!-- \/ Yoast SEO Premium plugin. -->","yoast_head_json":{"title":"Contact & Assistance | Service Clients Kizeo Forms","description":"Notre \u00e9quipe, bas\u00e9e \u00e0 Avignon en France est disponible du lundi au vendredi de 8h30 \u00e0 18h00. Reconnu pour la qualit\u00e9 de son Service Clients !","robots":{"index":"index","follow":"follow","max-snippet":"max-snippet:-1","max-image-preview":"max-image-preview:large","max-video-preview":"max-video-preview:-1"},"canonical":"https:\/\/www.kizeo-forms.com\/fr\/contact\/","og_locale":"fr_FR","og_type":"article","og_title":"Contact","og_description":"Notre \u00e9quipe, bas\u00e9e \u00e0 Avignon en France est disponible du lundi au vendredi de 8h30 \u00e0 18h00. Reconnu pour la qualit\u00e9 de son Service Clients !","og_url":"https:\/\/www.kizeo-forms.com\/fr\/contact\/","og_site_name":"Kizeo Forms FR","article_modified_time":"2026-01-22T15:45:57+00:00","twitter_card":"summary_large_image","schema":{"@context":"https:\/\/schema.org","@graph":[{"@type":"WebPage","@id":"https:\/\/www.kizeo-forms.com\/fr\/contact\/","url":"https:\/\/www.kizeo-forms.com\/fr\/contact\/","name":"Contact & Assistance | Service Clients Kizeo Forms","isPartOf":{"@id":"https:\/\/www.kizeo-forms.com\/fr\/#website"},"datePublished":"2024-04-24T03:02:50+00:00","dateModified":"2026-01-22T15:45:57+00:00","description":"Notre \u00e9quipe, bas\u00e9e \u00e0 Avignon en France est disponible du lundi au vendredi de 8h30 \u00e0 18h00. Reconnu pour la qualit\u00e9 de son Service Clients !","breadcrumb":{"@id":"https:\/\/www.kizeo-forms.com\/fr\/contact\/#breadcrumb"},"inLanguage":"fr-FR","potentialAction":[{"@type":"ReadAction","target":["https:\/\/www.kizeo-forms.com\/fr\/contact\/"]}]},{"@type":"BreadcrumbList","@id":"https:\/\/www.kizeo-forms.com\/fr\/contact\/#breadcrumb","itemListElement":[{"@type":"ListItem","position":1,"name":"Home","item":"https:\/\/www.kizeo-forms.com\/fr\/"},{"@type":"ListItem","position":2,"name":"Contact"}]},{"@type":"WebSite","@id":"https:\/\/www.kizeo-forms.com\/fr\/#website","url":"https:\/\/www.kizeo-forms.com\/fr\/","name":"Kizeo Forms","description":"Kizeo Forms digitalise vos interventions terrain et documents","publisher":{"@id":"https:\/\/www.kizeo-forms.com\/fr\/#organization"},"potentialAction":[{"@type":"SearchAction","target":{"@type":"EntryPoint","urlTemplate":"https:\/\/www.kizeo-forms.com\/fr\/?s={search_term_string}"},"query-input":{"@type":"PropertyValueSpecification","valueRequired":true,"valueName":"search_term_string"}}],"inLanguage":"fr-FR"},{"@type":"Organization","@id":"https:\/\/www.kizeo-forms.com\/fr\/#organization","name":"Kizeo Forms","url":"https:\/\/www.kizeo-forms.com\/fr\/","logo":{"@type":"ImageObject","inLanguage":"fr-FR","@id":"https:\/\/www.kizeo-forms.com\/fr\/#\/schema\/logo\/image\/","url":"https:\/\/www.kizeo-forms.com\/app\/uploads\/sites\/19\/2024\/05\/kizeo-logo.svg","contentUrl":"https:\/\/www.kizeo-forms.com\/app\/uploads\/sites\/19\/2024\/05\/kizeo-logo.svg","width":1,"height":1,"caption":"Kizeo Forms"},"image":{"@id":"https:\/\/www.kizeo-forms.com\/fr\/#\/schema\/logo\/image\/"}}]}},"_links":{"self":[{"href":"https:\/\/www.kizeo-forms.com\/fr\/wp-json\/wp\/v2\/pages\/811","targetHints":{"allow":["GET"]}}],"collection":[{"href":"https:\/\/www.kizeo-forms.com\/fr\/wp-json\/wp\/v2\/pages"}],"about":[{"href":"https:\/\/www.kizeo-forms.com\/fr\/wp-json\/wp\/v2\/types\/page"}],"author":[{"embeddable":true,"href":"https:\/\/www.kizeo-forms.com\/fr\/wp-json\/wp\/v2\/users\/1"}],"replies":[{"embeddable":true,"href":"https:\/\/www.kizeo-forms.com\/fr\/wp-json\/wp\/v2\/comments?post=811"}],"version-history":[{"count":99,"href":"https:\/\/www.kizeo-forms.com\/fr\/wp-json\/wp\/v2\/pages\/811\/revisions"}],"predecessor-version":[{"id":20081,"href":"https:\/\/www.kizeo-forms.com\/fr\/wp-json\/wp\/v2\/pages\/811\/revisions\/20081"}],"wp:attachment":[{"href":"https:\/\/www.kizeo-forms.com\/fr\/wp-json\/wp\/v2\/media?parent=811"}],"curies":[{"name":"wp","href":"https:\/\/api.w.org\/{rel}","templated":true}]}}