{"id":8864,"date":"2024-04-22T11:28:36","date_gmt":"2024-04-22T11:28:36","guid":{"rendered":"https:\/\/www.kizeo-forms.com\/lat\/precios\/"},"modified":"2026-03-31T15:42:49","modified_gmt":"2026-03-31T15:42:49","slug":"precos","status":"publish","type":"page","link":"https:\/\/www.kizeo-forms.com\/lat\/pt\/precos\/","title":{"rendered":"Pre\u00e7os"},"content":{"rendered":"  <link rel=\"preload\" fetchpriority=\"high\" as=\"image\" href=\"https:\/\/www.kizeo-forms.com\/app\/uploads\/sites\/17\/2025\/12\/mockup-precios-kizeo-forms.svg\" type=\"image\/webp\">\n<div class=\"banner-detail\">\n    <div class=\"wrapper\">\n        <div class=\"banner-detail__content\">\n            <div class=\"info\">\n                                    <h1 class=\"text-anim title-large\">\n                        <span class=\"text-anim__elem\">Pre\u00e7os simples. Resultados potentes.<\/span>\n                    <\/h1>\n                                                    <div class=\"description editor\">\n                        <p>De equipes pequenas a grandes opera\u00e7\u00f5es, <strong>Kizeo Forms cresce com voc\u00ea<\/strong>. Escolha um plano, digitalize fluxos de trabalho e obtenha resultados rapidamente.<\/p>\n<p>Acess\u00edvel, intuitivo e projetado para o uso real. <strong>Seu caminho para uma coleta de dados mais inteligente come\u00e7a aqui<\/strong>.<\/p>\n<p><strong>\u00a0<\/strong><\/p>\n                    <\/div>\n                \n                <div class=\"image mb\">\n                                            <picture>\n                            <img decoding=\"async\" data-no-lazy=\"1\" class=\"img\" src=\"https:\/\/www.kizeo-forms.com\/app\/uploads\/sites\/17\/2025\/12\/mockup-precios-kizeo-forms.svg\" alt=\"Preos simples Resultados potentes\">\n                        <\/picture>\n                    \n                                                        <\/div>\n\n                            <\/div>\n\n            <div class=\"image des\">\n                                    <picture>\n                        <img decoding=\"async\" data-no-lazy=\"1\" class=\"img\" src=\"https:\/\/www.kizeo-forms.com\/app\/uploads\/sites\/17\/2025\/12\/mockup-precios-kizeo-forms.svg\" alt=\"Preos simples Resultados potentes\">\n                    <\/picture>\n                \n                                            <\/div>\n\n        <\/div>\n    <\/div>\n<\/div>\n\n\n\n\n\n<div class=\"plan\">\n    <div class=\"wrapper\">\n        <div class=\"plan__top\">\n                            <div class=\"small-label\">Pre\u00e7os simples. Resultados potentes.<\/div>\n                                        <h2 class=\"title-medium\">Pre\u00e7os simples. Resultados potentes.<\/h2>\n                                        <div class=\"sub-title\"><p>Nossos pre\u00e7os s\u00e3o pensados para <strong>maximizar seu ROI<\/strong>, oferecendo as <strong>funcionalidades<\/strong> necess\u00e1rias para <strong>automatizar tarefas, padronizar processos e reduzir erros<\/strong>.<\/p>\n<\/div>\n                    <\/div>\n        <div class=\"plan__tabs\">\n            <ul>\n                                        <li class=\"is-active month\">Anual <span> -33% <\/span><\/li>\n                                        <li class=\"year\">Mensal<\/li>\n                            <\/ul>\n        <\/div>\n        <div class=\"plan__list\">\n                                <div class=\"plan__item \">\n                                                                            <div class=\"title\">SMART <\/div>\n                                                <div class=\"wrap-price\">\n                                                            <div class=\"price month\">18 USD <br> R$ 100<\/div>\n                                                                                        <div class=\"price year\">25 USD <br> R$ 130<\/div>\n                                                                                        <p class=\"text-small\">\/m\u00eas\/usu\u00e1rio<\/p>\n                                                    <\/div>\n                                                    <div class=\"description\"><p>A estrat\u00e9gia <strong>ideal<\/strong> para come\u00e7ar sua <strong>digitaliza\u00e7\u00e3o<\/strong>.<\/p>\n<\/div>\n                                                                            <div class=\"wrap-btn\">\n                                <a class=\"btn btn--dark\" target=\"\" href=\"https:\/\/www.kizeo-forms.com\/lat\/pt\/teste-gratis\/\">\n                                    <span>Teste gr\u00e1tis<\/span>\n                                <\/a>\n                            <\/div>\n                                                                            <div class=\"content\">\n                                <ul>\n<li>Formul\u00e1rios personalizados<\/li>\n<li>Formul\u00e1rios gerados por IA<\/li>\n<li>Formul\u00e1rios e dados ilimitados<\/li>\n<li>E-mails personalizados<\/li>\n<li>Relat\u00f3rios que podem ser personalizados em Word, Excel e PDF<\/li>\n<li>Acesso offline<\/li>\n<li>Automa\u00e7\u00f5es padr\u00e3o<\/li>\n<li>Integra\u00e7\u00f5es e API<\/li>\n<li>Treinamentos mensais gratuitos<\/li>\n<li>Suporte com resposta em menos de 24h<\/li>\n<li>Dados hospedados na Europa<\/li>\n<\/ul>\n                            <\/div>\n                                            <\/div>\n                                <div class=\"plan__item choose\">\n                                                    <p class=\"tag\">Mais escolhido<\/p>\n                                                                            <div class=\"title\">BUSINESS<\/div>\n                                                <div class=\"wrap-price\">\n                                                            <div class=\"price month\">28 USD <br> R$ 150<\/div>\n                                                                                        <div class=\"price year\">40 USD <br> R$ 210<\/div>\n                                                                                        <p class=\"text-small\">\/m\u00eas\/usu\u00e1rio<\/p>\n                                                    <\/div>\n                                                    <div class=\"description\"><p>Para uma <strong>gest\u00e3o avan\u00e7ada<\/strong>, impulsionada por <strong>IA<\/strong>.<\/p>\n<\/div>\n                                                                            <div class=\"wrap-btn\">\n                                <a class=\"btn btn--dark\" target=\"\" href=\"https:\/\/www.kizeo-forms.com\/lat\/pt\/teste-gratis\/\">\n                                    <span>Teste gr\u00e1tis<\/span>\n                                <\/a>\n                            <\/div>\n                                                                            <div class=\"content\">\n                                <p><strong><strong><br \/>\n<\/strong><\/strong>Todas as funcionalidades do plano <strong><em>Smart<\/em><\/strong>, al\u00e9m de:<\/p>\n<ul>\n<li>Integra\u00e7\u00e3o <strong>nativa<\/strong> com mais de <strong>200 apps<\/strong><\/li>\n<li>Entrada de voz com <strong>IA<\/strong><\/li>\n<li>Entrada de fotos com <strong>IA<\/strong><\/li>\n<li><strong>Relat\u00f3rios avan\u00e7ados<\/strong><\/li>\n<li>Assistente de <strong>IA<\/strong><\/li>\n<\/ul>\n<p>Uma conex\u00e3o fluida com suas ferramentas de <strong>BI<\/strong><\/p>\n                            <\/div>\n                                            <\/div>\n                    <\/div>\n    <\/div>\n<\/div>\n\n\n<div class=\"box-dark\">\n    <div class=\"wrapper\">\n        <div class=\"box-dark__content\">\n                            <div class=\"title-small\">\n                    <span class=\"icon-book\">\n                    <\/span>\n                    Kizeo Forms: um pacote completo com total liberdade.<br \/>\nExplore nossa ampla gama de funcionalidades intuitivas e personaliz\u00e1veis, projetadas para oferecer liberdade total e uma experi\u00eancia de usu\u00e1rio de alto n\u00edvel.\n                <\/div>\n                        <div class=\"wrap-btn\">\n                                    <a href=\"https:\/\/www.kizeo-forms.com\/app\/uploads\/sites\/17\/2025\/01\/doc-precios-latam-2025.pdf\" class=\"btn btn-text btn-icon btn--green\" download>\n                        <span> Baixar<\/span>\n                        <span class=\"icon-download\"><\/span>\n                    <\/a>\n                            <\/div>\n        <\/div>\n    <\/div>\n<\/div>\n\n<div class=\"faq\">\n    <div class=\"wrapper\">\n                    <h2 class=\"title-medium\">Perguntas frequentes<\/h2>\n                <div class=\"faq__list\">\n                                    <div class=\"faq__item\">\n                            <p class=\"title-small\">O que o Kizeo Forms considera como um usu\u00e1rio? <span class=\"icon-plus\"><\/span><\/p>\n                            <div class=\"info\">\n                                <div class=\"description editor\">\n                                    <p><span style=\"font-weight: 400\">Um usu\u00e1rio \u00e9 uma pessoa f\u00edsica que preenche formul\u00e1rios Kizeo Forms pelo aplicativo m\u00f3vel ou pela plataforma online <a href=\"https:\/\/www.kizeo-forms.com\/lat\/pt\/\">www.forms.kizeo.com\/<\/a><\/span><\/p>\n<p>1 usu\u00e1rio = 1 smartphone ou 1 tablet = 1 pessoa<\/p>\n                                <\/div>\n                            <\/div>\n                        <\/div>\n                                    <div class=\"faq__item\">\n                            <p class=\"title-small\">Quem deve adquirir uma licen\u00e7a? <span class=\"icon-plus\"><\/span><\/p>\n                            <div class=\"info\">\n                                <div class=\"description editor\">\n                                    <p><span style=\"font-weight: 400\">Qualquer novo usu\u00e1rio que precise usar o aplicativo Kizeo Forms para inserir dados precisar\u00e1 de uma licen\u00e7a. No entanto, para os perfis de <strong>Administradores e L\u00edderes de Grupo<\/strong>, que utilizam o Kizeo Forms para criar e configurar formul\u00e1rios, o acesso \u00e0 Interface Web est\u00e1 inclu\u00eddo na assinatura, sem custo adicional.<br \/>\n<\/span><\/p>\n                                <\/div>\n                            <\/div>\n                        <\/div>\n                                    <div class=\"faq__item\">\n                            <p class=\"title-small\">Quanto custa o Kizeo Forms? <span class=\"icon-plus\"><\/span><\/p>\n                            <div class=\"info\">\n                                <div class=\"description editor\">\n                                    <p>Nossa solu\u00e7\u00e3o \u00e9 faturada pelo n\u00famero de licen\u00e7as, ou seja, sua assinatura \u00e9 calculada de acordo com o volume de usu\u00e1rios (qualquer pessoa que ir\u00e1 realizar a inser\u00e7\u00e3o de dados).<\/p>\n<p><strong>Brasil:<\/strong><\/p>\n<ul>\n<li><strong>Assinatura mensal SMART<\/strong>: (R$130\/m\u00eas\/licen\u00e7a). O pagamento \u00e9 realizado de uma s\u00f3 vez, de acordo com o n\u00famero de meses contratados.<\/li>\n<li><strong>Assinatura anual SMART<\/strong>: (R$90\/m\u00eas\/licen\u00e7a). O pagamento \u00e9 realizado de uma s\u00f3 vez, ao contratar o ano completo.<\/li>\n<\/ul>\n<p>&nbsp;<\/p>\n<ul>\n<li><strong>Assinatura mensal BUSINESS<\/strong>: (R$210\/m\u00eas\/licen\u00e7a). O pagamento \u00e9 realizado de uma s\u00f3 vez, de acordo com o n\u00famero de meses contratados.<\/li>\n<li><strong>Assinatura anual BUSINESS<\/strong>: (R$150\/m\u00eas\/licen\u00e7a). O pagamento \u00e9 realizado de uma s\u00f3 vez, ao contratar o ano completo.<\/li>\n<\/ul>\n                                <\/div>\n                            <\/div>\n                        <\/div>\n                                    <div class=\"faq__item\">\n                            <p class=\"title-small\">Como contratar o Kizeo Forms? <span class=\"icon-plus\"><\/span><\/p>\n                            <div class=\"info\">\n                                <div class=\"description editor\">\n                                    <p>Est\u00e1 convencido e quer contratar a nossa solu\u00e7\u00e3o? Para<strong> fazer parte da comunidade Kizeo Forms<\/strong>, h\u00e1 duas op\u00e7\u00f5es:<\/p>\n<p>Voc\u00ea pode assinar de forma aut\u00f4noma. Ap\u00f3s criar uma conta de teste, clique no \u00edcone do carrinho no canto superior direito da interface web do Kizeo Forms. Voc\u00ea ser\u00e1 redirecionado para a p\u00e1gina &#8220;Assinatura&#8221;, onde poder\u00e1 adquirir suas licen\u00e7as. Assim que o pagamento for realizado, enviaremos sua fatura por e-mail.<\/p>\n<p>Voc\u00ea tamb\u00e9m pode nos enviar uma <strong>ordem de compra<\/strong>, conforme as suas modalidades habituais, para o e-mail: <span style=\"font-weight: 400\"><a href=\"mailto:contato-br@kizeo.com\">contato-br@kizeo.com<\/a><\/span>. Ao receb\u00ea-la, processaremos sua solicita\u00e7\u00e3o e enviaremos a fatura correspondente. As licen\u00e7as ser\u00e3o ativadas no momento em que a ordem de compra for processada pelo nosso servi\u00e7o de atendimento ao cliente.<\/p>\n                                <\/div>\n                            <\/div>\n                        <\/div>\n                                    <div class=\"faq__item\">\n                            <p class=\"title-small\">Quais os m\u00e9todos de pagamento? <span class=\"icon-plus\"><\/span><\/p>\n                            <div class=\"info\">\n                                <div class=\"description editor\">\n                                    <p>No Brasil, os meios de pagamento s\u00e3o: PayPal, cart\u00e3o de d\u00e9bito, cart\u00e3o de cr\u00e9dito e transfer\u00eancia banc\u00e1ria.<\/p>\n                                <\/div>\n                            <\/div>\n                        <\/div>\n                                    <div class=\"faq__item\">\n                            <p class=\"title-small\">Existem descontos progressivos por n\u00famero de licen\u00e7as? <span class=\"icon-plus\"><\/span><\/p>\n                            <div class=\"info\">\n                                <div class=\"description editor\">\n                                    <p><span style=\"font-weight: 400\">Se voc\u00ea deseja adquirir um n\u00famero consider\u00e1vel de licen\u00e7as anuais, podemos oferecer um desconto especial sobre nossos pre\u00e7os. <\/span><\/p>\n<p><span style=\"font-weight: 400\">Para mais informa\u00e7\u00f5es, por favor, entre em contato conosco: <a href=\"mailto:contato-br@kizeo.com\">contato-br@kizeo.com<\/a><\/span><\/p>\n                                <\/div>\n                            <\/div>\n                        <\/div>\n                                    <div class=\"faq__item\">\n                            <p class=\"title-small\">A assinatura \u00e9 renovada automaticamente? <span class=\"icon-plus\"><\/span><\/p>\n                            <div class=\"info\">\n                                <div class=\"description editor\">\n                                    <p>As assinaturas do Kizeo Forms n\u00e3o s\u00e3o renovadas automaticamente. Voc\u00ea ser\u00e1 informado quando a data de renova\u00e7\u00e3o estiver pr\u00f3xima e poder\u00e1 decidir se deseja renovar sua assinatura ou n\u00e3o.<\/p>\n                                <\/div>\n                            <\/div>\n                        <\/div>\n                                    <div class=\"faq__item\">\n                            <p class=\"title-small\">Como incluir novas licen\u00e7as no meu plano atual? <span class=\"icon-plus\"><\/span><\/p>\n                            <div class=\"info\">\n                                <div class=\"description editor\">\n                                    <p>Voc\u00ea pode adicionar novos usu\u00e1rios (uma licen\u00e7a = um usu\u00e1rio) \u00e0 sua conta de forma aut\u00f4noma a qualquer momento.<\/p>\n<p>Cada licen\u00e7a adquirida equivale a um usu\u00e1rio de sua escolha. Por exemplo, se um colaborador deixar a equipe, voc\u00ea pode simplesmente reatribuir a licen\u00e7a deste usu\u00e1rio a um novo membro, sem a necessidade de contratar uma nova licen\u00e7a.<\/p>\n<p>Se um novo colaborador se juntar \u00e0 sua equipe, voc\u00ea pode adicionar novas licen\u00e7as \u00e0 sua conta facilmente.<\/p>\n<p>Para isso, fa\u00e7a login no seu espa\u00e7o de trabalho Kizeo Forms. Em seguida, clique na aba &#8216;Assinatura e or\u00e7amentos&#8217;. Aqui, voc\u00ea encontrar\u00e1 a op\u00e7\u00e3o &#8216;Adicionar licen\u00e7as&#8217;. Clique para escolher o n\u00famero de licen\u00e7as adicionais desejadas e elas ser\u00e3o anexadas \u00e0 sua assinatura atual.<\/p>\n                                <\/div>\n                            <\/div>\n                        <\/div>\n                                    <div class=\"faq__item\">\n                            <p class=\"title-small\">O que devo fazer se tiver uma ordem de compra? <span class=\"icon-plus\"><\/span><\/p>\n                            <div class=\"info\">\n                                <div class=\"description editor\">\n                                    <p><span style=\"font-weight: 400\">\u00c9 muito simples! Envie sua ordem de compra para <a href=\"mailto:contato-br@kizeo.com\">contato-br@kizeo.com<\/a> para ativar as licen\u00e7as; por favor, inclua o c\u00f3digo da empresa.<br \/>\n<\/span><\/p>\n                                <\/div>\n                            <\/div>\n                        <\/div>\n                    <\/div>\n                    <div class=\"wrap-btn\">\n                <a href=\"#\" class=\"btn btn-text btn--arrow show_more_questions\" data-plus=\" Ver mais perguntas\" data-minus=\" Ocultar perguntas\"><span>Ver mais perguntas<\/span><\/a>\n            <\/div>\n            <\/div>\n<\/div>\n\n\n<div class=\"box-blue\">\n    <div class=\"wrapper\">\n        <div class=\"box-blue__content\">\n                            <h2 class=\"title-medium\">Pre\u00e7os especiais para ONGs e institui\u00e7\u00f5es de ensino.\n<\/h2>\n                        <div class=\"info\">\n                                    <div class=\"title-small editor\"><p>Quer transformar o mundo em um lugar melhor? N\u00f3s tamb\u00e9m! A Kizeo apoia escolas e organiza\u00e7\u00f5es sem fins lucrativos (funda\u00e7\u00f5es, ONGs, associa\u00e7\u00f5es, cooperativas, entre outras) oferecendo um desconto de 50%. Para receber esse benef\u00edcio, basta enviar o estatuto social para comprovar que a organiza\u00e7\u00e3o n\u00e3o possui fins lucrativos.<\/p>\n<\/div>\n                \n                            <\/div>\n        <\/div>\n    <\/div>\n<\/div>\n\n\n<div class=\"feature-small\">\n    <div class=\"wrapper\">\n        <div class=\"feature-small__content\">\n                        <div class=\"image\">\n                <picture><img decoding=\"async\" class=\"img\" src=\"https:\/\/www.kizeo-forms.com\/app\/uploads\/sites\/17\/2024\/04\/equipo-kizeo-latam-web-725x510.webp\" alt=\"Uma equipe  sua disposio\"><\/picture>\n            <\/div>\n                        <div class=\"info\">\n                                    <h2 class=\"title-medium\">Uma equipe \u00e0 sua disposi\u00e7\u00e3o<\/h2>\n                                                    <div class=\"description editor\"><p>Na Kizeo, nossa equipe dedicada de Atendimento ao Cliente est\u00e1 sempre dispon\u00edvel de segunda a sexta-feira, das 09h00 \u00e0s 18h00 (hor\u00e1rio do Chile), para te auxiliar. Conte com nosso suporte para tirar todas as suas d\u00favidas e atender \u00e0s suas necessidades na digitaliza\u00e7\u00e3o de formul\u00e1rios.<\/p>\n<\/div>\n                                <div class=\"wrap-btn\">\n                                            <a href=\"\/lat\/pt\/agenda-demo\/\" target=\"\" class=\"btn btn-text btn-icon btn--green\">\n                            <span>Solicitar uma demonstra\u00e7\u00e3o <\/span> <span class=\"icon-right\"><\/span>\n                        <\/a>\n                                                        <\/div>\n            <\/div>\n        <\/div>\n    <\/div>\n<\/div>","protected":false},"excerpt":{"rendered":"","protected":false},"author":1,"featured_media":0,"parent":0,"menu_order":0,"comment_status":"closed","ping_status":"closed","template":"","meta":{"_acf_changed":false,"content-type":"","footnotes":""},"class_list":["post-8864","page","type-page","status-publish","hentry"],"acf":[],"yoast_head":"<!-- This site is optimized with the Yoast SEO Premium plugin v24.9 (Yoast SEO v24.9) - https:\/\/yoast.com\/wordpress\/plugins\/seo\/ -->\n<title>Informe-se sobre os pre\u00e7os dos formul\u00e1rios Kizeo<\/title>\n<meta name=\"description\" content=\"Descubra os pre\u00e7os do Kizeo Forms para ter acesso total a todas as funcionalidades de digitaliza\u00e7\u00e3o de formul\u00e1rios.\" \/>\n<meta name=\"robots\" content=\"index, follow, max-snippet:-1, max-image-preview:large, max-video-preview:-1\" \/>\n<link rel=\"canonical\" href=\"https:\/\/www.kizeo-forms.com\/lat\/pt\/precos\/\" \/>\n<meta property=\"og:locale\" content=\"pt_BR\" \/>\n<meta property=\"og:type\" content=\"article\" \/>\n<meta property=\"og:title\" content=\"Pre\u00e7os\" \/>\n<meta property=\"og:description\" content=\"Descubra os pre\u00e7os do Kizeo Forms para ter acesso total a todas as funcionalidades de digitaliza\u00e7\u00e3o de formul\u00e1rios.\" \/>\n<meta property=\"og:url\" content=\"https:\/\/www.kizeo-forms.com\/lat\/pt\/precos\/\" \/>\n<meta property=\"og:site_name\" content=\"Site LATAM\" \/>\n<meta property=\"article:modified_time\" content=\"2026-03-31T15:42:49+00:00\" \/>\n<meta name=\"twitter:card\" content=\"summary_large_image\" \/>\n<script type=\"application\/ld+json\" class=\"yoast-schema-graph\">{\"@context\":\"https:\/\/schema.org\",\"@graph\":[{\"@type\":\"WebPage\",\"@id\":\"https:\/\/www.kizeo-forms.com\/lat\/pt\/precos\/\",\"url\":\"https:\/\/www.kizeo-forms.com\/lat\/pt\/precos\/\",\"name\":\"Informe-se sobre os pre\u00e7os dos formul\u00e1rios Kizeo\",\"isPartOf\":{\"@id\":\"https:\/\/www.kizeo-forms.com\/lat\/pt\/#website\"},\"datePublished\":\"2024-04-22T11:28:36+00:00\",\"dateModified\":\"2026-03-31T15:42:49+00:00\",\"description\":\"Descubra os pre\u00e7os do Kizeo Forms para ter acesso total a todas as funcionalidades de digitaliza\u00e7\u00e3o de formul\u00e1rios.\",\"breadcrumb\":{\"@id\":\"https:\/\/www.kizeo-forms.com\/lat\/pt\/precos\/#breadcrumb\"},\"inLanguage\":\"pt-BR\",\"potentialAction\":[{\"@type\":\"ReadAction\",\"target\":[\"https:\/\/www.kizeo-forms.com\/lat\/pt\/precos\/\"]}]},{\"@type\":\"BreadcrumbList\",\"@id\":\"https:\/\/www.kizeo-forms.com\/lat\/pt\/precos\/#breadcrumb\",\"itemListElement\":[{\"@type\":\"ListItem\",\"position\":1,\"name\":\"Home\",\"item\":\"https:\/\/www.kizeo-forms.com\/lat\/pt\/\"},{\"@type\":\"ListItem\",\"position\":2,\"name\":\"Pre\u00e7os\"}]},{\"@type\":\"WebSite\",\"@id\":\"https:\/\/www.kizeo-forms.com\/lat\/pt\/#website\",\"url\":\"https:\/\/www.kizeo-forms.com\/lat\/pt\/\",\"name\":\"Site LATAM\",\"description\":\"Kizeo Forms digitalise vos interventions terrain et documents\",\"potentialAction\":[{\"@type\":\"SearchAction\",\"target\":{\"@type\":\"EntryPoint\",\"urlTemplate\":\"https:\/\/www.kizeo-forms.com\/lat\/pt\/?s={search_term_string}\"},\"query-input\":{\"@type\":\"PropertyValueSpecification\",\"valueRequired\":true,\"valueName\":\"search_term_string\"}}],\"inLanguage\":\"pt-BR\"}]}<\/script>\n<!-- \/ Yoast SEO Premium plugin. -->","yoast_head_json":{"title":"Informe-se sobre os pre\u00e7os dos formul\u00e1rios Kizeo","description":"Descubra os pre\u00e7os do Kizeo Forms para ter acesso total a todas as funcionalidades de digitaliza\u00e7\u00e3o de formul\u00e1rios.","robots":{"index":"index","follow":"follow","max-snippet":"max-snippet:-1","max-image-preview":"max-image-preview:large","max-video-preview":"max-video-preview:-1"},"canonical":"https:\/\/www.kizeo-forms.com\/lat\/pt\/precos\/","og_locale":"pt_BR","og_type":"article","og_title":"Pre\u00e7os","og_description":"Descubra os pre\u00e7os do Kizeo Forms para ter acesso total a todas as funcionalidades de digitaliza\u00e7\u00e3o de formul\u00e1rios.","og_url":"https:\/\/www.kizeo-forms.com\/lat\/pt\/precos\/","og_site_name":"Site LATAM","article_modified_time":"2026-03-31T15:42:49+00:00","twitter_card":"summary_large_image","schema":{"@context":"https:\/\/schema.org","@graph":[{"@type":"WebPage","@id":"https:\/\/www.kizeo-forms.com\/lat\/pt\/precos\/","url":"https:\/\/www.kizeo-forms.com\/lat\/pt\/precos\/","name":"Informe-se sobre os pre\u00e7os dos formul\u00e1rios Kizeo","isPartOf":{"@id":"https:\/\/www.kizeo-forms.com\/lat\/pt\/#website"},"datePublished":"2024-04-22T11:28:36+00:00","dateModified":"2026-03-31T15:42:49+00:00","description":"Descubra os pre\u00e7os do Kizeo Forms para ter acesso total a todas as funcionalidades de digitaliza\u00e7\u00e3o de formul\u00e1rios.","breadcrumb":{"@id":"https:\/\/www.kizeo-forms.com\/lat\/pt\/precos\/#breadcrumb"},"inLanguage":"pt-BR","potentialAction":[{"@type":"ReadAction","target":["https:\/\/www.kizeo-forms.com\/lat\/pt\/precos\/"]}]},{"@type":"BreadcrumbList","@id":"https:\/\/www.kizeo-forms.com\/lat\/pt\/precos\/#breadcrumb","itemListElement":[{"@type":"ListItem","position":1,"name":"Home","item":"https:\/\/www.kizeo-forms.com\/lat\/pt\/"},{"@type":"ListItem","position":2,"name":"Pre\u00e7os"}]},{"@type":"WebSite","@id":"https:\/\/www.kizeo-forms.com\/lat\/pt\/#website","url":"https:\/\/www.kizeo-forms.com\/lat\/pt\/","name":"Site LATAM","description":"Kizeo Forms digitalise vos interventions terrain et documents","potentialAction":[{"@type":"SearchAction","target":{"@type":"EntryPoint","urlTemplate":"https:\/\/www.kizeo-forms.com\/lat\/pt\/?s={search_term_string}"},"query-input":{"@type":"PropertyValueSpecification","valueRequired":true,"valueName":"search_term_string"}}],"inLanguage":"pt-BR"}]}},"_links":{"self":[{"href":"https:\/\/www.kizeo-forms.com\/lat\/pt\/wp-json\/wp\/v2\/pages\/8864","targetHints":{"allow":["GET"]}}],"collection":[{"href":"https:\/\/www.kizeo-forms.com\/lat\/pt\/wp-json\/wp\/v2\/pages"}],"about":[{"href":"https:\/\/www.kizeo-forms.com\/lat\/pt\/wp-json\/wp\/v2\/types\/page"}],"author":[{"embeddable":true,"href":"https:\/\/www.kizeo-forms.com\/lat\/pt\/wp-json\/wp\/v2\/users\/1"}],"replies":[{"embeddable":true,"href":"https:\/\/www.kizeo-forms.com\/lat\/pt\/wp-json\/wp\/v2\/comments?post=8864"}],"version-history":[{"count":3,"href":"https:\/\/www.kizeo-forms.com\/lat\/pt\/wp-json\/wp\/v2\/pages\/8864\/revisions"}],"predecessor-version":[{"id":12495,"href":"https:\/\/www.kizeo-forms.com\/lat\/pt\/wp-json\/wp\/v2\/pages\/8864\/revisions\/12495"}],"wp:attachment":[{"href":"https:\/\/www.kizeo-forms.com\/lat\/pt\/wp-json\/wp\/v2\/media?parent=8864"}],"curies":[{"name":"wp","href":"https:\/\/api.w.org\/{rel}","templated":true}]}}