{"id":8872,"date":"2024-04-24T03:02:50","date_gmt":"2024-04-24T03:02:50","guid":{"rendered":"https:\/\/www.kizeo-forms.com\/lat\/contacto\/"},"modified":"2026-04-27T19:33:41","modified_gmt":"2026-04-27T19:33:41","slug":"contato","status":"publish","type":"page","link":"https:\/\/www.kizeo-forms.com\/lat\/pt\/contato\/","title":{"rendered":"Contato"},"content":{"rendered":"<div class=\"banner-contact\">\n    <div class=\"wrapper\">\n        <div class=\"row\">\n            <div class=\"col-6\">\n                <div class=\"info\">\n                                            <h1 class=\"title-large text-anim\">\n                            <span class=\"text-anim__elem\">Contato e atendimento<\/span>\n                        <\/h1>\n                                                                <p class=\"title-small\">Nossa equipe est\u00e1 pronta para esclarecer suas d\u00favidas e receber seus coment\u00e1rios <\/p>\n                                                                <div class=\"description editor\">\n                            <p><span style=\"font-weight: 400\">Quer saber mais sobre o Kizeo Forms antes de comprar? Preencha nosso formul\u00e1rio de contato comercial e entraremos em contato.<\/span><\/p>\n<p><span style=\"font-weight: 400\">Est\u00e1 enfrentando algum problema com o aplicativo? Certifique-se de estar usando a vers\u00e3o mais recente antes de entrar em contato com o suporte t\u00e9cnico.<\/span><\/p>\n<p><span style=\"font-weight: 400\">Para d\u00favidas sobre funcionalidades, acesse nossos tutoriais ou consulte a se\u00e7\u00e3o de Perguntas Frequentes (FAQ).<\/span><\/p>\n                        <\/div>\n                                                        <\/div>\n                            <\/div>\n            <div class=\"col-6\">\n                <div class=\"wrap-form\">\n                                            <div class=\"list-tab\">\n                                                            <div class=\"tab active\">\n                                    <span class=\"icon icon-hand\"><\/span>\n                                    <p> Servi\u00e7o comercial<\/p>\n                                <\/div>\n                                                                                        <div class=\"tab\">\n                                    <span class=\"icon icon-support\"><\/span>\n                                    <p> Servi\u00e7o de suporte<\/p>\n                                <\/div>\n                                                    <\/div>\n                                        <div class=\"list-form\">\n                        <script>\n                              hbspt.forms.create({\r\n    portalId: \"9490190\",\r\n    formId: \"4c61991a-0278-4bb1-a317-ddc8accaa4b7\"\r\n  });\r\n                        <\/script>\n                        <script>\n                              hbspt.forms.create({\r\n    portalId: \"9490190\",\r\n    formId: \"4c61991a-0278-4bb1-a317-ddc8accaa4b7\"\r\n  });\r\n\r\n\r\n                        <\/script>\n                    <\/div>\n                <\/div>\n            <\/div>\n        <\/div>\n        \n    <div class=\"notification\">\n\n        <p class=\"tag white\">\n            Informa\u00e7\u00e3o        <\/p>\n        <p class=\"description editor\"><p>Tambi\u00e9n puedes ponerte en contacto con nosotros por correo electr\u00f3nico en <a href=\"mailto:contacto-latam@kizeo.com\" target=\"_blank\" rel=\"noopener\">contacto-latam@kizeo.com.<\/a><\/p>\n<\/p>\n        <span class=\"icon-close\"><\/span>\n    <\/div>\n\n\n    <\/div>\n<\/div>\n\n<div class=\"support\">\n    <div class=\"wrapper\">\n                <div class=\"support__list\">\n            <div class=\"swiper-wrapper\">\n                                            <div class=\"swiper-slide support__item big-card\">\n                                <div class=\"info\">\n                                    <p class=\"title-small\">Prestar um excelente servi\u00e7o ao cliente faz parte da nossa miss\u00e3o.<\/p>\n                                <\/div>\n                            <\/div>\n                                                    <div class=\"swiper-slide support__item\">\n                                                                    <div class=\"image\">\n                                        <picture>\n                                            <img decoding=\"async\" class=\"img\" src=\"https:\/\/www.kizeo-forms.com\/app\/uploads\/sites\/17\/2026\/03\/image00056-435x280.jpg\" alt=\"A nossa equipe est  disposio\" \/>\n                                        <\/picture>\n                                    <\/div>\n                                                                <div class=\"info\">\n                                                                            <p class=\"title-small\">A nossa equipe est\u00e1 \u00e0 disposi\u00e7\u00e3o<\/p>\n                                                                                                                <div class=\"description\">\n                                            Para responder a todas as perguntas em espanhol, portugu\u00eas ou ingl\u00eas.                                         <\/div>\n                                                                                                        <\/div>\n                            <\/div>\n                                            <div class=\"swiper-slide support__item\">\n                                                                    <div class=\"image\">\n                                        <picture>\n                                            <img decoding=\"async\" class=\"img\" src=\"https:\/\/www.kizeo-forms.com\/app\/uploads\/sites\/17\/2024\/10\/Beneficios-de-estandarizar-procesos-435x280.jpg\" alt=\"Escritrios\" \/>\n                                        <\/picture>\n                                    <\/div>\n                                                                <div class=\"info\">\n                                                                            <p class=\"title-small\">Escrit\u00f3rios<\/p>\n                                                                                                                <div class=\"description\">\n                                            Italia 850, Providencia.  Santiago, Chile.\u00a0                                        <\/div>\n                                                                                                        <\/div>\n                            <\/div>\n                                            <div class=\"swiper-slide support__item\">\n                                                                    <div class=\"image\">\n                                        <picture>\n                                            <img decoding=\"async\" class=\"img\" src=\"https:\/\/www.kizeo-forms.com\/app\/uploads\/sites\/17\/2024\/11\/Kizeo-Service-Clients-1-435x280-1.webp\" alt=\"Horrio de atendimento\" \/>\n                                        <\/picture>\n                                    <\/div>\n                                                                <div class=\"info\">\n                                                                            <p class=\"title-small\">Hor\u00e1rio de atendimento<\/p>\n                                                                                                                <div class=\"description\">\n                                            Segunda a sexta-feira Das 9:00 \u00e0s 13:00 e das 14:00 \u00e0s 18:00 (GMT -4 \/ Hor\u00e1rio do Chile)                                        <\/div>\n                                                                                                        <\/div>\n                            <\/div>\n                            <\/div>\n        <\/div>\n    <\/div>\n<\/div>","protected":false},"excerpt":{"rendered":"","protected":false},"author":1,"featured_media":0,"parent":0,"menu_order":0,"comment_status":"closed","ping_status":"closed","template":"","meta":{"_acf_changed":false,"content-type":"","footnotes":""},"class_list":["post-8872","page","type-page","status-publish","hentry"],"acf":[],"yoast_head":"<!-- This site is optimized with the Yoast SEO Premium plugin v24.9 (Yoast SEO v24.9) - https:\/\/yoast.com\/wordpress\/plugins\/seo\/ -->\n<title>Kizeo Forms Contato e Atendimento<\/title>\n<meta name=\"description\" content=\"Contacte o suporte do Kizeo Forms para obter assist\u00eancia personalizada. A nossa equipa de especialistas est\u00e1 pronta para o ajudar.\" \/>\n<meta name=\"robots\" content=\"index, follow, max-snippet:-1, max-image-preview:large, max-video-preview:-1\" \/>\n<link rel=\"canonical\" href=\"https:\/\/www.kizeo-forms.com\/lat\/pt\/contato\/\" \/>\n<meta property=\"og:locale\" content=\"pt_BR\" \/>\n<meta property=\"og:type\" content=\"article\" \/>\n<meta property=\"og:title\" content=\"Contato\" \/>\n<meta property=\"og:description\" content=\"Contacte o suporte do Kizeo Forms para obter assist\u00eancia personalizada. A nossa equipa de especialistas est\u00e1 pronta para o ajudar.\" \/>\n<meta property=\"og:url\" content=\"https:\/\/www.kizeo-forms.com\/lat\/pt\/contato\/\" \/>\n<meta property=\"og:site_name\" content=\"Site LATAM\" \/>\n<meta property=\"article:modified_time\" content=\"2026-04-27T19:33:41+00:00\" \/>\n<meta name=\"twitter:card\" content=\"summary_large_image\" \/>\n<script type=\"application\/ld+json\" class=\"yoast-schema-graph\">{\"@context\":\"https:\/\/schema.org\",\"@graph\":[{\"@type\":\"WebPage\",\"@id\":\"https:\/\/www.kizeo-forms.com\/lat\/pt\/contato\/\",\"url\":\"https:\/\/www.kizeo-forms.com\/lat\/pt\/contato\/\",\"name\":\"Kizeo Forms Contato e Atendimento\",\"isPartOf\":{\"@id\":\"https:\/\/www.kizeo-forms.com\/lat\/pt\/#website\"},\"datePublished\":\"2024-04-24T03:02:50+00:00\",\"dateModified\":\"2026-04-27T19:33:41+00:00\",\"description\":\"Contacte o suporte do Kizeo Forms para obter assist\u00eancia personalizada. A nossa equipa de especialistas est\u00e1 pronta para o ajudar.\",\"breadcrumb\":{\"@id\":\"https:\/\/www.kizeo-forms.com\/lat\/pt\/contato\/#breadcrumb\"},\"inLanguage\":\"pt-BR\",\"potentialAction\":[{\"@type\":\"ReadAction\",\"target\":[\"https:\/\/www.kizeo-forms.com\/lat\/pt\/contato\/\"]}]},{\"@type\":\"BreadcrumbList\",\"@id\":\"https:\/\/www.kizeo-forms.com\/lat\/pt\/contato\/#breadcrumb\",\"itemListElement\":[{\"@type\":\"ListItem\",\"position\":1,\"name\":\"Home\",\"item\":\"https:\/\/www.kizeo-forms.com\/lat\/pt\/\"},{\"@type\":\"ListItem\",\"position\":2,\"name\":\"Contato\"}]},{\"@type\":\"WebSite\",\"@id\":\"https:\/\/www.kizeo-forms.com\/lat\/pt\/#website\",\"url\":\"https:\/\/www.kizeo-forms.com\/lat\/pt\/\",\"name\":\"Site LATAM\",\"description\":\"Kizeo Forms digitalise vos interventions terrain et documents\",\"potentialAction\":[{\"@type\":\"SearchAction\",\"target\":{\"@type\":\"EntryPoint\",\"urlTemplate\":\"https:\/\/www.kizeo-forms.com\/lat\/pt\/?s={search_term_string}\"},\"query-input\":{\"@type\":\"PropertyValueSpecification\",\"valueRequired\":true,\"valueName\":\"search_term_string\"}}],\"inLanguage\":\"pt-BR\"}]}<\/script>\n<!-- \/ Yoast SEO Premium plugin. -->","yoast_head_json":{"title":"Kizeo Forms Contato e Atendimento","description":"Contacte o suporte do Kizeo Forms para obter assist\u00eancia personalizada. A nossa equipa de especialistas est\u00e1 pronta para o ajudar.","robots":{"index":"index","follow":"follow","max-snippet":"max-snippet:-1","max-image-preview":"max-image-preview:large","max-video-preview":"max-video-preview:-1"},"canonical":"https:\/\/www.kizeo-forms.com\/lat\/pt\/contato\/","og_locale":"pt_BR","og_type":"article","og_title":"Contato","og_description":"Contacte o suporte do Kizeo Forms para obter assist\u00eancia personalizada. A nossa equipa de especialistas est\u00e1 pronta para o ajudar.","og_url":"https:\/\/www.kizeo-forms.com\/lat\/pt\/contato\/","og_site_name":"Site LATAM","article_modified_time":"2026-04-27T19:33:41+00:00","twitter_card":"summary_large_image","schema":{"@context":"https:\/\/schema.org","@graph":[{"@type":"WebPage","@id":"https:\/\/www.kizeo-forms.com\/lat\/pt\/contato\/","url":"https:\/\/www.kizeo-forms.com\/lat\/pt\/contato\/","name":"Kizeo Forms Contato e Atendimento","isPartOf":{"@id":"https:\/\/www.kizeo-forms.com\/lat\/pt\/#website"},"datePublished":"2024-04-24T03:02:50+00:00","dateModified":"2026-04-27T19:33:41+00:00","description":"Contacte o suporte do Kizeo Forms para obter assist\u00eancia personalizada. A nossa equipa de especialistas est\u00e1 pronta para o ajudar.","breadcrumb":{"@id":"https:\/\/www.kizeo-forms.com\/lat\/pt\/contato\/#breadcrumb"},"inLanguage":"pt-BR","potentialAction":[{"@type":"ReadAction","target":["https:\/\/www.kizeo-forms.com\/lat\/pt\/contato\/"]}]},{"@type":"BreadcrumbList","@id":"https:\/\/www.kizeo-forms.com\/lat\/pt\/contato\/#breadcrumb","itemListElement":[{"@type":"ListItem","position":1,"name":"Home","item":"https:\/\/www.kizeo-forms.com\/lat\/pt\/"},{"@type":"ListItem","position":2,"name":"Contato"}]},{"@type":"WebSite","@id":"https:\/\/www.kizeo-forms.com\/lat\/pt\/#website","url":"https:\/\/www.kizeo-forms.com\/lat\/pt\/","name":"Site LATAM","description":"Kizeo Forms digitalise vos interventions terrain et documents","potentialAction":[{"@type":"SearchAction","target":{"@type":"EntryPoint","urlTemplate":"https:\/\/www.kizeo-forms.com\/lat\/pt\/?s={search_term_string}"},"query-input":{"@type":"PropertyValueSpecification","valueRequired":true,"valueName":"search_term_string"}}],"inLanguage":"pt-BR"}]}},"_links":{"self":[{"href":"https:\/\/www.kizeo-forms.com\/lat\/pt\/wp-json\/wp\/v2\/pages\/8872","targetHints":{"allow":["GET"]}}],"collection":[{"href":"https:\/\/www.kizeo-forms.com\/lat\/pt\/wp-json\/wp\/v2\/pages"}],"about":[{"href":"https:\/\/www.kizeo-forms.com\/lat\/pt\/wp-json\/wp\/v2\/types\/page"}],"author":[{"embeddable":true,"href":"https:\/\/www.kizeo-forms.com\/lat\/pt\/wp-json\/wp\/v2\/users\/1"}],"replies":[{"embeddable":true,"href":"https:\/\/www.kizeo-forms.com\/lat\/pt\/wp-json\/wp\/v2\/comments?post=8872"}],"version-history":[{"count":14,"href":"https:\/\/www.kizeo-forms.com\/lat\/pt\/wp-json\/wp\/v2\/pages\/8872\/revisions"}],"predecessor-version":[{"id":12660,"href":"https:\/\/www.kizeo-forms.com\/lat\/pt\/wp-json\/wp\/v2\/pages\/8872\/revisions\/12660"}],"wp:attachment":[{"href":"https:\/\/www.kizeo-forms.com\/lat\/pt\/wp-json\/wp\/v2\/media?parent=8872"}],"curies":[{"name":"wp","href":"https:\/\/api.w.org\/{rel}","templated":true}]}}