{"id":8989,"date":"2024-05-08T02:22:11","date_gmt":"2024-05-08T02:22:11","guid":{"rendered":"https:\/\/www.kizeo-forms.com\/lat\/prueba-gratis\/"},"modified":"2024-12-20T04:11:12","modified_gmt":"2024-12-20T04:11:12","slug":"teste-gratis","status":"publish","type":"page","link":"https:\/\/www.kizeo-forms.com\/lat\/pt\/teste-gratis\/","title":{"rendered":"Teste gratis"},"content":{"rendered":"<div class=\"banner-contact\">\n    <div class=\"wrapper\">\n        <div class=\"row\">\n            <div class=\"col-6\">\n                <div class=\"info\">\n                                            <h1 class=\"title-large text-anim\">\n                            <span class=\"text-anim__elem\">Teste gratuito<br>Kizeo Forms<\/span>\n                        <\/h1>\n                                                                                    <div class=\"description editor\">\n                            <p>Voc\u00ea tem 15 dias para testar todas as funcionalidades. N\u00e3o \u00e9 necess\u00e1rio inserir o cart\u00e3o de cr\u00e9dito.<\/p>\n                        <\/div>\n                                                        <\/div>\n                            <\/div>\n            <div class=\"col-6\">\n                <div class=\"wrap-form\">\n                                        <div class=\"list-form\">\n                        <script>\n                              hbspt.forms.create({\r\n    portalId: \"9490190\",\r\n    formId: \"409bcd7c-d54e-45b8-8f49-9e2961d28d6f\"\r\n  });\r\n                        <\/script>\n                        <script>\n                                                    <\/script>\n                    <\/div>\n                <\/div>\n            <\/div>\n        <\/div>\n        \n\n<div class=\" banner-solution partner\">\n            <p class=\"partner__title\">Ya conf\u00edan en nosotros<\/p>\n        <div class=\"wrapper\">\n        <div class=\"partner__wrap-slider\">\n                            <p class=\"partner__title\">Ya conf\u00edan en nosotros<\/p>\n                        <div class=\"partner__slider\">\n                <div class=\"swiper-wrapper\">\n                                                    <div class=\"image swiper-slide\">\n                                    <picture>\n                                        <img decoding=\"async\" class=\"img\" src=\"https:\/\/www.kizeo-forms.com\/app\/uploads\/sites\/17\/2024\/10\/logo-reference-nge.svg\" alt=\"partner-1\" \/>\n                                    <\/picture>\n                                <\/div>\n                                                    <div class=\"image swiper-slide\">\n                                    <picture>\n                                        <img decoding=\"async\" class=\"img\" src=\"https:\/\/www.kizeo-forms.com\/app\/uploads\/sites\/17\/2024\/01\/partner-3.png\" alt=\"partner-2\" \/>\n                                    <\/picture>\n                                <\/div>\n                                                    <div class=\"image swiper-slide\">\n                                    <picture>\n                                        <img decoding=\"async\" class=\"img\" src=\"https:\/\/www.kizeo-forms.com\/app\/uploads\/sites\/17\/2024\/01\/partner-4.png\" alt=\"partner-3\" \/>\n                                    <\/picture>\n                                <\/div>\n                                                    <div class=\"image swiper-slide\">\n                                    <picture>\n                                        <img decoding=\"async\" class=\"img\" src=\"https:\/\/www.kizeo-forms.com\/app\/uploads\/sites\/17\/2024\/06\/logo-SUEZ.svg\" alt=\"partner-4\" \/>\n                                    <\/picture>\n                                <\/div>\n                                                    <div class=\"image swiper-slide\">\n                                    <picture>\n                                        <img decoding=\"async\" class=\"img\" src=\"https:\/\/www.kizeo-forms.com\/app\/uploads\/sites\/17\/2024\/06\/logo-bouygues-1.svg\" alt=\"partner-5\" \/>\n                                    <\/picture>\n                                <\/div>\n                                                    <div class=\"image swiper-slide\">\n                                    <picture>\n                                        <img decoding=\"async\" class=\"img\" src=\"https:\/\/www.kizeo-forms.com\/app\/uploads\/sites\/17\/2024\/08\/equans-logo-blanco.png\" alt=\"partner-6\" \/>\n                                    <\/picture>\n                                <\/div>\n                                    <\/div>\n            <\/div>\n        <\/div>\n    <\/div>\n<\/div>\n\n    <\/div>\n<\/div>","protected":false},"excerpt":{"rendered":"","protected":false},"author":1,"featured_media":0,"parent":0,"menu_order":0,"comment_status":"closed","ping_status":"closed","template":"pages\/essai-gratuit.php","meta":{"_acf_changed":false,"content-type":"","footnotes":""},"class_list":["post-8989","page","type-page","status-publish","hentry"],"acf":[],"yoast_head":"<!-- This site is optimized with the Yoast SEO Premium plugin v24.9 (Yoast SEO v24.9) - https:\/\/yoast.com\/wordpress\/plugins\/seo\/ -->\n<title>Teste Gratis - Kizeo Forms<\/title>\n<meta name=\"robots\" content=\"index, follow, max-snippet:-1, max-image-preview:large, max-video-preview:-1\" \/>\n<link rel=\"canonical\" href=\"https:\/\/www.kizeo-forms.com\/lat\/pt\/teste-gratis\/\" \/>\n<meta property=\"og:locale\" content=\"pt_BR\" \/>\n<meta property=\"og:type\" content=\"article\" \/>\n<meta property=\"og:title\" content=\"Teste gratis\" \/>\n<meta property=\"og:url\" content=\"https:\/\/www.kizeo-forms.com\/lat\/pt\/teste-gratis\/\" \/>\n<meta property=\"og:site_name\" content=\"Site LATAM\" \/>\n<meta property=\"article:modified_time\" content=\"2024-12-20T04:11:12+00:00\" \/>\n<meta name=\"twitter:card\" content=\"summary_large_image\" \/>\n<script type=\"application\/ld+json\" class=\"yoast-schema-graph\">{\"@context\":\"https:\/\/schema.org\",\"@graph\":[{\"@type\":\"WebPage\",\"@id\":\"https:\/\/www.kizeo-forms.com\/lat\/pt\/teste-gratis\/\",\"url\":\"https:\/\/www.kizeo-forms.com\/lat\/pt\/teste-gratis\/\",\"name\":\"Teste Gratis - Kizeo Forms\",\"isPartOf\":{\"@id\":\"https:\/\/www.kizeo-forms.com\/lat\/pt\/#website\"},\"datePublished\":\"2024-05-08T02:22:11+00:00\",\"dateModified\":\"2024-12-20T04:11:12+00:00\",\"breadcrumb\":{\"@id\":\"https:\/\/www.kizeo-forms.com\/lat\/pt\/teste-gratis\/#breadcrumb\"},\"inLanguage\":\"pt-BR\",\"potentialAction\":[{\"@type\":\"ReadAction\",\"target\":[\"https:\/\/www.kizeo-forms.com\/lat\/pt\/teste-gratis\/\"]}]},{\"@type\":\"BreadcrumbList\",\"@id\":\"https:\/\/www.kizeo-forms.com\/lat\/pt\/teste-gratis\/#breadcrumb\",\"itemListElement\":[{\"@type\":\"ListItem\",\"position\":1,\"name\":\"Home\",\"item\":\"https:\/\/www.kizeo-forms.com\/lat\/pt\/\"},{\"@type\":\"ListItem\",\"position\":2,\"name\":\"Teste gratis\"}]},{\"@type\":\"WebSite\",\"@id\":\"https:\/\/www.kizeo-forms.com\/lat\/pt\/#website\",\"url\":\"https:\/\/www.kizeo-forms.com\/lat\/pt\/\",\"name\":\"Site LATAM\",\"description\":\"Kizeo Forms digitalise vos interventions terrain et documents\",\"potentialAction\":[{\"@type\":\"SearchAction\",\"target\":{\"@type\":\"EntryPoint\",\"urlTemplate\":\"https:\/\/www.kizeo-forms.com\/lat\/pt\/?s={search_term_string}\"},\"query-input\":{\"@type\":\"PropertyValueSpecification\",\"valueRequired\":true,\"valueName\":\"search_term_string\"}}],\"inLanguage\":\"pt-BR\"}]}<\/script>\n<!-- \/ Yoast SEO Premium plugin. -->","yoast_head_json":{"title":"Teste Gratis - Kizeo Forms","robots":{"index":"index","follow":"follow","max-snippet":"max-snippet:-1","max-image-preview":"max-image-preview:large","max-video-preview":"max-video-preview:-1"},"canonical":"https:\/\/www.kizeo-forms.com\/lat\/pt\/teste-gratis\/","og_locale":"pt_BR","og_type":"article","og_title":"Teste gratis","og_url":"https:\/\/www.kizeo-forms.com\/lat\/pt\/teste-gratis\/","og_site_name":"Site LATAM","article_modified_time":"2024-12-20T04:11:12+00:00","twitter_card":"summary_large_image","schema":{"@context":"https:\/\/schema.org","@graph":[{"@type":"WebPage","@id":"https:\/\/www.kizeo-forms.com\/lat\/pt\/teste-gratis\/","url":"https:\/\/www.kizeo-forms.com\/lat\/pt\/teste-gratis\/","name":"Teste Gratis - Kizeo Forms","isPartOf":{"@id":"https:\/\/www.kizeo-forms.com\/lat\/pt\/#website"},"datePublished":"2024-05-08T02:22:11+00:00","dateModified":"2024-12-20T04:11:12+00:00","breadcrumb":{"@id":"https:\/\/www.kizeo-forms.com\/lat\/pt\/teste-gratis\/#breadcrumb"},"inLanguage":"pt-BR","potentialAction":[{"@type":"ReadAction","target":["https:\/\/www.kizeo-forms.com\/lat\/pt\/teste-gratis\/"]}]},{"@type":"BreadcrumbList","@id":"https:\/\/www.kizeo-forms.com\/lat\/pt\/teste-gratis\/#breadcrumb","itemListElement":[{"@type":"ListItem","position":1,"name":"Home","item":"https:\/\/www.kizeo-forms.com\/lat\/pt\/"},{"@type":"ListItem","position":2,"name":"Teste gratis"}]},{"@type":"WebSite","@id":"https:\/\/www.kizeo-forms.com\/lat\/pt\/#website","url":"https:\/\/www.kizeo-forms.com\/lat\/pt\/","name":"Site LATAM","description":"Kizeo Forms digitalise vos interventions terrain et documents","potentialAction":[{"@type":"SearchAction","target":{"@type":"EntryPoint","urlTemplate":"https:\/\/www.kizeo-forms.com\/lat\/pt\/?s={search_term_string}"},"query-input":{"@type":"PropertyValueSpecification","valueRequired":true,"valueName":"search_term_string"}}],"inLanguage":"pt-BR"}]}},"_links":{"self":[{"href":"https:\/\/www.kizeo-forms.com\/lat\/pt\/wp-json\/wp\/v2\/pages\/8989","targetHints":{"allow":["GET"]}}],"collection":[{"href":"https:\/\/www.kizeo-forms.com\/lat\/pt\/wp-json\/wp\/v2\/pages"}],"about":[{"href":"https:\/\/www.kizeo-forms.com\/lat\/pt\/wp-json\/wp\/v2\/types\/page"}],"author":[{"embeddable":true,"href":"https:\/\/www.kizeo-forms.com\/lat\/pt\/wp-json\/wp\/v2\/users\/1"}],"replies":[{"embeddable":true,"href":"https:\/\/www.kizeo-forms.com\/lat\/pt\/wp-json\/wp\/v2\/comments?post=8989"}],"version-history":[{"count":3,"href":"https:\/\/www.kizeo-forms.com\/lat\/pt\/wp-json\/wp\/v2\/pages\/8989\/revisions"}],"predecessor-version":[{"id":9035,"href":"https:\/\/www.kizeo-forms.com\/lat\/pt\/wp-json\/wp\/v2\/pages\/8989\/revisions\/9035"}],"wp:attachment":[{"href":"https:\/\/www.kizeo-forms.com\/lat\/pt\/wp-json\/wp\/v2\/media?parent=8989"}],"curies":[{"name":"wp","href":"https:\/\/api.w.org\/{rel}","templated":true}]}}