{"id":9016,"date":"2024-10-22T19:36:10","date_gmt":"2024-10-22T19:36:10","guid":{"rendered":"https:\/\/www.kizeo-forms.com\/lat\/agenda-demo\/"},"modified":"2025-08-11T07:06:00","modified_gmt":"2025-08-11T07:06:00","slug":"agenda-demo","status":"publish","type":"page","link":"https:\/\/www.kizeo-forms.com\/lat\/pt\/agenda-demo\/","title":{"rendered":"Agenda demo"},"content":{"rendered":"<div class=\"banner-contact\n    has-iframe\n  \">\n    <div class=\"wrapper\">\n        <div class=\"row\">\n            <div class=\"col-6\">\n                <div class=\"info\">\n                                            <h1 class=\"title-large text-anim\">\n                            <span class=\"text-anim__elem\">Solicite uma demonstra\u00e7\u00e3o<\/span>\n                        <\/h1>\n                                                                <p class=\"title-small\">Conhe\u00e7a o Kizeo Forms com a ajuda de um especialista em uma videochamada de 30 minutos <\/p>\n                                                                <div class=\"description editor\">\n                            <p>Agende uma reuni\u00e3o gratuita e sem compromisso com nossos especialistas para entender como o Kizeo Forms pode ajudar a eliminar o uso de papel e automatizar v\u00e1rios processos da sua empresa.<\/p>\n<p>Com uma demonstra\u00e7\u00e3o personalizada, descubra o Kizeo Forms e veja se somos a melhor op\u00e7\u00e3o para o seu neg\u00f3cio.<\/p>\n                        <\/div>\n                                    <\/div>\n                \n            <\/div>\n            <div class=\"col-6\">\n                <div class=\"wrap-form\">\n                    <div class=\"list-form\">\n                         <!-- Start of Meetings Embed Script -->\r\n <div class=\"meetings-iframe-container\" data-src=\"https:\/\/meetings.hubspot.com\/luiz-selli?embed=true\"><\/div>\r\n    <script type=\"text\/javascript\" src=\"https:\/\/static.hsappstatic.net\/MeetingsEmbed\/ex\/MeetingsEmbedCode.js\"><\/script>\r\n  <!-- End of Meetings Embed Script -->                    <\/div>\n                <\/div>\n            <\/div>\n        <\/div>\n        \n    <\/div>\n<\/div>\n\n\n<hr class=\"wp-block-separator has-alpha-channel-opacity\"\/>\n\n\n<div class=\"faq\">\n    <div class=\"wrapper\">\n                    <h2 class=\"title-medium\">Tem d\u00favidas sobre a demonstra\u00e7\u00e3o? N\u00f3s esclarecemos para voc\u00ea!<\/h2>\n                <div class=\"faq__list\">\n                                    <div class=\"faq__item\">\n                            <p class=\"title-small\">A reuni\u00e3o de demonstra\u00e7\u00e3o tem algum custo? <span class=\"icon-plus\"><\/span><\/p>\n                            <div class=\"info\">\n                                <div class=\"description editor\">\n                                    <p>N\u00e3o, a reuni\u00e3o de demonstra\u00e7\u00e3o com nossos especialistas \u00e9 gratuita. Voc\u00ea s\u00f3 precisa agendar uma videochamada para participar.<\/p>\n                                <\/div>\n                            <\/div>\n                        <\/div>\n                                    <div class=\"faq__item\">\n                            <p class=\"title-small\">Quanto tempo dura a demonstra\u00e7\u00e3o? <span class=\"icon-plus\"><\/span><\/p>\n                            <div class=\"info\">\n                                <div class=\"description editor\">\n                                    <p>Nossos especialistas em digitaliza\u00e7\u00e3o far\u00e3o uma demonstra\u00e7\u00e3o guiada ao vivo com dura\u00e7\u00e3o aproximada de 30 minutos. As reuni\u00f5es podem ser um pouco mais longas ou mais curtas, dependendo das informa\u00e7\u00f5es e exemplos que voc\u00ea nos fornecer.<\/p>\n                                <\/div>\n                            <\/div>\n                        <\/div>\n                                    <div class=\"faq__item\">\n                            <p class=\"title-small\">As demonstra\u00e7\u00f5es s\u00e3o personalizadas? <span class=\"icon-plus\"><\/span><\/p>\n                            <div class=\"info\">\n                                <div class=\"description editor\">\n                                    <p>Sim! N\u00f3s as adaptamos \u00e0s informa\u00e7\u00f5es e aos modelos de exemplo que voc\u00ea nos enviar com anteced\u00eancia. Assim que voc\u00ea fizer a reserva, enviaremos as instru\u00e7\u00f5es para que voc\u00ea compartilhe todas as informa\u00e7\u00f5es que considerar relevantes.<\/p>\n                                <\/div>\n                            <\/div>\n                        <\/div>\n                                    <div class=\"faq__item\">\n                            <p class=\"title-small\">Posso testar o Kizeo Forms gratuitamente antes da demonstra\u00e7\u00e3o? <span class=\"icon-plus\"><\/span><\/p>\n                            <div class=\"info\">\n                                <div class=\"description editor\">\n                                    <p>Claro! Voc\u00ea pode aproveitar 15 dias de Kizeo Forms gratuitamente e contar com o suporte de nossos especialistas para digitalizar seus processos.<\/p>\n                                <\/div>\n                            <\/div>\n                        <\/div>\n                    <\/div>\n            <\/div>\n<\/div>\n\n\n<p><\/p>\n\n\n\n<div class=\"banner-big\">\n    <div class=\"wrapper\">\n        <div class=\"banner-big__content\">\n            <div class=\"info\">\n                                <h2 class=\"title-large\">\n                    Experimente o Kizeo Forms, ele \u00e9 <strong>gratuito!<\/strong>                    <small>\n                        Voc\u00ea tem 15 dias para experimentar. Sem compromisso                    <\/small>\n                <\/h2>\n                            <\/div>\n                            <a href=\"\/lat\/pt\/teste-gratis\/\" target=\"_blank\" class=\"btn btn-text btn-icon btn--green\">\n                    <span> Inicie seu teste gratuito<\/span> <span class=\"icon-right\"><\/span>\n                <\/a>\n                        <div class=\"image\">\n                <picture><img decoding=\"async\" class=\"img\" src=\"https:\/\/www.kizeo-forms.com\/app\/themes\/kizeo\/assets\/\/images\/banner-big.png\" alt=\"banner-big.png\"><\/picture>\n            <\/div>\n        <\/div>\n    <\/div>\n<\/div>","protected":false},"excerpt":{"rendered":"","protected":false},"author":5,"featured_media":0,"parent":0,"menu_order":0,"comment_status":"closed","ping_status":"closed","template":"","meta":{"_acf_changed":false,"content-type":"","footnotes":""},"class_list":["post-9016","page","type-page","status-publish","hentry"],"acf":[],"yoast_head":"<!-- This site is optimized with the Yoast SEO Premium plugin v24.9 (Yoast SEO v24.9) - https:\/\/yoast.com\/wordpress\/plugins\/seo\/ -->\n<title>Agenda demo - Site LATAM<\/title>\n<meta name=\"robots\" content=\"index, follow, max-snippet:-1, max-image-preview:large, max-video-preview:-1\" \/>\n<link rel=\"canonical\" href=\"https:\/\/www.kizeo-forms.com\/lat\/pt\/agenda-demo\/\" \/>\n<meta property=\"og:locale\" content=\"pt_BR\" \/>\n<meta property=\"og:type\" content=\"article\" \/>\n<meta property=\"og:title\" content=\"Agenda demo\" \/>\n<meta property=\"og:url\" content=\"https:\/\/www.kizeo-forms.com\/lat\/pt\/agenda-demo\/\" \/>\n<meta property=\"og:site_name\" content=\"Site LATAM\" \/>\n<meta property=\"article:modified_time\" content=\"2025-08-11T07:06:00+00:00\" \/>\n<meta name=\"twitter:card\" content=\"summary_large_image\" \/>\n<script type=\"application\/ld+json\" class=\"yoast-schema-graph\">{\"@context\":\"https:\/\/schema.org\",\"@graph\":[{\"@type\":\"WebPage\",\"@id\":\"https:\/\/www.kizeo-forms.com\/lat\/pt\/agenda-demo\/\",\"url\":\"https:\/\/www.kizeo-forms.com\/lat\/pt\/agenda-demo\/\",\"name\":\"Agenda demo - Site LATAM\",\"isPartOf\":{\"@id\":\"https:\/\/www.kizeo-forms.com\/lat\/pt\/#website\"},\"datePublished\":\"2024-10-22T19:36:10+00:00\",\"dateModified\":\"2025-08-11T07:06:00+00:00\",\"breadcrumb\":{\"@id\":\"https:\/\/www.kizeo-forms.com\/lat\/pt\/agenda-demo\/#breadcrumb\"},\"inLanguage\":\"pt-BR\",\"potentialAction\":[{\"@type\":\"ReadAction\",\"target\":[\"https:\/\/www.kizeo-forms.com\/lat\/pt\/agenda-demo\/\"]}]},{\"@type\":\"BreadcrumbList\",\"@id\":\"https:\/\/www.kizeo-forms.com\/lat\/pt\/agenda-demo\/#breadcrumb\",\"itemListElement\":[{\"@type\":\"ListItem\",\"position\":1,\"name\":\"Home\",\"item\":\"https:\/\/www.kizeo-forms.com\/lat\/pt\/\"},{\"@type\":\"ListItem\",\"position\":2,\"name\":\"Agenda demo\"}]},{\"@type\":\"WebSite\",\"@id\":\"https:\/\/www.kizeo-forms.com\/lat\/pt\/#website\",\"url\":\"https:\/\/www.kizeo-forms.com\/lat\/pt\/\",\"name\":\"Site LATAM\",\"description\":\"Kizeo Forms digitalise vos interventions terrain et documents\",\"potentialAction\":[{\"@type\":\"SearchAction\",\"target\":{\"@type\":\"EntryPoint\",\"urlTemplate\":\"https:\/\/www.kizeo-forms.com\/lat\/pt\/?s={search_term_string}\"},\"query-input\":{\"@type\":\"PropertyValueSpecification\",\"valueRequired\":true,\"valueName\":\"search_term_string\"}}],\"inLanguage\":\"pt-BR\"}]}<\/script>\n<!-- \/ Yoast SEO Premium plugin. -->","yoast_head_json":{"title":"Agenda demo - Site LATAM","robots":{"index":"index","follow":"follow","max-snippet":"max-snippet:-1","max-image-preview":"max-image-preview:large","max-video-preview":"max-video-preview:-1"},"canonical":"https:\/\/www.kizeo-forms.com\/lat\/pt\/agenda-demo\/","og_locale":"pt_BR","og_type":"article","og_title":"Agenda demo","og_url":"https:\/\/www.kizeo-forms.com\/lat\/pt\/agenda-demo\/","og_site_name":"Site LATAM","article_modified_time":"2025-08-11T07:06:00+00:00","twitter_card":"summary_large_image","schema":{"@context":"https:\/\/schema.org","@graph":[{"@type":"WebPage","@id":"https:\/\/www.kizeo-forms.com\/lat\/pt\/agenda-demo\/","url":"https:\/\/www.kizeo-forms.com\/lat\/pt\/agenda-demo\/","name":"Agenda demo - Site LATAM","isPartOf":{"@id":"https:\/\/www.kizeo-forms.com\/lat\/pt\/#website"},"datePublished":"2024-10-22T19:36:10+00:00","dateModified":"2025-08-11T07:06:00+00:00","breadcrumb":{"@id":"https:\/\/www.kizeo-forms.com\/lat\/pt\/agenda-demo\/#breadcrumb"},"inLanguage":"pt-BR","potentialAction":[{"@type":"ReadAction","target":["https:\/\/www.kizeo-forms.com\/lat\/pt\/agenda-demo\/"]}]},{"@type":"BreadcrumbList","@id":"https:\/\/www.kizeo-forms.com\/lat\/pt\/agenda-demo\/#breadcrumb","itemListElement":[{"@type":"ListItem","position":1,"name":"Home","item":"https:\/\/www.kizeo-forms.com\/lat\/pt\/"},{"@type":"ListItem","position":2,"name":"Agenda demo"}]},{"@type":"WebSite","@id":"https:\/\/www.kizeo-forms.com\/lat\/pt\/#website","url":"https:\/\/www.kizeo-forms.com\/lat\/pt\/","name":"Site LATAM","description":"Kizeo Forms digitalise vos interventions terrain et documents","potentialAction":[{"@type":"SearchAction","target":{"@type":"EntryPoint","urlTemplate":"https:\/\/www.kizeo-forms.com\/lat\/pt\/?s={search_term_string}"},"query-input":{"@type":"PropertyValueSpecification","valueRequired":true,"valueName":"search_term_string"}}],"inLanguage":"pt-BR"}]}},"_links":{"self":[{"href":"https:\/\/www.kizeo-forms.com\/lat\/pt\/wp-json\/wp\/v2\/pages\/9016","targetHints":{"allow":["GET"]}}],"collection":[{"href":"https:\/\/www.kizeo-forms.com\/lat\/pt\/wp-json\/wp\/v2\/pages"}],"about":[{"href":"https:\/\/www.kizeo-forms.com\/lat\/pt\/wp-json\/wp\/v2\/types\/page"}],"author":[{"embeddable":true,"href":"https:\/\/www.kizeo-forms.com\/lat\/pt\/wp-json\/wp\/v2\/users\/5"}],"replies":[{"embeddable":true,"href":"https:\/\/www.kizeo-forms.com\/lat\/pt\/wp-json\/wp\/v2\/comments?post=9016"}],"version-history":[{"count":8,"href":"https:\/\/www.kizeo-forms.com\/lat\/pt\/wp-json\/wp\/v2\/pages\/9016\/revisions"}],"predecessor-version":[{"id":10628,"href":"https:\/\/www.kizeo-forms.com\/lat\/pt\/wp-json\/wp\/v2\/pages\/9016\/revisions\/10628"}],"wp:attachment":[{"href":"https:\/\/www.kizeo-forms.com\/lat\/pt\/wp-json\/wp\/v2\/media?parent=9016"}],"curies":[{"name":"wp","href":"https:\/\/api.w.org\/{rel}","templated":true}]}}