{"id":3023,"date":"2024-04-24T03:02:50","date_gmt":"2024-04-24T03:02:50","guid":{"rendered":"https:\/\/www.kizeo-forms.com\/lat\/contact\/"},"modified":"2026-03-05T18:03:18","modified_gmt":"2026-03-05T18:03:18","slug":"contacto","status":"publish","type":"page","link":"https:\/\/www.kizeo-forms.com\/lat\/contacto\/","title":{"rendered":"Contacto"},"content":{"rendered":"<div class=\"banner-contact\">\n    <div class=\"wrapper\">\n        <div class=\"row\">\n            <div class=\"col-6\">\n                <div class=\"info\">\n                                            <h1 class=\"title-large text-anim\">\n                            <span class=\"text-anim__elem\">Contacto y Soporte<\/span>\n                        <\/h1>\n                                                                <p class=\"title-small\">Nuestro equipo responder\u00e1 a tus dudas y comentarios <\/p>\n                                                                <div class=\"description editor\">\n                            <p><span style=\"font-weight: 400\">\u00bfQuieres conocer m\u00e1s sobre Kizeo Forms antes de comprar? Entonces te invitamos a que rellenes nuestro formulario de contacto comercial.\u00a0<\/span><\/p>\n<p><span style=\"font-weight: 400\">Si tienes alg\u00fan problema con la aplicaci\u00f3n, aseg\u00farate de actualizar a la versi\u00f3n m\u00e1s reciente antes de solicitar asistencia.<\/span><\/p>\n<p><span style=\"font-weight: 400\">Para cualquier duda sobre las funcionalidades, no dudes en consultar nuestros tutoriales y la secci\u00f3n de preguntas frecuentes.<\/span><\/p>\n                        <\/div>\n                                                        <\/div>\n                            <\/div>\n            <div class=\"col-6\">\n                <div class=\"wrap-form\">\n                                            <div class=\"list-tab\">\n                                                            <div class=\"tab active\">\n                                    <span class=\"icon icon-hand\"><\/span>\n                                    <p> Servicio comercial<\/p>\n                                <\/div>\n                                                                                        <div class=\"tab\">\n                                    <span class=\"icon icon-support\"><\/span>\n                                    <p> Servicio de soporte<\/p>\n                                <\/div>\n                                                    <\/div>\n                                        <div class=\"list-form\">\n                        <script>\n                              hbspt.forms.create({\r\n    region: \"na1\",\r\n    portalId: \"9490190\",\r\n    formId: \"62e32ea7-68d1-45e7-8664-6adb6201716f\"\r\n  });\r\n  \r\n                        <\/script>\n                        <script>\n                              hbspt.forms.create({\r\n    region: \"na1\",\r\n    portalId: \"9490190\",\r\n    formId: \"62e32ea7-68d1-45e7-8664-6adb6201716f\"\r\n  }); \r\n\r\n\r\n                        <\/script>\n                    <\/div>\n                <\/div>\n            <\/div>\n        <\/div>\n        \n    <div class=\"notification\">\n\n        <p class=\"tag white\">\n            Informaci\u00f3n        <\/p>\n        <p class=\"description editor\"><p>Tambi\u00e9n puedes ponerte en contacto con nosotros por correo electr\u00f3nico en <a href=\"mailto:contacto-latam@kizeo.com\" target=\"_blank\" rel=\"noopener\">contacto-latam@kizeo.com.<\/a><\/p>\n<\/p>\n        <span class=\"icon-close\"><\/span>\n    <\/div>\n\n\n    <\/div>\n<\/div>\n\n<div class=\"support\">\n    <div class=\"wrapper\">\n                <div class=\"support__list\">\n            <div class=\"swiper-wrapper\">\n                                            <div class=\"swiper-slide support__item big-card\">\n                                <div class=\"info\">\n                                    <p class=\"title-small\">Ofrecer un excelente servicio al cliente es parte de nuestra misi\u00f3n.<\/p>\n                                <\/div>\n                            <\/div>\n                                                    <div class=\"swiper-slide support__item\">\n                                                                    <div class=\"image\">\n                                        <picture>\n                                            <img decoding=\"async\" class=\"img\" src=\"https:\/\/www.kizeo-forms.com\/app\/uploads\/sites\/17\/2026\/03\/image00056-435x280.jpg\" alt=\"Nuestro equipo est a tu disposicin\" \/>\n                                        <\/picture>\n                                    <\/div>\n                                                                <div class=\"info\">\n                                                                            <p class=\"title-small\">Nuestro equipo est\u00e1 a tu disposici\u00f3n<\/p>\n                                                                                                                <div class=\"description\">\n                                            Para responder todas tus dudas en espa\u00f1ol, portugu\u00e9s o ingl\u00e9s.                                         <\/div>\n                                                                                                        <\/div>\n                            <\/div>\n                                            <div class=\"swiper-slide support__item\">\n                                                                    <div class=\"image\">\n                                        <picture>\n                                            <img decoding=\"async\" class=\"img\" src=\"https:\/\/www.kizeo-forms.com\/app\/uploads\/sites\/17\/2024\/10\/Beneficios-de-estandarizar-procesos-435x280.jpg\" alt=\"Oficinas\" \/>\n                                        <\/picture>\n                                    <\/div>\n                                                                <div class=\"info\">\n                                                                            <p class=\"title-small\">Oficinas<\/p>\n                                                                                                                <div class=\"description\">\n                                            Italia 850, Providencia.  Santiago, Chile.\u00a0                                        <\/div>\n                                                                                                        <\/div>\n                            <\/div>\n                                            <div class=\"swiper-slide support__item\">\n                                                                    <div class=\"image\">\n                                        <picture>\n                                            <img decoding=\"async\" class=\"img\" src=\"https:\/\/www.kizeo-forms.com\/app\/uploads\/sites\/17\/2024\/11\/Kizeo-Service-Clients-1-435x280-1.webp\" alt=\"Horario\" \/>\n                                        <\/picture>\n                                    <\/div>\n                                                                <div class=\"info\">\n                                                                            <p class=\"title-small\">Horario<\/p>\n                                                                                                                <div class=\"description\">\n                                            lunes a viernes de 9:00 a 13:00 y de 14:00 a 18:00 (GMT &#8211; 4 \/ Hora Chile)                                        <\/div>\n                                                                                                        <\/div>\n                            <\/div>\n                            <\/div>\n        <\/div>\n    <\/div>\n<\/div>","protected":false},"excerpt":{"rendered":"","protected":false},"author":1,"featured_media":0,"parent":0,"menu_order":0,"comment_status":"closed","ping_status":"closed","template":"","meta":{"_acf_changed":false,"content-type":"","footnotes":""},"class_list":["post-3023","page","type-page","status-publish","hentry"],"acf":[],"yoast_head":"<!-- This site is optimized with the Yoast SEO Premium plugin v24.9 (Yoast SEO v24.9) - https:\/\/yoast.com\/wordpress\/plugins\/seo\/ -->\n<title>Kizeo Forms Contacto y Soporte<\/title>\n<meta name=\"description\" content=\"Contacta con el soporte de Kizeo Forms para obtener asistencia personalizada. Nuestro equipo de expertos est\u00e1 listo para ayudarte.\" \/>\n<meta name=\"robots\" content=\"index, follow, max-snippet:-1, max-image-preview:large, max-video-preview:-1\" \/>\n<link rel=\"canonical\" href=\"https:\/\/www.kizeo-forms.com\/lat\/contacto\/\" \/>\n<meta property=\"og:locale\" content=\"es_ES\" \/>\n<meta property=\"og:type\" content=\"article\" \/>\n<meta property=\"og:title\" content=\"Contacto\" \/>\n<meta property=\"og:description\" content=\"Contacta con el soporte de Kizeo Forms para obtener asistencia personalizada. Nuestro equipo de expertos est\u00e1 listo para ayudarte.\" \/>\n<meta property=\"og:url\" content=\"https:\/\/www.kizeo-forms.com\/lat\/contacto\/\" \/>\n<meta property=\"og:site_name\" content=\"Site LATAM\" \/>\n<meta property=\"article:modified_time\" content=\"2026-03-05T18:03:18+00:00\" \/>\n<meta name=\"twitter:card\" content=\"summary_large_image\" \/>\n<script type=\"application\/ld+json\" class=\"yoast-schema-graph\">{\"@context\":\"https:\/\/schema.org\",\"@graph\":[{\"@type\":\"WebPage\",\"@id\":\"https:\/\/www.kizeo-forms.com\/lat\/contacto\/\",\"url\":\"https:\/\/www.kizeo-forms.com\/lat\/contacto\/\",\"name\":\"Kizeo Forms Contacto y Soporte\",\"isPartOf\":{\"@id\":\"https:\/\/www.kizeo-forms.com\/lat\/#website\"},\"datePublished\":\"2024-04-24T03:02:50+00:00\",\"dateModified\":\"2026-03-05T18:03:18+00:00\",\"description\":\"Contacta con el soporte de Kizeo Forms para obtener asistencia personalizada. Nuestro equipo de expertos est\u00e1 listo para ayudarte.\",\"breadcrumb\":{\"@id\":\"https:\/\/www.kizeo-forms.com\/lat\/contacto\/#breadcrumb\"},\"inLanguage\":\"es\",\"potentialAction\":[{\"@type\":\"ReadAction\",\"target\":[\"https:\/\/www.kizeo-forms.com\/lat\/contacto\/\"]}]},{\"@type\":\"BreadcrumbList\",\"@id\":\"https:\/\/www.kizeo-forms.com\/lat\/contacto\/#breadcrumb\",\"itemListElement\":[{\"@type\":\"ListItem\",\"position\":1,\"name\":\"Home\",\"item\":\"https:\/\/www.kizeo-forms.com\/lat\/\"},{\"@type\":\"ListItem\",\"position\":2,\"name\":\"Contacto\"}]},{\"@type\":\"WebSite\",\"@id\":\"https:\/\/www.kizeo-forms.com\/lat\/#website\",\"url\":\"https:\/\/www.kizeo-forms.com\/lat\/\",\"name\":\"Site LATAM\",\"description\":\"Kizeo Forms digitalise vos interventions terrain et documents\",\"potentialAction\":[{\"@type\":\"SearchAction\",\"target\":{\"@type\":\"EntryPoint\",\"urlTemplate\":\"https:\/\/www.kizeo-forms.com\/lat\/?s={search_term_string}\"},\"query-input\":{\"@type\":\"PropertyValueSpecification\",\"valueRequired\":true,\"valueName\":\"search_term_string\"}}],\"inLanguage\":\"es\"}]}<\/script>\n<!-- \/ Yoast SEO Premium plugin. -->","yoast_head_json":{"title":"Kizeo Forms Contacto y Soporte","description":"Contacta con el soporte de Kizeo Forms para obtener asistencia personalizada. Nuestro equipo de expertos est\u00e1 listo para ayudarte.","robots":{"index":"index","follow":"follow","max-snippet":"max-snippet:-1","max-image-preview":"max-image-preview:large","max-video-preview":"max-video-preview:-1"},"canonical":"https:\/\/www.kizeo-forms.com\/lat\/contacto\/","og_locale":"es_ES","og_type":"article","og_title":"Contacto","og_description":"Contacta con el soporte de Kizeo Forms para obtener asistencia personalizada. Nuestro equipo de expertos est\u00e1 listo para ayudarte.","og_url":"https:\/\/www.kizeo-forms.com\/lat\/contacto\/","og_site_name":"Site LATAM","article_modified_time":"2026-03-05T18:03:18+00:00","twitter_card":"summary_large_image","schema":{"@context":"https:\/\/schema.org","@graph":[{"@type":"WebPage","@id":"https:\/\/www.kizeo-forms.com\/lat\/contacto\/","url":"https:\/\/www.kizeo-forms.com\/lat\/contacto\/","name":"Kizeo Forms Contacto y Soporte","isPartOf":{"@id":"https:\/\/www.kizeo-forms.com\/lat\/#website"},"datePublished":"2024-04-24T03:02:50+00:00","dateModified":"2026-03-05T18:03:18+00:00","description":"Contacta con el soporte de Kizeo Forms para obtener asistencia personalizada. Nuestro equipo de expertos est\u00e1 listo para ayudarte.","breadcrumb":{"@id":"https:\/\/www.kizeo-forms.com\/lat\/contacto\/#breadcrumb"},"inLanguage":"es","potentialAction":[{"@type":"ReadAction","target":["https:\/\/www.kizeo-forms.com\/lat\/contacto\/"]}]},{"@type":"BreadcrumbList","@id":"https:\/\/www.kizeo-forms.com\/lat\/contacto\/#breadcrumb","itemListElement":[{"@type":"ListItem","position":1,"name":"Home","item":"https:\/\/www.kizeo-forms.com\/lat\/"},{"@type":"ListItem","position":2,"name":"Contacto"}]},{"@type":"WebSite","@id":"https:\/\/www.kizeo-forms.com\/lat\/#website","url":"https:\/\/www.kizeo-forms.com\/lat\/","name":"Site LATAM","description":"Kizeo Forms digitalise vos interventions terrain et documents","potentialAction":[{"@type":"SearchAction","target":{"@type":"EntryPoint","urlTemplate":"https:\/\/www.kizeo-forms.com\/lat\/?s={search_term_string}"},"query-input":{"@type":"PropertyValueSpecification","valueRequired":true,"valueName":"search_term_string"}}],"inLanguage":"es"}]}},"_links":{"self":[{"href":"https:\/\/www.kizeo-forms.com\/lat\/wp-json\/wp\/v2\/pages\/3023","targetHints":{"allow":["GET"]}}],"collection":[{"href":"https:\/\/www.kizeo-forms.com\/lat\/wp-json\/wp\/v2\/pages"}],"about":[{"href":"https:\/\/www.kizeo-forms.com\/lat\/wp-json\/wp\/v2\/types\/page"}],"author":[{"embeddable":true,"href":"https:\/\/www.kizeo-forms.com\/lat\/wp-json\/wp\/v2\/users\/1"}],"replies":[{"embeddable":true,"href":"https:\/\/www.kizeo-forms.com\/lat\/wp-json\/wp\/v2\/comments?post=3023"}],"version-history":[{"count":17,"href":"https:\/\/www.kizeo-forms.com\/lat\/wp-json\/wp\/v2\/pages\/3023\/revisions"}],"predecessor-version":[{"id":12268,"href":"https:\/\/www.kizeo-forms.com\/lat\/wp-json\/wp\/v2\/pages\/3023\/revisions\/12268"}],"wp:attachment":[{"href":"https:\/\/www.kizeo-forms.com\/lat\/wp-json\/wp\/v2\/media?parent=3023"}],"curies":[{"name":"wp","href":"https:\/\/api.w.org\/{rel}","templated":true}]}}