{"id":5821,"date":"2024-10-21T12:06:06","date_gmt":"2024-10-21T12:06:06","guid":{"rendered":"https:\/\/www.kizeo-forms.com\/lat\/?page_id=5821"},"modified":"2025-01-17T14:50:48","modified_gmt":"2025-01-17T14:50:48","slug":"partner","status":"publish","type":"page","link":"https:\/\/www.kizeo-forms.com\/lat\/partner\/","title":{"rendered":"Partner"},"content":{"rendered":"<div class=\"banner-contact\n    has-iframe\n  \">\n    <div class=\"wrapper\">\n        <div class=\"row\">\n            <div class=\"col-6\">\n                <div class=\"info\">\n                                            <h1 class=\"title-large text-anim\">\n                            <span class=\"text-anim__elem\">Programa de partner comercial<\/span>\n                        <\/h1>\n                                                                <p class=\"title-small\">Hablemos de tu propuesta para ser partner de Kizeo  <\/p>\n                                                        <\/div>\n                \n            <\/div>\n            <div class=\"col-6\">\n                <div class=\"wrap-form\">\n                    <div class=\"list-form\">\n                                                        <script>\n                                    \r\n  hbspt.forms.create({\r\n    portalId: \"9490190\",\r\n    formId: \"2ec9a9ae-4951-489a-ac07-3c7c23c43135\"\r\n  });\r\n                                <\/script>\n                                                <\/div>\n                <\/div>\n            <\/div>\n        <\/div>\n        \n    <\/div>\n<\/div>\n\n<div class=\"wrap-editor\">\n    <div class=\"wrapper\">\n                    <h2 class=\"title-large\">Kizeo Forms: un gran partner para innovar en el mercado<\/h2>\n                            <div class=\"editor\">\n                <p>Estamos en busca de socios estrat\u00e9gicos en Latinoam\u00e9rica que deseen unirse a nosotros en el reto de la transformaci\u00f3n digital. Nuestro objetivo es colaborar para potenciar la comercializaci\u00f3n de nuestra innovadora soluci\u00f3n cloud y nuestros servicios a empresas de todos los tama\u00f1os.<\/p>\n<p>Kizeo Forms es una soluci\u00f3n cloud y m\u00f3vil dise\u00f1ada espec\u00edficamente para optimizar las operaciones en terreno, utilizando tecnolog\u00eda desarrollada completamente por nosotros. \u00a1\u00danete a nosotros y convi\u00e9rtete en parte de esta revoluci\u00f3n digital como nuestro socio estrat\u00e9gico!<\/p>\n            <\/div>\n            <\/div>\n<\/div>\n\n\n\n<div class=\"advantage-cards\">\n    <div class=\"wrapper\">\n        <div class=\"row\">\n                                <div class=\"col-3\">\n                        <div class=\"advantage-cards__item\">\n                                                            <h3 class=\"title-small\">+100 mil usuarios usan Kizeo Forms<\/h3>\n                                                                                        <div class=\"description editor\"><p>M\u00e1s de 100.000 personas usan diariamente Kizeo Forms. Optimizan sus procesos operativos en terreno ahorrando en tiempo y dinero.<\/p>\n<\/div>\n                                                        <div class=\"bottom\">\n                                                                    <div class=\"icon\">\n                                        <picture><img decoding=\"async\" class=\"img\" src=\"https:\/\/www.kizeo-forms.com\/app\/uploads\/sites\/17\/2024\/10\/icone-benefice-profil-bleu-200x200-1.svg\" alt=\"100 mil usuarios usan Kizeo Forms\"><\/picture>\n                                    <\/div>\n                                \n                                                                <p class=\"number\"><\/p>\n                            <\/div>\n                        <\/div>\n                    <\/div>\n                                <div class=\"col-3\">\n                        <div class=\"advantage-cards__item\">\n                                                            <h3 class=\"title-small\">Presentes en 62 pa\u00edses<\/h3>\n                                                                                        <div class=\"description editor\"><p>Pymes, instituciones p\u00fablicas, empresas privadas y grandes corporaciones en 62 pa\u00edses conf\u00edan en nuestra soluci\u00f3n m\u00f3vil.<\/p>\n<\/div>\n                                                        <div class=\"bottom\">\n                                                                    <div class=\"icon\">\n                                        <picture><img decoding=\"async\" class=\"img\" src=\"https:\/\/www.kizeo-forms.com\/app\/uploads\/sites\/17\/2024\/11\/icono-geoloc-azul-transparente-200x200px-es.svg\" alt=\"Presentes en 62 pases\"><\/picture>\n                                    <\/div>\n                                \n                                                                <p class=\"number\"><\/p>\n                            <\/div>\n                        <\/div>\n                    <\/div>\n                                <div class=\"col-3\">\n                        <div class=\"advantage-cards__item\">\n                                                            <h3 class=\"title-small\">Todos los sectores \u00a1sin excepci\u00f3n!<\/h3>\n                                                                                        <div class=\"description editor\"><p>La aplicaci\u00f3n Kizeo Forms se adapta a todos los usos y rubros. Inspecciones, auditor\u00edas, ventas, distribuci\u00f3n, mantenimiento, inventarios, control de horas, informes\u2026<\/p>\n<\/div>\n                                                        <div class=\"bottom\">\n                                                                    <div class=\"icon\">\n                                        <picture><img decoding=\"async\" class=\"img\" src=\"https:\/\/www.kizeo-forms.com\/app\/uploads\/sites\/17\/2024\/09\/icono-compromiso-laboral-azul-transparente-200x200px-es.svg\" alt=\"Todos los sectores sin excepcin\"><\/picture>\n                                    <\/div>\n                                \n                                                                <p class=\"number\"><\/p>\n                            <\/div>\n                        <\/div>\n                    <\/div>\n                                <div class=\"col-3\">\n                        <div class=\"advantage-cards__item\">\n                                                            <h3 class=\"title-small\">+1 mill\u00f3n de formularios enviados al mes<\/h3>\n                                                                                        <div class=\"description editor\"><p>Nuestros usuarios diariamente utilizan Kizeo Forms para digitalizar sus procesos. \u00a1M\u00e1s de 1.000.000 de formularios generados al mes!<\/p>\n<\/div>\n                                                        <div class=\"bottom\">\n                                                                    <div class=\"icon\">\n                                        <picture><img decoding=\"async\" class=\"img\" src=\"https:\/\/www.kizeo-forms.com\/app\/uploads\/sites\/17\/2024\/09\/icono-analiza-azul-transparente-200x200px-es.svg\" alt=\"1 milln de formularios enviados al mes\"><\/picture>\n                                    <\/div>\n                                \n                                                                <p class=\"number\"><\/p>\n                            <\/div>\n                        <\/div>\n                    <\/div>\n                    <\/div>\n    <\/div>\n<\/div>\n\n<div class=\"benefits-slider testimonial\">\n    <div class=\"wrapper\">\n        <div class=\"top\">\n            <p class=\"tag\"> Casos de \u00e9xito<\/p>\n                            <h2 class=\"title-medium\">\u00bfC\u00f3mo ha sido la experiencia de nuestros partners?<\/h2>\n                    <\/div>\n        <div class=\"benefits-slider__list\">\n            <div class=\"swiper-wrapper\">\n                                    <div class=\"swiper-slide benefits-slider__item\">\n                                                    <div class=\"image\">\n                                <picture><img decoding=\"async\" class=\"img\" src=\"https:\/\/www.kizeo-forms.com\/app\/uploads\/sites\/17\/2022\/07\/banner-veacon.jpg\" alt=\"benefits.jpg\" \/>\n                                <\/picture>\n                            <\/div>\n                        \n                        <div class=\"info\">\n                                                            <p class=\"title\">Ser partners de Kizeo nos ha permitido adaptar una herramienta potente a las necesidades de las empresas de seguridad privada que asesora, as\u00ed como ayudar a cerrar la brecha tecnol\u00f3gica que existe en el sector.<\/p>\n                                                        <div class=\"bottom\">\n                                                                    <div class=\"logo\">\n                                        <picture>\n                                            <img decoding=\"async\" class=\"img\" src=\"https:\/\/www.kizeo-forms.com\/app\/uploads\/sites\/17\/2024\/08\/eslat-logo-veacon-seguridad.webp\" alt=\"logo-benefits.png\" \/>\n                                        <\/picture>\n                                    <\/div>\n                                                                <div class=\"bottom__info\">\n                                                                            <p class=\"name\">Diego Escobal<\/p>\n                                                                                                                <p class=\"job\">Director<\/p>\n                                    \n                                <\/div>\n                            <\/div>\n                        <\/div>\n                    <\/div>\n\n                            <\/div>\n        <\/div>\n        <div class=\"benefits-slider__bottom\">\n                            <a href=\"https:\/\/www.kizeo-forms.com\/lat\/casos-de-exito\/software-para-empresas-de-seguridad-privada\/\" target=\"\" class=\"btn btn-text btn--arrow\">\n                    <span>Lee el testimonio<\/span>\n                <\/a>\n                        <div class=\"card-slider-nav\">\n                <div class=\"swiper-button-prev swiper-button-prev--colored\"><\/div>\n                <div class=\"swiper-pagination swiper-pagination-clickable\"><\/div>\n                <div class=\"number-slide\"><\/div>\n                <div class=\"swiper-button-next swiper-button-next--colored\"><\/div>\n            <\/div>\n        <\/div>\n    <\/div>\n<\/div>\n\n<div class=\"big-banner\">\n    <div class=\"wrapper\">\n        <div class=\"big-banner__content\">\n            <div class=\"info\">\n                                    <h2 class=\"title-medium\">\u00bfPor qu\u00e9 ser partner de Kizeo?<\/h2>\n                                                    <div class=\"description editor\"> <div class=\"wpb_text_column wpb_content_element \">\n<p>Le entregamos a todos nuestros partners asesor\u00eda t\u00e9cnica y comercial. Tambi\u00e9n les damos accesos a capacitaciones mensuales, una cuenta de Kizeo Forms para demos, una herramienta web interna para hacer seguimiento a leads y acceso a nuestros soportes de branding.<\/p>\n<\/div>\n<\/div>\n                            <\/div>\n                            <div class=\"image\">\n                    <picture>\n                        <img decoding=\"async\" class=\"img\" src=\"https:\/\/www.kizeo-forms.com\/app\/uploads\/sites\/17\/2024\/04\/banniere-2.png\" alt=\"big-banner\">\n                    <\/picture>\n                <\/div>\n                       \n        <\/div>\n    <\/div>\n<\/div>\n\n<div class=\"personal\">\n    <div class=\"wrapper\">\n                    <h2 class=\"title-medium\">Selecciona el tipo de partner que m\u00e1s te convenga<\/h2>\n                <div class=\"row\">\n                                <div class=\"col-6\">\n                        <div class=\"personal__item\">\n                                                            <div class=\"image\">\n                                    <picture>\n                                        <img decoding=\"async\" class=\"img\" src=\"https:\/\/www.kizeo-forms.com\/app\/uploads\/sites\/17\/2024\/11\/vendedor-.webp\" alt=\"\">\n                                    <\/picture>\n                                <\/div>\n                                                        <div class=\"info\">\n                                                                    <p class=\"title-small\">Revendedor Kizeo Forms <\/p>\n                                                                                                                                    <div class=\"description editor\"><p>Potencia tu cartera de contactos vendiendo Kizeo Forms. T\u00fa nos facilitas los contactos y nosotros concretamos la venta.<\/p>\n<\/div>\n                                                            <\/div>\n                        <\/div>\n                    <\/div>\n                                <div class=\"col-6\">\n                        <div class=\"personal__item\">\n                                                            <div class=\"image\">\n                                    <picture>\n                                        <img decoding=\"async\" class=\"img\" src=\"https:\/\/www.kizeo-forms.com\/app\/uploads\/sites\/17\/2024\/11\/partner-oficial.webp\" alt=\"\">\n                                    <\/picture>\n                                <\/div>\n                                                        <div class=\"info\">\n                                                                    <p class=\"title-small\">Partner full <\/p>\n                                                                                                                                    <div class=\"description editor\"><p>Aumenta tu experticia con el respaldo de Kizeo Forms, una plataforma y aplicaci\u00f3n que potencia la informaci\u00f3n de tu empresa.<\/p>\n<\/div>\n                                                            <\/div>\n                        <\/div>\n                    <\/div>\n                    <\/div>\n    <\/div>\n<\/div>\n\n<div class=\"wrap-editor\">\n    <div class=\"wrapper\">\n                    <h2 class=\"title-large\">Pasos para ser partner comercial<\/h2>\n                    <\/div>\n<\/div>\n\n\n\n<div class=\"advantage-cards\">\n    <div class=\"wrapper\">\n        <div class=\"row\">\n                                <div class=\"col-3\">\n                        <div class=\"advantage-cards__item\">\n                                                            <h3 class=\"title-small\">Contactas a nuestro equipo comercial.<\/h3>\n                                                                                    <div class=\"bottom\">\n                                \n                                                                <p class=\"number\"><\/p>\n                            <\/div>\n                        <\/div>\n                    <\/div>\n                                <div class=\"col-3\">\n                        <div class=\"advantage-cards__item\">\n                                                            <h3 class=\"title-small\">Rellenas una ficha de presentaci\u00f3n de tu proyecto y tu empresa.<\/h3>\n                                                                                    <div class=\"bottom\">\n                                \n                                                                <p class=\"number\"><\/p>\n                            <\/div>\n                        <\/div>\n                    <\/div>\n                                <div class=\"col-3\">\n                        <div class=\"advantage-cards__item\">\n                                                            <h3 class=\"title-small\">Pasas por el proceso de certificaci\u00f3n de Kizeo Forms.<\/h3>\n                                                                                    <div class=\"bottom\">\n                                \n                                                                <p class=\"number\"><\/p>\n                            <\/div>\n                        <\/div>\n                    <\/div>\n                                <div class=\"col-3\">\n                        <div class=\"advantage-cards__item\">\n                                                            <h3 class=\"title-small\">Firmas el contrato. Recibes tu paquete de bienvenida y ya puedes empezar a trabajar.<\/h3>\n                                                                                    <div class=\"bottom\">\n                                \n                                                                <p class=\"number\"><\/p>\n                            <\/div>\n                        <\/div>\n                    <\/div>\n                    <\/div>\n    <\/div>\n<\/div>\n\n\n<div class=\"box-blue\">\n    <div class=\"wrapper\">\n        <div class=\"box-blue__content\">\n                            <h2 class=\"title-medium\">Red de partners\n<div class=\"wpb_text_column wpb_content_element \">\n<div class=\"wpb_wrapper\">\n<h5 class=\"white-text\"><\/h5>\n<\/div>\n<\/div>\n<\/h2>\n                        <div class=\"info\">\n                                    <div class=\"title-small editor\"><div class=\"wpb_text_column wpb_content_element \">\n<div class=\"wpb_wrapper\">\n<p class=\"white-text\">Empresas de distintos sectores ya se han aliado a Kizeo para transformar las operaciones en terreno de sus clientes<\/p>\n<\/div>\n<\/div>\n<div class=\"wpb_raw_code wpb_content_element wpb_raw_html\">\n<div class=\"wpb_wrapper\"><\/div>\n<\/div>\n<\/div>\n                \n                                    <a href=\"https:\/\/www.kizeo-forms.com\/lat\/contacto\/\" target=\"\" class=\"btn btn-text btn--arrow\"><span>Ver la red de partners<\/span><\/a>\n                            <\/div>\n        <\/div>\n    <\/div>\n<\/div>\n\n\n<div class=\"editor-image     has-iframe\n  \">\n    <div class=\"wrapper\">\n        <div class=\"row editor-image__content\">\n                            <div class=\"col-6\">\n                    <div class=\"wrap-editor\">\n                        <div class=\"editor\">\n                            <h3>\u00bfInteresado en ser partner? Hablemos<\/h3>\n<div class=\"wpb_text_column wpb_content_element \">\n<div class=\"wpb_wrapper\">\n<p>Env\u00edanos un mensaje para conocer tu visi\u00f3n comercial y concretar una reuni\u00f3n.<\/p>\n<\/div>\n<\/div>\n                        <\/div>\n                    <\/div>\n                <\/div>\n                                        <div class=\"image col-6\">\n                    <script>\n                          hbspt.forms.create({\r\n    portalId: \"9490190\",\r\n    formId: \"ff736295-c353-45d5-853d-8e1bf24be109\"\r\n  });\r\n                    <\/script>\n                <\/div>\n                    <\/div>\n    <\/div>\n<\/div>","protected":false},"excerpt":{"rendered":"","protected":false},"author":15,"featured_media":0,"parent":0,"menu_order":0,"comment_status":"closed","ping_status":"closed","template":"","meta":{"_acf_changed":false,"content-type":"","footnotes":""},"class_list":["post-5821","page","type-page","status-publish","hentry"],"acf":[],"yoast_head":"<!-- This site is optimized with the Yoast SEO Premium plugin v24.9 (Yoast SEO v24.9) - https:\/\/yoast.com\/wordpress\/plugins\/seo\/ -->\n<title>Partner - Site LATAM<\/title>\n<meta name=\"description\" content=\"\u00danete al programa de partners de Kizeo Forms y lleva tu negocio al siguiente nivel. \u00a1Colabora con un l\u00edder innovador!\" \/>\n<meta name=\"robots\" content=\"index, follow, max-snippet:-1, max-image-preview:large, max-video-preview:-1\" \/>\n<link rel=\"canonical\" href=\"https:\/\/www.kizeo-forms.com\/lat\/partner\/\" \/>\n<meta property=\"og:locale\" content=\"es_ES\" \/>\n<meta property=\"og:type\" content=\"article\" \/>\n<meta property=\"og:title\" content=\"Partner\" \/>\n<meta property=\"og:description\" content=\"\u00danete al programa de partners de Kizeo Forms y lleva tu negocio al siguiente nivel. \u00a1Colabora con un l\u00edder innovador!\" \/>\n<meta property=\"og:url\" content=\"https:\/\/www.kizeo-forms.com\/lat\/partner\/\" \/>\n<meta property=\"og:site_name\" content=\"Site LATAM\" \/>\n<meta property=\"article:modified_time\" content=\"2025-01-17T14:50:48+00:00\" \/>\n<meta name=\"twitter:card\" content=\"summary_large_image\" \/>\n<script type=\"application\/ld+json\" class=\"yoast-schema-graph\">{\"@context\":\"https:\/\/schema.org\",\"@graph\":[{\"@type\":\"WebPage\",\"@id\":\"https:\/\/www.kizeo-forms.com\/lat\/partner\/\",\"url\":\"https:\/\/www.kizeo-forms.com\/lat\/partner\/\",\"name\":\"Partner - Site LATAM\",\"isPartOf\":{\"@id\":\"https:\/\/www.kizeo-forms.com\/lat\/#website\"},\"datePublished\":\"2024-10-21T12:06:06+00:00\",\"dateModified\":\"2025-01-17T14:50:48+00:00\",\"description\":\"\u00danete al programa de partners de Kizeo Forms y lleva tu negocio al siguiente nivel. \u00a1Colabora con un l\u00edder innovador!\",\"breadcrumb\":{\"@id\":\"https:\/\/www.kizeo-forms.com\/lat\/partner\/#breadcrumb\"},\"inLanguage\":\"es\",\"potentialAction\":[{\"@type\":\"ReadAction\",\"target\":[\"https:\/\/www.kizeo-forms.com\/lat\/partner\/\"]}]},{\"@type\":\"BreadcrumbList\",\"@id\":\"https:\/\/www.kizeo-forms.com\/lat\/partner\/#breadcrumb\",\"itemListElement\":[{\"@type\":\"ListItem\",\"position\":1,\"name\":\"Home\",\"item\":\"https:\/\/www.kizeo-forms.com\/lat\/\"},{\"@type\":\"ListItem\",\"position\":2,\"name\":\"Partner\"}]},{\"@type\":\"WebSite\",\"@id\":\"https:\/\/www.kizeo-forms.com\/lat\/#website\",\"url\":\"https:\/\/www.kizeo-forms.com\/lat\/\",\"name\":\"Site LATAM\",\"description\":\"Kizeo Forms digitalise vos interventions terrain et documents\",\"potentialAction\":[{\"@type\":\"SearchAction\",\"target\":{\"@type\":\"EntryPoint\",\"urlTemplate\":\"https:\/\/www.kizeo-forms.com\/lat\/?s={search_term_string}\"},\"query-input\":{\"@type\":\"PropertyValueSpecification\",\"valueRequired\":true,\"valueName\":\"search_term_string\"}}],\"inLanguage\":\"es\"}]}<\/script>\n<!-- \/ Yoast SEO Premium plugin. -->","yoast_head_json":{"title":"Partner - Site LATAM","description":"\u00danete al programa de partners de Kizeo Forms y lleva tu negocio al siguiente nivel. \u00a1Colabora con un l\u00edder innovador!","robots":{"index":"index","follow":"follow","max-snippet":"max-snippet:-1","max-image-preview":"max-image-preview:large","max-video-preview":"max-video-preview:-1"},"canonical":"https:\/\/www.kizeo-forms.com\/lat\/partner\/","og_locale":"es_ES","og_type":"article","og_title":"Partner","og_description":"\u00danete al programa de partners de Kizeo Forms y lleva tu negocio al siguiente nivel. \u00a1Colabora con un l\u00edder innovador!","og_url":"https:\/\/www.kizeo-forms.com\/lat\/partner\/","og_site_name":"Site LATAM","article_modified_time":"2025-01-17T14:50:48+00:00","twitter_card":"summary_large_image","schema":{"@context":"https:\/\/schema.org","@graph":[{"@type":"WebPage","@id":"https:\/\/www.kizeo-forms.com\/lat\/partner\/","url":"https:\/\/www.kizeo-forms.com\/lat\/partner\/","name":"Partner - Site LATAM","isPartOf":{"@id":"https:\/\/www.kizeo-forms.com\/lat\/#website"},"datePublished":"2024-10-21T12:06:06+00:00","dateModified":"2025-01-17T14:50:48+00:00","description":"\u00danete al programa de partners de Kizeo Forms y lleva tu negocio al siguiente nivel. \u00a1Colabora con un l\u00edder innovador!","breadcrumb":{"@id":"https:\/\/www.kizeo-forms.com\/lat\/partner\/#breadcrumb"},"inLanguage":"es","potentialAction":[{"@type":"ReadAction","target":["https:\/\/www.kizeo-forms.com\/lat\/partner\/"]}]},{"@type":"BreadcrumbList","@id":"https:\/\/www.kizeo-forms.com\/lat\/partner\/#breadcrumb","itemListElement":[{"@type":"ListItem","position":1,"name":"Home","item":"https:\/\/www.kizeo-forms.com\/lat\/"},{"@type":"ListItem","position":2,"name":"Partner"}]},{"@type":"WebSite","@id":"https:\/\/www.kizeo-forms.com\/lat\/#website","url":"https:\/\/www.kizeo-forms.com\/lat\/","name":"Site LATAM","description":"Kizeo Forms digitalise vos interventions terrain et documents","potentialAction":[{"@type":"SearchAction","target":{"@type":"EntryPoint","urlTemplate":"https:\/\/www.kizeo-forms.com\/lat\/?s={search_term_string}"},"query-input":{"@type":"PropertyValueSpecification","valueRequired":true,"valueName":"search_term_string"}}],"inLanguage":"es"}]}},"_links":{"self":[{"href":"https:\/\/www.kizeo-forms.com\/lat\/wp-json\/wp\/v2\/pages\/5821","targetHints":{"allow":["GET"]}}],"collection":[{"href":"https:\/\/www.kizeo-forms.com\/lat\/wp-json\/wp\/v2\/pages"}],"about":[{"href":"https:\/\/www.kizeo-forms.com\/lat\/wp-json\/wp\/v2\/types\/page"}],"author":[{"embeddable":true,"href":"https:\/\/www.kizeo-forms.com\/lat\/wp-json\/wp\/v2\/users\/15"}],"replies":[{"embeddable":true,"href":"https:\/\/www.kizeo-forms.com\/lat\/wp-json\/wp\/v2\/comments?post=5821"}],"version-history":[{"count":28,"href":"https:\/\/www.kizeo-forms.com\/lat\/wp-json\/wp\/v2\/pages\/5821\/revisions"}],"predecessor-version":[{"id":9705,"href":"https:\/\/www.kizeo-forms.com\/lat\/wp-json\/wp\/v2\/pages\/5821\/revisions\/9705"}],"wp:attachment":[{"href":"https:\/\/www.kizeo-forms.com\/lat\/wp-json\/wp\/v2\/media?parent=5821"}],"curies":[{"name":"wp","href":"https:\/\/api.w.org\/{rel}","templated":true}]}}