{"id":6170,"date":"2024-10-24T17:12:42","date_gmt":"2024-10-24T17:12:42","guid":{"rendered":"https:\/\/www.kizeo-forms.com\/lat\/?page_id=6170"},"modified":"2024-11-27T13:42:58","modified_gmt":"2024-11-27T13:42:58","slug":"politica-de-confidencialidad","status":"publish","type":"page","link":"https:\/\/www.kizeo-forms.com\/lat\/politica-de-confidencialidad\/","title":{"rendered":"Pol\u00edtica de confidencialidad"},"content":{"rendered":"  <link rel=\"preload\" fetchpriority=\"high\" as=\"image\" href=\"https:\/\/www.kizeo-forms.com\/app\/uploads\/sites\/17\/2024\/10\/5701.jpg\" type=\"image\/webp\">\n<div class=\"banner-cms banner-image\">\n            <div class=\"image\">\n            <picture><img decoding=\"async\" data-no-lazy=\"1\" class=\"img\" src=\"https:\/\/www.kizeo-forms.com\/app\/uploads\/sites\/17\/2024\/10\/5701.jpg\" alt=\"\"><\/picture>\n        <\/div>\n            <div class=\"wrapper\">\n        <div class=\"banner-image__content\">\n                            <h1 class=\"title-large text-anim\">\n                    <span class=\"text-anim__elem\">Pol\u00edtica de confidencialidad<\/span>\n                <\/h1>\n                                <\/div>\n    <\/div>\n<\/div>\n\n\n\n<div class=\"wrap-editor\">\n    <div class=\"wrapper\">\n                            <div class=\"editor\">\n                <div class=\"vc_row wpb_row vc_row-fluid \">\n<div class=\"wpb_column vc_column_container vc_col-sm-12\">\n<div class=\"vc_column-inner\">\n<div class=\"wpb_wrapper\">\n<div class=\"wpb_text_column wpb_content_element \">\n<div class=\"wpb_wrapper\">\n<p>La presente pol\u00edtica de privacidad rige las condiciones de recolecci\u00f3n y tratamiento de los datos personales recopilados a trav\u00e9s del sitio web de la empresa Kizeo, disponible en la direcci\u00f3n <a href=\"http:\/\/www.kizeo-forms.com\" rel=\"noopener\">www.kizeo-forms.com<\/a>. Todos los datos personales recogidos en este sitio constituyen datos confidenciales que solo pueden ser transmitidos o utilizados seg\u00fan las modalidades expuestas a continuaci\u00f3n.<\/p>\n<p>Te recomendamos leer atentamente esta pol\u00edtica. Durante nuestro tratamiento, cumplimos con los requisitos de la legislaci\u00f3n sobre privacidad en las condiciones previstas por el Reglamento General de Protecci\u00f3n de Datos (UE) 2016\/679 del Parlamento Europeo. Se limitan al tratamiento de la solicitud del usuario. Esto significa, entre otras cosas, que:<\/p>\n<ul>\n<li>Indicamos claramente con qu\u00e9 fines procesamos los datos personales. Hacemos esto mediante esta declaraci\u00f3n de privacidad;<\/li>\n<li>Nos esforzamos por limitar nuestra recolecci\u00f3n de datos personales \u00fanicamente a los datos personales necesarios para fines leg\u00edtimos;<\/li>\n<li>Primero solicitamos tu consentimiento expl\u00edcito para procesar tus datos personales en los casos que lo requieran;<\/li>\n<li>Tomamos medidas de seguridad apropiadas para proteger tus datos personales, y exigimos lo mismo de las partes que procesan datos personales para nosotros;<\/li>\n<li>Respetamos tu derecho a consultar, corregir o eliminar tus datos personales si lo solicitas.<\/li>\n<\/ul>\n<p>Este sitio protege los datos personales de conformidad con el mencionado reglamento de la <strong>CNIL<\/strong>. Si tienes preguntas o deseas saber exactamente qu\u00e9 datos conservamos, por favor <strong>cont\u00e1ctanos<\/strong>.<\/p>\n<h3>1. Datos de contacto<\/h3>\n<p><strong>Responsable del tratamiento de datos<\/strong><br \/>\nLa empresa Kizeo, SAS con un capital de 80 000 \u20ac, registrada en el RCS de Avi\u00f1\u00f3n con el n\u00famero 537 845 836, es responsable del tratamiento de los datos personales recopilados en el sitio <a href=\"http:\/\/www.kizeo-forms.com\" target=\"_new\" rel=\"noopener\">www.kizeo-forms.com<\/a>.<\/p>\n<p><strong>Sede social:<\/strong><br \/>\nSAS Kizeo<br \/>\nHamadryade B\u00e2t 2, 2do piso<br \/>\n55 All\u00e9e Camille Claudel<br \/>\nBP 61252<br \/>\n84911 Avignon Cedex 09<br \/>\nTel\u00e9fono: 04 90 23 67 65<br \/>\nCorreo electr\u00f3nico: <a rel=\"noopener\">contact@kizeo.com<\/a><\/p>\n<\/div>\n<p>Si desea ayuda, puede comunicarse con el equipo de Am\u00e9rica Latina a trav\u00e9s del correo contacto-latam@kizeo.com<\/p>\n<div class=\"wpb_wrapper\">\n<p><strong>Delegado de Protecci\u00f3n de Datos (DPO)<\/strong><br \/>\nPara cualquier pregunta relacionada con la protecci\u00f3n de tus datos personales, puedes contactar a nuestro DPO en la siguiente direcci\u00f3n: <a rel=\"noopener\">dpo@kizeo.com<\/a>.<\/p>\n<h3>2. Finalidad, datos y duraci\u00f3n de conservaci\u00f3n<\/h3>\n<p>Podemos recopilar o recibir informaci\u00f3n personal por diversas razones relacionadas con nuestras actividades comerciales.<\/p>\n<p>Los datos recopilados est\u00e1n destinados \u00fanicamente a Kizeo. Ser\u00e1n utilizados en el marco de la relaci\u00f3n comercial y de tu acompa\u00f1amiento por parte de nuestros servicios.<\/p>\n<p>Para ejercer tus derechos sobre tus datos, contacta a <strong><a rel=\"noopener\">dpo@kizeo.com<\/a><\/strong>.<\/p>\n<h4>Tipos de finalidades:<\/h4>\n<p>1.1 <strong>Contacto \u2013 Por tel\u00e9fono, correo, email y\/o formularios web<\/strong><\/p>\n<p>Para este fin, utilizamos los siguientes datos:<\/p>\n<ul>\n<li>Un nombre y apellido<\/li>\n<li>Una direcci\u00f3n de correo electr\u00f3nico<\/li>\n<li>Un n\u00famero de tel\u00e9fono<\/li>\n<li>Datos de geolocalizaci\u00f3n<\/li>\n<\/ul>\n<p>1.2 <strong>Registro de una cuenta<\/strong><\/p>\n<p>Para este fin, utilizamos los siguientes datos:<\/p>\n<ul>\n<li>Un nombre y apellido<\/li>\n<li>Una direcci\u00f3n de correo electr\u00f3nico<\/li>\n<li>Un n\u00famero de tel\u00e9fono<\/li>\n<\/ul>\n<p>1.3 <strong>Para gestionar los servicios o productos que compras<\/strong><\/p>\n<p>Para este fin, utilizamos los siguientes datos:<\/p>\n<ul>\n<li>Un nombre y apellido<\/li>\n<li>Una direcci\u00f3n de correo electr\u00f3nico<\/li>\n<li>Un n\u00famero de tel\u00e9fono<\/li>\n<\/ul>\n<p>1.4 <strong>Compilar y analizar estad\u00edsticas para la mejora del sitio web<\/strong><\/p>\n<p>Para este fin, utilizamos los siguientes datos:<\/p>\n<ul>\n<li>Informaci\u00f3n sobre la actividad en internet, incluyendo, entre otras, el historial de navegaci\u00f3n, historial de b\u00fasqueda e informaci\u00f3n sobre la interacci\u00f3n del usuario con un sitio web, aplicaci\u00f3n o publicidad en internet<\/li>\n<li>Datos de geolocalizaci\u00f3n<\/li>\n<\/ul>\n<p>1.5 <strong>Para ofrecer productos y servicios personalizados<\/strong><\/p>\n<p>Para este fin, utilizamos los siguientes datos:<\/p>\n<ul>\n<li>Un nombre y apellido<\/li>\n<li>Una direcci\u00f3n de correo electr\u00f3nico<\/li>\n<li>Un n\u00famero de tel\u00e9fono<\/li>\n<li>Informaci\u00f3n sobre la actividad en internet, incluyendo, entre otras, el historial de navegaci\u00f3n, historial de b\u00fasqueda e informaci\u00f3n sobre la interacci\u00f3n del usuario con un sitio web, aplicaci\u00f3n o publicidad en internet<\/li>\n<li>Datos de geolocalizaci\u00f3n<\/li>\n<\/ul>\n<p>Los datos se conservan de acuerdo con la legislaci\u00f3n europea vigente.<\/p>\n<h3>3. Pol\u00edtica de cookies<\/h3>\n<p>Nuestro sitio web, <a href=\"https:\/\/www.kizeo-forms.com\/fr\/\" target=\"_new\" rel=\"noopener\">https:\/\/www.kizeo-forms.com\/fr\/<\/a> (en adelante: \u00abel sitio web\u00bb) utiliza cookies y otras tecnolog\u00edas relacionadas (por simplificaci\u00f3n, todas estas tecnolog\u00edas se designan como \u00abcookies\u00bb) con el fin de:<\/p>\n<ul>\n<li>Analizar tu navegaci\u00f3n para hacerla m\u00e1s intuitiva y fluida,<\/li>\n<li>Adaptar el contenido presente en nuestro sitio para que sea lo m\u00e1s relevante posible y responda a tus expectativas.<\/li>\n<\/ul>\n<p>Tambi\u00e9n se colocan cookies por terceros con los que hemos contratado. En el documento siguiente, te informamos sobre el uso de cookies en nuestro sitio web. Para m\u00e1s informaci\u00f3n, no dudes en consultar el sitio de la <strong>CNIL<\/strong>.<\/p>\n<h4>\u00bfQu\u00e9 es una cookie?<\/h4>\n<p>Una cookie es un peque\u00f1o archivo simple enviado junto con las p\u00e1ginas de este sitio web y almacenado por tu navegador en el disco duro de tu computadora u otro dispositivo. La informaci\u00f3n que contiene puede ser enviada de nuevo a nuestros servidores o a los servidores de terceros cuando visites el sitio nuevamente.<\/p>\n<h4>\u00bfQu\u00e9 es un script?<\/h4>\n<p>Un script es un fragmento de c\u00f3digo utilizado para que nuestro sitio web funcione correctamente e interactivamente. Este c\u00f3digo se ejecuta en nuestro servidor o en tu dispositivo.<\/p>\n<h4>\u00bfQu\u00e9 es una baliza invisible?<\/h4>\n<p>Una baliza invisible (o baliza web) es un peque\u00f1o fragmento de texto o imagen invisible en un sitio web, utilizado para rastrear el tr\u00e1fico en un sitio web. Para esto, se almacenan diversos datos sobre ti mediante balizas invisibles.<\/p>\n<h3>4. Cookies<\/h3>\n<h4>Cookies t\u00e9cnicas o funcionales<\/h4>\n<p>Algunas cookies aseguran el correcto funcionamiento de ciertas partes del sitio web y la consideraci\u00f3n de tus preferencias como usuario. Al colocar cookies funcionales, facilitamos tu visita a nuestro sitio web. As\u00ed, no necesitas ingresar repetidamente la misma informaci\u00f3n al visitar nuestro sitio web, y, por ejemplo, los elementos permanecen en tu carrito de compras hasta el pago. Podemos colocar estas cookies sin tu consentimiento.<\/p>\n<h4>Cookies estad\u00edsticas<\/h4>\n<p>Utilizamos cookies estad\u00edsticas para optimizar la experiencia de los usuarios en nuestro sitio web. Con estas cookies estad\u00edsticas, obtenemos informaci\u00f3n sobre el uso de nuestro sitio web. Solicitamos tu permiso para colocar cookies estad\u00edsticas.<\/p>\n<h4>Cookies de marketing\/seguimiento<\/h4>\n<p>Las cookies de marketing\/seguimiento son cookies u otras formas de almacenamiento local, utilizadas para crear perfiles de usuarios con el fin de mostrar publicidad o seguir al usuario en este sitio web o en varios sitios web con fines de marketing similares.<\/p>\n<h3>5. Consentimiento<\/h3>\n<p>Cuando visitas nuestro sitio web por primera vez, te mostramos una ventana emergente con una explicaci\u00f3n sobre las cookies. Tan pronto como haces clic en \u00abGuardar preferencias\u00bb, nos autorizas a usar las categor\u00edas de cookies y extensiones que seleccionaste en la ventana emergente, como se describe en esta pol\u00edtica de cookies. Puedes desactivar el uso de cookies a trav\u00e9s de tu navegador, pero ten en cuenta que nuestro sitio web podr\u00eda dejar de funcionar correctamente.<\/p>\n<h4>Gestiona tus configuraciones de consentimiento<\/h4>\n<h3>La newsletter<\/h3>\n<p>\u00bfC\u00f3mo se utilizan tus datos personales cuando te suscribes a nuestro servicio de newsletter?<\/p>\n<p>Al completar uno de nuestros formularios de suscripci\u00f3n a la newsletter en nuestro sitio <a href=\"http:\/\/www.kizeo-forms.com\" target=\"_new\" rel=\"noopener\">www.kizeo-forms.com<\/a>, das tu consentimiento para:<\/p>\n<ul>\n<li>Recibir nuestras newsletters en la direcci\u00f3n de correo electr\u00f3nico proporcionada, ya que esta es necesaria para el funcionamiento de este servicio,<\/li>\n<li>Autorizar a Kizeo a recopilar, almacenar y utilizar los datos recopilados (nombre, apellido) con fines exclusivamente de personalizaci\u00f3n del contenido de nuestras newsletters.<\/li>\n<\/ul>\n<p>La suscripci\u00f3n al servicio de newsletter es opcional y est\u00e1 sujeta a la aceptaci\u00f3n de los dos puntos anteriores.<\/p>\n<p>Kizeo se compromete a no divulgar, vender ni ceder a terceros los datos recopilados a trav\u00e9s de este formulario de suscripci\u00f3n. Estos datos se conservar\u00e1n hasta que te des de baja de nuestra newsletter.<\/p>\n<h4>\u00bfC\u00f3mo darse de baja de nuestra newsletter?<\/h4>\n<p>Para darte de baja de este servicio, simplemente haz clic en el enlace \u00abdarse de baja\u00bb al final de cada newsletter y confirma tu elecci\u00f3n en la p\u00e1gina que aparece.<\/p>\n<h3>6. Activar\/desactivar cookies<\/h3>\n<p>Puedes utilizar tu navegador de internet para eliminar cookies autom\u00e1ticamente o manualmente. Tambi\u00e9n puedes especificar que algunas cookies no se pueden colocar. Otra opci\u00f3n es modificar la configuraci\u00f3n de tu navegador de internet para que recibas un mensaje cada vez que se coloque una cookie.<\/p>\n<p>Ten en cuenta que si desactivas el uso de cookies en tu navegador, no podemos garantizar una experiencia de usuario optimizada.<\/p>\n<p>Si eliminas las cookies en tu navegador, se volver\u00e1n a colocar despu\u00e9s de tu consentimiento cuando vuelvas a visitar nuestros sitios web.<\/p>\n<h3>7. Pr\u00e1ctica de divulgaci\u00f3n<\/h3>\n<p>Divulgamos informaci\u00f3n personal si estamos legalmente obligados a hacerlo o por orden judicial, en respuesta a una solicitud de una autoridad encargada del cumplimiento de la ley, en la medida permitida por otras disposiciones de la ley, para proporcionar informaci\u00f3n, o para una investigaci\u00f3n relacionada con la seguridad p\u00fablica.<\/p>\n<p>Si nuestro sitio web o nuestra organizaci\u00f3n es adquirida, vendida o involucrada en una fusi\u00f3n o adquisici\u00f3n, tus datos pueden ser divulgados a nuestros asesores y a cualquier comprador potencial y ser\u00e1n transferidos a los nuevos propietarios.<\/p>\n<h3>8. Carta de seguridad<\/h3>\n<p>El sitio <a href=\"http:\/\/www.kizeo-forms.com\" target=\"_new\" rel=\"noopener\">www.kizeo-forms.com<\/a> est\u00e1 alojado en GCP.<\/p>\n<p>Nos comprometemos a la seguridad de los datos personales. Tomamos las medidas de seguridad adecuadas para limitar el abuso y el acceso no autorizado a los datos personales. Esto garantiza que solo las personas necesarias tengan acceso a tus datos, que el acceso a los datos est\u00e9 protegido y que nuestras medidas de seguridad se revisen regularmente.<\/p>\n<\/div>\n<\/div>\n<div class=\"wpb_text_column wpb_content_element \">\n<div class=\"wpb_wrapper\">\n<p>Los clientes del servicio Kizeo Forms utilizan el sitio <a href=\"http:\/\/www.kizeoforms.com\" target=\"_new\" rel=\"noopener\">www.kizeoforms.com<\/a> para alojar datos e informaci\u00f3n. El servicio es accesible mediante una conexi\u00f3n remota, utilizando un identificador, una contrase\u00f1a elegida por ti y un c\u00f3digo de empresa aprobado por Kizeo. El sistema realiza un control de unicidad. Por razones de seguridad y confidencialidad, solo la combinaci\u00f3n de estos tres c\u00f3digos permite al cliente acceder a la aplicaci\u00f3n de software.<\/p>\n<p>Nuestros protocolos de comunicaci\u00f3n est\u00e1n asegurados; todas las comunicaciones se realizan a trav\u00e9s de HTTPS (el peque\u00f1o candado), lo que te permite consultar tus datos de manera segura. Tambi\u00e9n te permite realizar pagos con tarjeta de cr\u00e9dito de forma segura.<\/p>\n<p>En el marco de nuestro <strong>PCA<\/strong> (Plan de Continuidad de Actividad), los datos se alojan en 3 sitios geogr\u00e1ficos diferentes. Kizeo ofrece as\u00ed, en t\u00e9rminos de alojamiento, un entorno t\u00e9cnico fiable, alta disponibilidad y una seguridad \u00f3ptima gracias a la arquitectura de los centros de datos certificados en seguridad y el cumplimiento de soluciones tecnol\u00f3gicas. Nuestros servidores tienen una arquitectura redundante. As\u00ed, en caso de que uno de los sitios falle, otro toma el relevo de manera instant\u00e1nea. Adem\u00e1s, realizamos copias de seguridad adicionales.<\/p>\n<p>Las medidas de seguridad que utilizamos consisten en:<\/p>\n<ul>\n<li>TLS 1.2 en tr\u00e1nsito y AES-256 en reposo<\/li>\n<li>Medidas de seguridad f\u00edsica para los sistemas que contienen datos personales<\/li>\n<li>HTTP Strict Transport Security<\/li>\n<li>Content Security Policy<\/li>\n<\/ul>\n<h3>9. Sitios web de terceros<\/h3>\n<p>Esta declaraci\u00f3n de privacidad no se aplica a los sitios web de terceros vinculados a nuestro sitio web. No podemos garantizar que estos terceros gestionen tus datos personales de manera fiable o segura. Te recomendamos leer las declaraciones de privacidad de estos sitios web antes de usarlos.<\/p>\n<h3>10. Tus derechos respecto a los datos personales<\/h3>\n<p>Tienes los siguientes derechos respecto a tus datos personales:<\/p>\n<ul>\n<li>Tienes derecho a saber por qu\u00e9 son necesarios tus datos personales, qu\u00e9 suceder\u00e1 con ellos y cu\u00e1nto tiempo ser\u00e1n conservados.<\/li>\n<li><strong>Derecho de acceso<\/strong>: tienes derecho a acceder a los datos personales que hemos recopilado y que no est\u00e9n archivados o eliminados.<\/li>\n<li><strong>Derecho de rectificaci\u00f3n<\/strong>: tienes derecho en cualquier momento a completar, corregir, eliminar o bloquear tus datos personales.<\/li>\n<li>Si nos das tu consentimiento para el tratamiento de tus datos, tienes el derecho de revocar este consentimiento y hacer que se eliminen tus datos personales.<\/li>\n<li><strong>Derecho a la portabilidad de los datos<\/strong>: tienes derecho a solicitar todos tus datos personales al responsable del tratamiento y transferirlos en su totalidad a otro responsable del tratamiento.<\/li>\n<li><strong>Derecho de oposici\u00f3n<\/strong>: puedes oponerte al tratamiento de tus datos. Cumpliremos, a menos que existan razones justificadas para dicho tratamiento.<\/li>\n<\/ul>\n<p>Si tienes preguntas, deseas saber qu\u00e9 datos personales tenemos sobre ti o deseas ejercer estos derechos, por favor cont\u00e1ctanos. Aseg\u00farate de indicar claramente qui\u00e9n eres para que podamos estar seguros de no modificar o eliminar los datos de la persona incorrecta.<\/p>\n<p>Por favor, consulta los datos de contacto al final de esta pol\u00edtica de privacidad.<\/p>\n<p>Si no est\u00e1s satisfecho con la manera en que tratamos (o una reclamaci\u00f3n relacionada con) el tratamiento de tus datos personales, nos gustar\u00eda que nos lo informaras, pero tambi\u00e9n tienes derecho a presentar una queja ante la autoridad de control (la autoridad encargada de la protecci\u00f3n de datos, como el CEPD).<\/p>\n<h3>11. Modificaciones a esta pol\u00edtica de privacidad<\/h3>\n<p>Esta pol\u00edtica de privacidad fue actualizada el 4 de abril de 2023 y se aplica a los ciudadanos y residentes permanentes legales del Espacio Econ\u00f3mico Europeo y Suiza.<\/p>\n<p>Nos reservamos el derecho de modificar la presente declaraci\u00f3n de privacidad. Se recomienda consultar regularmente esta declaraci\u00f3n de privacidad para estar al tanto de cualquier modificaci\u00f3n. Adem\u00e1s, te informaremos activamente en la medida de lo posible.<\/p>\n<h3>12. Aceptaci\u00f3n de la pol\u00edtica de privacidad<\/h3>\n<p>Esta declaraci\u00f3n se considera aceptada sin reservas por cualquier internauta que visite el sitio. No dudes en ponerte en contacto con nosotros si tienes alguna pregunta sobre nuestra pol\u00edtica de privacidad.<\/p>\n<\/div>\n<\/div>\n<\/div>\n<\/div>\n<\/div>\n<\/div>\n            <\/div>\n            <\/div>\n<\/div>","protected":false},"excerpt":{"rendered":"","protected":false},"author":5,"featured_media":6186,"parent":0,"menu_order":0,"comment_status":"closed","ping_status":"closed","template":"","meta":{"_acf_changed":false,"content-type":"","footnotes":""},"class_list":["post-6170","page","type-page","status-publish","has-post-thumbnail","hentry"],"acf":[],"yoast_head":"<!-- This site is optimized with the Yoast SEO Premium plugin v24.9 (Yoast SEO v24.9) - https:\/\/yoast.com\/wordpress\/plugins\/seo\/ -->\n<title>Pol\u00edtica de confidencialidad - Site LATAM<\/title>\n<meta name=\"robots\" content=\"index, follow, max-snippet:-1, max-image-preview:large, max-video-preview:-1\" \/>\n<link rel=\"canonical\" href=\"https:\/\/www.kizeo-forms.com\/lat\/politica-de-confidencialidad\/\" \/>\n<meta property=\"og:locale\" content=\"es_ES\" \/>\n<meta property=\"og:type\" content=\"article\" \/>\n<meta property=\"og:title\" content=\"Pol\u00edtica de confidencialidad\" \/>\n<meta property=\"og:url\" content=\"https:\/\/www.kizeo-forms.com\/lat\/politica-de-confidencialidad\/\" \/>\n<meta property=\"og:site_name\" content=\"Site LATAM\" \/>\n<meta property=\"article:modified_time\" content=\"2024-11-27T13:42:58+00:00\" \/>\n<meta property=\"og:image\" content=\"https:\/\/www.kizeo-forms.com\/app\/uploads\/sites\/17\/2024\/10\/5701.jpg\" \/>\n\t<meta property=\"og:image:width\" content=\"1000\" \/>\n\t<meta property=\"og:image:height\" content=\"620\" \/>\n\t<meta property=\"og:image:type\" content=\"image\/jpeg\" \/>\n<meta name=\"twitter:card\" content=\"summary_large_image\" \/>\n<script type=\"application\/ld+json\" class=\"yoast-schema-graph\">{\"@context\":\"https:\/\/schema.org\",\"@graph\":[{\"@type\":\"WebPage\",\"@id\":\"https:\/\/www.kizeo-forms.com\/lat\/politica-de-confidencialidad\/\",\"url\":\"https:\/\/www.kizeo-forms.com\/lat\/politica-de-confidencialidad\/\",\"name\":\"Pol\u00edtica de confidencialidad - Site LATAM\",\"isPartOf\":{\"@id\":\"https:\/\/www.kizeo-forms.com\/lat\/#website\"},\"primaryImageOfPage\":{\"@id\":\"https:\/\/www.kizeo-forms.com\/lat\/politica-de-confidencialidad\/#primaryimage\"},\"image\":{\"@id\":\"https:\/\/www.kizeo-forms.com\/lat\/politica-de-confidencialidad\/#primaryimage\"},\"thumbnailUrl\":\"https:\/\/www.kizeo-forms.com\/app\/uploads\/sites\/17\/2024\/10\/5701.jpg\",\"datePublished\":\"2024-10-24T17:12:42+00:00\",\"dateModified\":\"2024-11-27T13:42:58+00:00\",\"breadcrumb\":{\"@id\":\"https:\/\/www.kizeo-forms.com\/lat\/politica-de-confidencialidad\/#breadcrumb\"},\"inLanguage\":\"es\",\"potentialAction\":[{\"@type\":\"ReadAction\",\"target\":[\"https:\/\/www.kizeo-forms.com\/lat\/politica-de-confidencialidad\/\"]}]},{\"@type\":\"ImageObject\",\"inLanguage\":\"es\",\"@id\":\"https:\/\/www.kizeo-forms.com\/lat\/politica-de-confidencialidad\/#primaryimage\",\"url\":\"https:\/\/www.kizeo-forms.com\/app\/uploads\/sites\/17\/2024\/10\/5701.jpg\",\"contentUrl\":\"https:\/\/www.kizeo-forms.com\/app\/uploads\/sites\/17\/2024\/10\/5701.jpg\",\"width\":1000,\"height\":620},{\"@type\":\"BreadcrumbList\",\"@id\":\"https:\/\/www.kizeo-forms.com\/lat\/politica-de-confidencialidad\/#breadcrumb\",\"itemListElement\":[{\"@type\":\"ListItem\",\"position\":1,\"name\":\"Home\",\"item\":\"https:\/\/www.kizeo-forms.com\/lat\/\"},{\"@type\":\"ListItem\",\"position\":2,\"name\":\"Pol\u00edtica de confidencialidad\"}]},{\"@type\":\"WebSite\",\"@id\":\"https:\/\/www.kizeo-forms.com\/lat\/#website\",\"url\":\"https:\/\/www.kizeo-forms.com\/lat\/\",\"name\":\"Site LATAM\",\"description\":\"Kizeo Forms digitalise vos interventions terrain et documents\",\"potentialAction\":[{\"@type\":\"SearchAction\",\"target\":{\"@type\":\"EntryPoint\",\"urlTemplate\":\"https:\/\/www.kizeo-forms.com\/lat\/?s={search_term_string}\"},\"query-input\":{\"@type\":\"PropertyValueSpecification\",\"valueRequired\":true,\"valueName\":\"search_term_string\"}}],\"inLanguage\":\"es\"}]}<\/script>\n<!-- \/ Yoast SEO Premium plugin. -->","yoast_head_json":{"title":"Pol\u00edtica de confidencialidad - Site LATAM","robots":{"index":"index","follow":"follow","max-snippet":"max-snippet:-1","max-image-preview":"max-image-preview:large","max-video-preview":"max-video-preview:-1"},"canonical":"https:\/\/www.kizeo-forms.com\/lat\/politica-de-confidencialidad\/","og_locale":"es_ES","og_type":"article","og_title":"Pol\u00edtica de confidencialidad","og_url":"https:\/\/www.kizeo-forms.com\/lat\/politica-de-confidencialidad\/","og_site_name":"Site LATAM","article_modified_time":"2024-11-27T13:42:58+00:00","og_image":[{"width":1000,"height":620,"url":"https:\/\/www.kizeo-forms.com\/app\/uploads\/sites\/17\/2024\/10\/5701.jpg","type":"image\/jpeg"}],"twitter_card":"summary_large_image","schema":{"@context":"https:\/\/schema.org","@graph":[{"@type":"WebPage","@id":"https:\/\/www.kizeo-forms.com\/lat\/politica-de-confidencialidad\/","url":"https:\/\/www.kizeo-forms.com\/lat\/politica-de-confidencialidad\/","name":"Pol\u00edtica de confidencialidad - Site LATAM","isPartOf":{"@id":"https:\/\/www.kizeo-forms.com\/lat\/#website"},"primaryImageOfPage":{"@id":"https:\/\/www.kizeo-forms.com\/lat\/politica-de-confidencialidad\/#primaryimage"},"image":{"@id":"https:\/\/www.kizeo-forms.com\/lat\/politica-de-confidencialidad\/#primaryimage"},"thumbnailUrl":"https:\/\/www.kizeo-forms.com\/app\/uploads\/sites\/17\/2024\/10\/5701.jpg","datePublished":"2024-10-24T17:12:42+00:00","dateModified":"2024-11-27T13:42:58+00:00","breadcrumb":{"@id":"https:\/\/www.kizeo-forms.com\/lat\/politica-de-confidencialidad\/#breadcrumb"},"inLanguage":"es","potentialAction":[{"@type":"ReadAction","target":["https:\/\/www.kizeo-forms.com\/lat\/politica-de-confidencialidad\/"]}]},{"@type":"ImageObject","inLanguage":"es","@id":"https:\/\/www.kizeo-forms.com\/lat\/politica-de-confidencialidad\/#primaryimage","url":"https:\/\/www.kizeo-forms.com\/app\/uploads\/sites\/17\/2024\/10\/5701.jpg","contentUrl":"https:\/\/www.kizeo-forms.com\/app\/uploads\/sites\/17\/2024\/10\/5701.jpg","width":1000,"height":620},{"@type":"BreadcrumbList","@id":"https:\/\/www.kizeo-forms.com\/lat\/politica-de-confidencialidad\/#breadcrumb","itemListElement":[{"@type":"ListItem","position":1,"name":"Home","item":"https:\/\/www.kizeo-forms.com\/lat\/"},{"@type":"ListItem","position":2,"name":"Pol\u00edtica de confidencialidad"}]},{"@type":"WebSite","@id":"https:\/\/www.kizeo-forms.com\/lat\/#website","url":"https:\/\/www.kizeo-forms.com\/lat\/","name":"Site LATAM","description":"Kizeo Forms digitalise vos interventions terrain et documents","potentialAction":[{"@type":"SearchAction","target":{"@type":"EntryPoint","urlTemplate":"https:\/\/www.kizeo-forms.com\/lat\/?s={search_term_string}"},"query-input":{"@type":"PropertyValueSpecification","valueRequired":true,"valueName":"search_term_string"}}],"inLanguage":"es"}]}},"_links":{"self":[{"href":"https:\/\/www.kizeo-forms.com\/lat\/wp-json\/wp\/v2\/pages\/6170","targetHints":{"allow":["GET"]}}],"collection":[{"href":"https:\/\/www.kizeo-forms.com\/lat\/wp-json\/wp\/v2\/pages"}],"about":[{"href":"https:\/\/www.kizeo-forms.com\/lat\/wp-json\/wp\/v2\/types\/page"}],"author":[{"embeddable":true,"href":"https:\/\/www.kizeo-forms.com\/lat\/wp-json\/wp\/v2\/users\/5"}],"replies":[{"embeddable":true,"href":"https:\/\/www.kizeo-forms.com\/lat\/wp-json\/wp\/v2\/comments?post=6170"}],"version-history":[{"count":6,"href":"https:\/\/www.kizeo-forms.com\/lat\/wp-json\/wp\/v2\/pages\/6170\/revisions"}],"predecessor-version":[{"id":8970,"href":"https:\/\/www.kizeo-forms.com\/lat\/wp-json\/wp\/v2\/pages\/6170\/revisions\/8970"}],"wp:featuredmedia":[{"embeddable":true,"href":"https:\/\/www.kizeo-forms.com\/lat\/wp-json\/wp\/v2\/media\/6186"}],"wp:attachment":[{"href":"https:\/\/www.kizeo-forms.com\/lat\/wp-json\/wp\/v2\/media?parent=6170"}],"curies":[{"name":"wp","href":"https:\/\/api.w.org\/{rel}","templated":true}]}}