{"id":6195,"date":"2024-10-24T17:52:11","date_gmt":"2024-10-24T17:52:11","guid":{"rendered":"https:\/\/www.kizeo-forms.com\/lat\/?page_id=6195"},"modified":"2025-06-25T15:27:00","modified_gmt":"2025-06-25T15:27:00","slug":"servicios-comerciales","status":"publish","type":"page","link":"https:\/\/www.kizeo-forms.com\/lat\/servicios-comerciales\/","title":{"rendered":"Servicios comerciales"},"content":{"rendered":"<div class=\"banner-contact\">\n    <div class=\"wrapper\">\n        <div class=\"row\">\n            <div class=\"col-6\">\n                <div class=\"info\">\n                                            <h1 class=\"title-large text-anim\">\n                            <span class=\"text-anim__elem\">Servicios Kizeo Forms<\/span>\n                        <\/h1>\n                                                                <p class=\"title-small\">Tu puente hacia la transformaci\u00f3n digital <\/p>\n                                                                            <\/div>\n                            <\/div>\n            <div class=\"col-6\">\n                <div class=\"wrap-form\">\n                                        <div class=\"list-form\">\n                        <script>\n                             hbspt.forms.create({\r\n    portalId: \"9490190\",\r\n    formId: \"f9e216ce-1725-4552-9877-4c4f9c54d7bb\"\r\n  });                        <\/script>\n                        <script>\n                                                    <\/script>\n                    <\/div>\n                <\/div>\n            <\/div>\n        <\/div>\n        \n    <\/div>\n<\/div>\n\n<div class=\"wrap-editor\">\n    <div class=\"wrapper\">\n                    <h2 class=\"title-large\">Te ayudamos a alcanzar tus objetivos de digitalizaci\u00f3n de procesos<\/h2>\n                            <div class=\"editor\">\n                <p><strong>Si no sabes c\u00f3mo empezar a digitalizar tus procesos operativos o te falta el tiempo necesario<\/strong>\u00a0para implementar una herramienta de digitalizaci\u00f3n, tenemos la soluci\u00f3n para ti.<\/p>\n<p>Contrata cualquiera de nuestros servicios empresariales y nuestro equipo de asesores trabajar\u00e1n contigo en la creaci\u00f3n de formularios y\/o dashboards para facilitarte tu transformaci\u00f3n digital.<\/p>\n<p>&nbsp;<\/p>\n<div class=\"wpb_text_column wpb_content_element \">\n<div class=\"wpb_wrapper\">\n<h2><strong>Elije entre nuestros servicios empresariales de digitalizaci\u00f3n<\/strong><\/h2>\n<h2><strong>\u00a0<\/strong><\/h2>\n<\/div>\n<\/div>\n            <\/div>\n            <\/div>\n<\/div>\n\n<div class=\"number-list\">\n    <div class=\"wrapper\">\n                    <p class=\"tag\">Servicios<\/p>\n                <div class=\"list\">\n                                <div class=\"number-list__item\">\n                        <div class=\"info\">\n                                                            <h2 class=\"title-medium\">Proyecto de digitalizaci\u00f3n<\/h2>\n                                                                                        <div class=\"description editor\"><p>Incluye:<\/p>\n<ul>\n<li>Creaci\u00f3n de un formulario con un reporte personalizado<\/li>\n<li>Dise\u00f1o de escenarios de correos autom\u00e1ticos<\/li>\n<li>Creaci\u00f3n de flujos de trabajo<\/li>\n<li>Asesor\u00eda completa durante la digitalizaci\u00f3n del proceso<\/li>\n<\/ul>\n<p>\u2192 <a style=\"color: #55c96b\" href=\"https:\/\/meetings.hubspot.com\/luiz-selli\/latam-reunion-de-servicios?utm_source=site&amp;utm_medium=web&amp;utm_campaign=page_eslat_servicios&amp;uuid=3555b8dc-8afe-4e49-b7c0-932c4658cc13\"><strong>Agenda reuni\u00f3n para empezar<\/strong><\/a><\/p>\n<\/div>\n                                                    <\/div>\n                                                    <div class=\"image\">\n                                <picture>\n                                    <img decoding=\"async\" class=\"img\" src=\"https:\/\/www.kizeo-forms.com\/app\/uploads\/sites\/17\/2024\/08\/mockup_servicio_digitalizacion.svg\" alt=\"Proyecto de digitalizacin\">\n                                <\/picture>\n                            <\/div>\n                                                \n                    <\/div>\n                                <div class=\"number-list__item\">\n                        <div class=\"info\">\n                                                            <h2 class=\"title-medium\">Auditor\u00eda de procesos<\/h2>\n                                                                                        <div class=\"description editor\"><p>Incluye:<\/p>\n<ul>\n<li><span style=\"font-weight: 400\">An\u00e1lisis de las formas de trabajar con y sin Kizeo Forms: Identificaci\u00f3n de oportunidades de optimizaci\u00f3n.<\/span><\/li>\n<li><span style=\"font-weight: 400\">Entrevistas con administradores y usuarios de Kizeo Forms.<\/span><\/li>\n<li><span style=\"font-weight: 400\">An\u00e1lisis del uso de los datos: Identificaci\u00f3n de posibles integraciones y\/o creaci\u00f3n de Dashboards<\/span><\/li>\n<li><span style=\"font-weight: 400\">Reuni\u00f3n post auditor\u00eda: presentaci\u00f3n de las recomendaciones y acompa\u00f1amiento en su implementaci\u00f3n.<\/span><\/li>\n<li><span style=\"font-weight: 400\">Plan de acci\u00f3n con una carta Carta Gantt para la implementaci\u00f3n.<\/span><\/li>\n<\/ul>\n<p>\u2192 <a style=\"color: #55c96b\" href=\"https:\/\/meetings.hubspot.com\/luiz-selli\/latam-reunion-de-servicios?utm_source=site&amp;utm_medium=web&amp;utm_campaign=page_eslat_servicios&amp;uuid=3555b8dc-8afe-4e49-b7c0-932c4658cc13\"><strong>Agenda reuni\u00f3n para empezar<\/strong><\/a><\/p>\n<\/div>\n                                                    <\/div>\n                                                    <div class=\"image\">\n                                <picture>\n                                    <img decoding=\"async\" class=\"img\" src=\"https:\/\/www.kizeo-forms.com\/app\/uploads\/sites\/17\/2024\/08\/mockup_servicio_auditoria.svg\" alt=\"Auditora de procesos\">\n                                <\/picture>\n                            <\/div>\n                                                \n                    <\/div>\n                                <div class=\"number-list__item\">\n                        <div class=\"info\">\n                                                            <h2 class=\"title-medium\">Capacitaciones personalizadas<\/h2>\n                                                                                        <div class=\"description editor\"><p><span style=\"font-weight: 400\">Las capacitaciones son sesiones exclusivas con un experto de Kizeo Forms, dise\u00f1adas para que domines las funcionalidades m\u00e1s avanzadas. <\/p>\n<p>Temas posibles:<\/p>\n<ul>\n<li>Implementaci\u00f3n completa de Kizeo Forms<\/li>\n<li>Reportes personalizadas<\/li>\n<li>Listas externas<\/li>\n<li>Automatizaciones<\/li>\n<li>Integraciones<\/li>\n<\/ul>\n<p>\u2192 <a style=\"color: #55c96b\" href=\"https:\/\/meetings.hubspot.com\/luiz-selli\/latam-reunion-de-servicios?utm_source=site&amp;utm_medium=web&amp;utm_campaign=page_eslat_servicios&amp;uuid=3555b8dc-8afe-4e49-b7c0-932c4658cc13\"><strong>Agenda reuni\u00f3n para empezar<\/strong><\/a><\/p>\n<\/div>\n                                                    <\/div>\n                                                    <div class=\"image\">\n                                <picture>\n                                    <img decoding=\"async\" class=\"img\" src=\"https:\/\/www.kizeo-forms.com\/app\/uploads\/sites\/17\/2024\/11\/mockup_servicio_capacitaciones.svg\" alt=\"Capacitaciones personalizadas\">\n                                <\/picture>\n                            <\/div>\n                                                \n                    <\/div>\n                    <\/div>\n    <\/div>\n<\/div>\n\n<div class=\"wrap-editor\">\n    <div class=\"wrapper\">\n                    <h2 class=\"title-large\">\u00bfC\u00f3mo es el proceso de contrataci\u00f3n de los servicios de consultor\u00eda?<\/h2>\n                    <\/div>\n<\/div>\n\n<div class=\"dates\">\n    <div class=\"wrapper\">\n        <div class=\"dates__list\">\n                                <div class=\"dates__item\">\n                                                    <p class=\"year\">\n                                <span class=\"wrap-circle\">\n                                    <span class=\"circle\"><\/span><\/span>\n                                1                            <\/p>\n                                                                            <div class=\"description editor\">\n                                <div class=\"wpb_column vc_column_container vc_col-sm-4\">\n<div class=\"vc_column-inner\">\n<div class=\"wpb_wrapper\">\n<div class=\"wpb_text_column wpb_content_element \">\n<div class=\"wpb_wrapper\">\n<p>Agenda una reuni\u00f3n con uno de nuestros asesores en digitalizaci\u00f3n.<\/p>\n<\/div>\n<\/div>\n<\/div>\n<\/div>\n<\/div>\n                            <\/div>\n                                            <\/div>\n                                <div class=\"dates__item\">\n                                                    <p class=\"year\">\n                                <span class=\"wrap-circle\">\n                                    <span class=\"circle\"><\/span><\/span>\n                                2                            <\/p>\n                                                                            <div class=\"description editor\">\n                                <p>Nuestro equipo te entrega una cotizaci\u00f3n personalizada seg\u00fan el o los servicios que buscas.<\/p>\n                            <\/div>\n                                            <\/div>\n                                <div class=\"dates__item\">\n                                                    <p class=\"year\">\n                                <span class=\"wrap-circle\">\n                                    <span class=\"circle\"><\/span><\/span>\n                                3                            <\/p>\n                                                                            <div class=\"description editor\">\n                                <p>Se agenda el comienzo del servicio y el seguimiento posterior en el caso de las auditor\u00edas y las digitalizaciones de procesos.<\/p>\n                            <\/div>\n                                            <\/div>\n                    <\/div>\n    <\/div>\n<\/div>\n\n\n<div class=\"editor-image     has-iframe\n  \">\n    <div class=\"wrapper\">\n        <div class=\"row editor-image__content\">\n                            <div class=\"col-6\">\n                    <div class=\"wrap-editor\">\n                        <div class=\"editor\">\n                            <h2>\u00bfQu\u00e9 servicio buscas?<\/h2>\n<p>Nuestro equipo comercial est\u00e1 a tu disposici\u00f3n para ayudarte a digitalizar tus procesos. \u00a1No dudes en contactarnos!<\/p>\n                        <\/div>\n                    <\/div>\n                <\/div>\n                                        <div class=\"image col-6\">\n                    <script>\n                          hbspt.forms.create({\r\n    portalId: \"9490190\",\r\n    formId: \"252389fc-fa83-4391-8c84-d61e6a13ce4c\"\r\n  });\r\n\r\n                    <\/script>\n                <\/div>\n                    <\/div>\n    <\/div>\n<\/div>","protected":false},"excerpt":{"rendered":"","protected":false},"author":15,"featured_media":0,"parent":0,"menu_order":0,"comment_status":"closed","ping_status":"closed","template":"","meta":{"_acf_changed":false,"content-type":"","footnotes":""},"class_list":["post-6195","page","type-page","status-publish","hentry"],"acf":[],"yoast_head":"<!-- This site is optimized with the Yoast SEO Premium plugin v24.9 (Yoast SEO v24.9) - https:\/\/yoast.com\/wordpress\/plugins\/seo\/ -->\n<title>Servicios comerciales - Kizeo Forms<\/title>\n<meta name=\"description\" content=\"Descubre el programa de servicios de digitalizaci\u00f3n de Kizeo Forms. Acelera tu transici\u00f3n digital y obt\u00e9n resultados medibles. \u00a1Empieza hoy!\" \/>\n<meta name=\"robots\" content=\"index, follow, max-snippet:-1, max-image-preview:large, max-video-preview:-1\" \/>\n<link rel=\"canonical\" href=\"https:\/\/www.kizeo-forms.com\/lat\/servicios-comerciales\/\" \/>\n<meta property=\"og:locale\" content=\"es_ES\" \/>\n<meta property=\"og:type\" content=\"article\" \/>\n<meta property=\"og:title\" content=\"Servicios comerciales\" \/>\n<meta property=\"og:description\" content=\"Descubre el programa de servicios de digitalizaci\u00f3n de Kizeo Forms. Acelera tu transici\u00f3n digital y obt\u00e9n resultados medibles. \u00a1Empieza hoy!\" \/>\n<meta property=\"og:url\" content=\"https:\/\/www.kizeo-forms.com\/lat\/servicios-comerciales\/\" \/>\n<meta property=\"og:site_name\" content=\"Site LATAM\" \/>\n<meta property=\"article:modified_time\" content=\"2025-06-25T15:27:00+00:00\" \/>\n<meta name=\"twitter:card\" content=\"summary_large_image\" \/>\n<script type=\"application\/ld+json\" class=\"yoast-schema-graph\">{\"@context\":\"https:\/\/schema.org\",\"@graph\":[{\"@type\":\"WebPage\",\"@id\":\"https:\/\/www.kizeo-forms.com\/lat\/servicios-comerciales\/\",\"url\":\"https:\/\/www.kizeo-forms.com\/lat\/servicios-comerciales\/\",\"name\":\"Servicios comerciales - Kizeo Forms\",\"isPartOf\":{\"@id\":\"https:\/\/www.kizeo-forms.com\/lat\/#website\"},\"datePublished\":\"2024-10-24T17:52:11+00:00\",\"dateModified\":\"2025-06-25T15:27:00+00:00\",\"description\":\"Descubre el programa de servicios de digitalizaci\u00f3n de Kizeo Forms. Acelera tu transici\u00f3n digital y obt\u00e9n resultados medibles. \u00a1Empieza hoy!\",\"breadcrumb\":{\"@id\":\"https:\/\/www.kizeo-forms.com\/lat\/servicios-comerciales\/#breadcrumb\"},\"inLanguage\":\"es\",\"potentialAction\":[{\"@type\":\"ReadAction\",\"target\":[\"https:\/\/www.kizeo-forms.com\/lat\/servicios-comerciales\/\"]}]},{\"@type\":\"BreadcrumbList\",\"@id\":\"https:\/\/www.kizeo-forms.com\/lat\/servicios-comerciales\/#breadcrumb\",\"itemListElement\":[{\"@type\":\"ListItem\",\"position\":1,\"name\":\"Home\",\"item\":\"https:\/\/www.kizeo-forms.com\/lat\/\"},{\"@type\":\"ListItem\",\"position\":2,\"name\":\"Servicios comerciales\"}]},{\"@type\":\"WebSite\",\"@id\":\"https:\/\/www.kizeo-forms.com\/lat\/#website\",\"url\":\"https:\/\/www.kizeo-forms.com\/lat\/\",\"name\":\"Site LATAM\",\"description\":\"Kizeo Forms digitalise vos interventions terrain et documents\",\"potentialAction\":[{\"@type\":\"SearchAction\",\"target\":{\"@type\":\"EntryPoint\",\"urlTemplate\":\"https:\/\/www.kizeo-forms.com\/lat\/?s={search_term_string}\"},\"query-input\":{\"@type\":\"PropertyValueSpecification\",\"valueRequired\":true,\"valueName\":\"search_term_string\"}}],\"inLanguage\":\"es\"}]}<\/script>\n<!-- \/ Yoast SEO Premium plugin. -->","yoast_head_json":{"title":"Servicios comerciales - Kizeo Forms","description":"Descubre el programa de servicios de digitalizaci\u00f3n de Kizeo Forms. Acelera tu transici\u00f3n digital y obt\u00e9n resultados medibles. \u00a1Empieza hoy!","robots":{"index":"index","follow":"follow","max-snippet":"max-snippet:-1","max-image-preview":"max-image-preview:large","max-video-preview":"max-video-preview:-1"},"canonical":"https:\/\/www.kizeo-forms.com\/lat\/servicios-comerciales\/","og_locale":"es_ES","og_type":"article","og_title":"Servicios comerciales","og_description":"Descubre el programa de servicios de digitalizaci\u00f3n de Kizeo Forms. Acelera tu transici\u00f3n digital y obt\u00e9n resultados medibles. \u00a1Empieza hoy!","og_url":"https:\/\/www.kizeo-forms.com\/lat\/servicios-comerciales\/","og_site_name":"Site LATAM","article_modified_time":"2025-06-25T15:27:00+00:00","twitter_card":"summary_large_image","schema":{"@context":"https:\/\/schema.org","@graph":[{"@type":"WebPage","@id":"https:\/\/www.kizeo-forms.com\/lat\/servicios-comerciales\/","url":"https:\/\/www.kizeo-forms.com\/lat\/servicios-comerciales\/","name":"Servicios comerciales - Kizeo Forms","isPartOf":{"@id":"https:\/\/www.kizeo-forms.com\/lat\/#website"},"datePublished":"2024-10-24T17:52:11+00:00","dateModified":"2025-06-25T15:27:00+00:00","description":"Descubre el programa de servicios de digitalizaci\u00f3n de Kizeo Forms. Acelera tu transici\u00f3n digital y obt\u00e9n resultados medibles. \u00a1Empieza hoy!","breadcrumb":{"@id":"https:\/\/www.kizeo-forms.com\/lat\/servicios-comerciales\/#breadcrumb"},"inLanguage":"es","potentialAction":[{"@type":"ReadAction","target":["https:\/\/www.kizeo-forms.com\/lat\/servicios-comerciales\/"]}]},{"@type":"BreadcrumbList","@id":"https:\/\/www.kizeo-forms.com\/lat\/servicios-comerciales\/#breadcrumb","itemListElement":[{"@type":"ListItem","position":1,"name":"Home","item":"https:\/\/www.kizeo-forms.com\/lat\/"},{"@type":"ListItem","position":2,"name":"Servicios comerciales"}]},{"@type":"WebSite","@id":"https:\/\/www.kizeo-forms.com\/lat\/#website","url":"https:\/\/www.kizeo-forms.com\/lat\/","name":"Site LATAM","description":"Kizeo Forms digitalise vos interventions terrain et documents","potentialAction":[{"@type":"SearchAction","target":{"@type":"EntryPoint","urlTemplate":"https:\/\/www.kizeo-forms.com\/lat\/?s={search_term_string}"},"query-input":{"@type":"PropertyValueSpecification","valueRequired":true,"valueName":"search_term_string"}}],"inLanguage":"es"}]}},"_links":{"self":[{"href":"https:\/\/www.kizeo-forms.com\/lat\/wp-json\/wp\/v2\/pages\/6195","targetHints":{"allow":["GET"]}}],"collection":[{"href":"https:\/\/www.kizeo-forms.com\/lat\/wp-json\/wp\/v2\/pages"}],"about":[{"href":"https:\/\/www.kizeo-forms.com\/lat\/wp-json\/wp\/v2\/types\/page"}],"author":[{"embeddable":true,"href":"https:\/\/www.kizeo-forms.com\/lat\/wp-json\/wp\/v2\/users\/15"}],"replies":[{"embeddable":true,"href":"https:\/\/www.kizeo-forms.com\/lat\/wp-json\/wp\/v2\/comments?post=6195"}],"version-history":[{"count":17,"href":"https:\/\/www.kizeo-forms.com\/lat\/wp-json\/wp\/v2\/pages\/6195\/revisions"}],"predecessor-version":[{"id":10041,"href":"https:\/\/www.kizeo-forms.com\/lat\/wp-json\/wp\/v2\/pages\/6195\/revisions\/10041"}],"wp:attachment":[{"href":"https:\/\/www.kizeo-forms.com\/lat\/wp-json\/wp\/v2\/media?parent=6195"}],"curies":[{"name":"wp","href":"https:\/\/api.w.org\/{rel}","templated":true}]}}